{"id":11042,"date":"2025-05-26T09:16:32","date_gmt":"2025-05-26T07:16:32","guid":{"rendered":"https:\/\/casa.org.mx\/?page_id=11042"},"modified":"2025-05-28T21:59:01","modified_gmt":"2025-05-28T19:59:01","slug":"hacia-una-norma-oficial-de-lectura","status":"publish","type":"page","link":"https:\/\/casa.org.mx\/en\/programas\/bibliotecas\/hacia-una-norma-oficial-de-lectura\/","title":{"rendered":"Hacia una Norma Oficial de Lectura"},"content":{"rendered":"<div class=\"wp-block-group has-border-color has-cyan-bluish-gray-border-color has-background is-layout-constrained wp-block-group-is-layout-constrained\" style=\"border-width:1px;background-color:#fff2ed\">\n<h2 class=\"wp-block-heading has-text-align-center\">Towards an Official Standard for the Promotion of Reading:<br>Public Policy<\/h2>\n<\/div>\n\n\n\n<div class=\"wp-block-media-text is-stacked-on-mobile has-border-color has-cyan-bluish-gray-border-color has-background\" style=\"border-width:1px;background-color:#fff2ed\"><figure class=\"wp-block-media-text__media\"><img fetchpriority=\"high\" decoding=\"async\" width=\"1024\" height=\"1024\" src=\"https:\/\/casa.org.mx\/wp-content\/uploads\/2025\/05\/envato-labs-ai-0b72e714-b6c5-45f6-afb3-1ddfdf4423ab.jpg\" alt=\"\" class=\"wp-image-11126 size-full\" srcset=\"https:\/\/casa.org.mx\/wp-content\/uploads\/2025\/05\/envato-labs-ai-0b72e714-b6c5-45f6-afb3-1ddfdf4423ab.jpg 1024w, https:\/\/casa.org.mx\/wp-content\/uploads\/2025\/05\/envato-labs-ai-0b72e714-b6c5-45f6-afb3-1ddfdf4423ab-300x300.jpg 300w, https:\/\/casa.org.mx\/wp-content\/uploads\/2025\/05\/envato-labs-ai-0b72e714-b6c5-45f6-afb3-1ddfdf4423ab-150x150.jpg 150w, https:\/\/casa.org.mx\/wp-content\/uploads\/2025\/05\/envato-labs-ai-0b72e714-b6c5-45f6-afb3-1ddfdf4423ab-768x768.jpg 768w, https:\/\/casa.org.mx\/wp-content\/uploads\/2025\/05\/envato-labs-ai-0b72e714-b6c5-45f6-afb3-1ddfdf4423ab-12x12.jpg 12w\" sizes=\"(max-width: 1024px) 100vw, 1024px\" \/><\/figure><div class=\"wp-block-media-text__content\">\n<p>In Mexico, access to reading and culture remains a challenge. Despite advances in education, millions of people still lack adequate spaces for developing reading habits. CASA AC, with its unique and innovative model, has transformed communities through its four lines of action: Rosario Castellanos Public Library, Street Libraries, Mobile Library, and the Growing Among Stories Reading Program.<\/p>\n<\/div><\/div>\n\n\n\n<div class=\"wp-block-group has-background is-vertical is-layout-flex wp-container-core-group-is-layout-fe9cc265 wp-block-group-is-layout-flex\" style=\"background-color:#fff2ed\">\n<p>Our approach is not only to bring books, but <strong>promote a true reading culture<\/strong> permeates all generations, especially the younger ones, making this tool a driving force for social and community development. By aligning ourselves with Mexico&#039;s key laws and reforms, we are advancing a model of cultural inclusion that responds to the country&#039;s current needs.<\/p>\n\n\n\n<p><strong>Official reading standard<\/strong><br>Currently, Mexico does not have an official standard that guarantees universal access to reading from early childhood. At CASA AC, we propose the creation of an Official Mexican Standard (NOM) that would integrate the Growing with Stories model into all IMSS daycare centers, ensuring that reading becomes a right from the earliest years of life.<\/p>\n<\/div>\n\n\n\n<div class=\"wp-block-media-text has-media-on-the-right is-stacked-on-mobile has-border-color has-cyan-bluish-gray-border-color has-background\" style=\"border-width:1px;background-color:#fff2ed\"><div class=\"wp-block-media-text__content\">\n<p>Our program demonstrates that early access to reading improves children&#039;s cognitive, emotional, and social development, laying the foundation for a stronger education. We promote this model at the government level so it can be replicated throughout the country.<\/p>\n<\/div><figure class=\"wp-block-media-text__media\"><img decoding=\"async\" width=\"1024\" height=\"768\" src=\"https:\/\/casa.org.mx\/wp-content\/uploads\/2025\/05\/WhatsApp-Image-2025-02-27-at-12.40.53-2-1024x768.jpeg\" alt=\"\" class=\"wp-image-10934 size-full\" srcset=\"https:\/\/casa.org.mx\/wp-content\/uploads\/2025\/05\/WhatsApp-Image-2025-02-27-at-12.40.53-2-1024x768.jpeg 1024w, https:\/\/casa.org.mx\/wp-content\/uploads\/2025\/05\/WhatsApp-Image-2025-02-27-at-12.40.53-2-300x225.jpeg 300w, https:\/\/casa.org.mx\/wp-content\/uploads\/2025\/05\/WhatsApp-Image-2025-02-27-at-12.40.53-2-768x576.jpeg 768w, https:\/\/casa.org.mx\/wp-content\/uploads\/2025\/05\/WhatsApp-Image-2025-02-27-at-12.40.53-2-16x12.jpeg 16w, https:\/\/casa.org.mx\/wp-content\/uploads\/2025\/05\/WhatsApp-Image-2025-02-27-at-12.40.53-2.jpeg 1280w\" sizes=\"(max-width: 1024px) 100vw, 1024px\" \/><\/figure><\/div>","protected":false},"excerpt":{"rendered":"<p>Hacia una Norma Oficial de Fomento a la Lectura:Politica P\u00fablica En M\u00e9xico, el acceso a la lectura y la cultura sigue siendo un desaf\u00edo. A pesar de los avances en educaci\u00f3n, millones de personas a\u00fan carecen de espacios adecuados para el desarrollo del h\u00e1bito lector. CASA A.C., con su modelo \u00fanico e innovador, ha logrado [&hellip;]<\/p>","protected":false},"author":6,"featured_media":0,"parent":10908,"menu_order":0,"comment_status":"closed","ping_status":"closed","template":"","meta":{"give_campaign_id":0,"_joinchat":[],"footnotes":""},"class_list":["post-11042","page","type-page","status-publish","hentry"],"blocksy_meta":{"has_hero_section":"disabled","background":{"background_type":"image","background_pattern":"type-1","background_image":{"attachment_id":10625,"x":0,"y":0,"url":"https:\/\/casa.org.mx\/wp-content\/uploads\/2025\/03\/360_F_747872866_je0eDEtSaIPy6QntTjQ65HRcGK34pUeA-300x131.jpg"},"gradient":"linear-gradient(135deg,rgba(6,147,227,1) 0%,rgb(155,81,224) 100%)","background_repeat":"repeat","background_size":"auto","background_attachment":"scroll","patternColor":{"default":{"color":"#e5e7ea"}},"overlayColor":{"default":{"color":"CT_CSS_SKIP_RULE"}},"backgroundColor":{"default":{"color":"#ffffff"}}},"styles_descriptor":{"styles":{"desktop":"[data-prefix=\"single_page\"] {background-position:0% 0%;background-color:#ffffff;background-image:url(https:\/\/casa.org.mx\/wp-content\/uploads\/2025\/03\/360_F_747872866_je0eDEtSaIPy6QntTjQ65HRcGK34pUeA.jpg);}","tablet":"","mobile":""},"google_fonts":[],"version":6}},"campaignId":"","_links":{"self":[{"href":"https:\/\/casa.org.mx\/en\/wp-json\/wp\/v2\/pages\/11042","targetHints":{"allow":["GET"]}}],"collection":[{"href":"https:\/\/casa.org.mx\/en\/wp-json\/wp\/v2\/pages"}],"about":[{"href":"https:\/\/casa.org.mx\/en\/wp-json\/wp\/v2\/types\/page"}],"author":[{"embeddable":true,"href":"https:\/\/casa.org.mx\/en\/wp-json\/wp\/v2\/users\/6"}],"replies":[{"embeddable":true,"href":"https:\/\/casa.org.mx\/en\/wp-json\/wp\/v2\/comments?post=11042"}],"version-history":[{"count":5,"href":"https:\/\/casa.org.mx\/en\/wp-json\/wp\/v2\/pages\/11042\/revisions"}],"predecessor-version":[{"id":11128,"href":"https:\/\/casa.org.mx\/en\/wp-json\/wp\/v2\/pages\/11042\/revisions\/11128"}],"up":[{"embeddable":true,"href":"https:\/\/casa.org.mx\/en\/wp-json\/wp\/v2\/pages\/10908"}],"wp:attachment":[{"href":"https:\/\/casa.org.mx\/en\/wp-json\/wp\/v2\/media?parent=11042"}],"curies":[{"name":"wp","href":"https:\/\/api.w.org\/{rel}","templated":true}]}}