{"id":11052,"date":"2025-05-26T09:32:38","date_gmt":"2025-05-26T07:32:38","guid":{"rendered":"https:\/\/casa.org.mx\/?page_id=11052"},"modified":"2025-05-28T21:53:27","modified_gmt":"2025-05-28T19:53:27","slug":"servicios-de-extension-bibliotecaria","status":"publish","type":"page","link":"https:\/\/casa.org.mx\/en\/programas\/bibliotecas\/servicios-de-extension-bibliotecaria\/","title":{"rendered":"Library Extension Services"},"content":{"rendered":"<div class=\"wp-block-group has-border-color has-cyan-bluish-gray-border-color has-background is-layout-constrained wp-block-group-is-layout-constrained\" style=\"border-width:1px;background-color:#edfffb\">\n<h2 class=\"wp-block-heading has-text-align-center\">Library Extension Services<\/h2>\n<\/div>\n\n\n\n<div class=\"wp-block-media-text is-stacked-on-mobile has-border-color has-cyan-bluish-gray-border-color has-background\" style=\"border-width:1px;background-color:#edfffb\"><figure class=\"wp-block-media-text__media\"><img fetchpriority=\"high\" decoding=\"async\" width=\"565\" height=\"466\" src=\"https:\/\/casa.org.mx\/wp-content\/uploads\/2025\/05\/WhatsApp-Image-2025-05-27-at-23.12.16.jpeg\" alt=\"\" class=\"wp-image-11091 size-full\" srcset=\"https:\/\/casa.org.mx\/wp-content\/uploads\/2025\/05\/WhatsApp-Image-2025-05-27-at-23.12.16.jpeg 565w, https:\/\/casa.org.mx\/wp-content\/uploads\/2025\/05\/WhatsApp-Image-2025-05-27-at-23.12.16-300x247.jpeg 300w, https:\/\/casa.org.mx\/wp-content\/uploads\/2025\/05\/WhatsApp-Image-2025-05-27-at-23.12.16-15x12.jpeg 15w\" sizes=\"(max-width: 565px) 100vw, 565px\" \/><\/figure><div class=\"wp-block-media-text__content\">\n<p><strong>Cultural Spaces and Workshops:<\/strong> We organize a variety of cultural events and educational workshops, from creative activities for children to continuing education programs for adults, promoting cultural and educational inclusion.<\/p>\n\n\n\n<p><strong>Film screenings:<\/strong> We facilitate the screening of educational and cultural films at our facilities, offering a visual learning experience for all audiences.<\/p>\n<\/div><\/div>\n\n\n\n<div class=\"wp-block-group has-border-color has-cyan-bluish-gray-border-color has-background is-vertical is-layout-flex wp-container-core-group-is-layout-fe9cc265 wp-block-group-is-layout-flex\" style=\"border-width:1px;background-color:#edfffb\">\n<p><strong>Sound Library (coming soon to La C\u00fapula):<\/strong> A space dedicated to the exploration of sound and music through vinyl. It will feature a curated collection of records, from music of different genres and eras to audio documentaries. It will also have listening stations and areas to enjoy the richness of analog sound. Experience vinyl and sound culture!<\/p>\n<\/div>\n\n\n\n<div class=\"wp-block-media-text has-media-on-the-right is-stacked-on-mobile has-border-color has-cyan-bluish-gray-border-color has-background\" style=\"border-width:1px;background-color:#edfffb\"><div class=\"wp-block-media-text__content\">\n<p><strong>Exhibition area:<\/strong> A space for the exhibition of works of art, photographs, and other cultural projects that enrich the educational and cultural landscape of the community.<\/p>\n\n\n\n<p><strong>Electronic media room:<\/strong> We offer access to electronic equipment and multimedia resources to enhance the learning experience, ranging from computers to devices for interactive projects.<\/p>\n\n\n\n<p><strong>Photocopied:<\/strong> Users can photocopy material of educational or personal interest, making it easy to reproduce texts and resources without having to travel to other locations.<\/p>\n<\/div><figure class=\"wp-block-media-text__media\"><img decoding=\"async\" width=\"652\" height=\"465\" src=\"https:\/\/casa.org.mx\/wp-content\/uploads\/2025\/05\/WhatsApp-Image-2025-05-27-at-23.12.34.jpeg\" alt=\"\" class=\"wp-image-11092 size-full\" srcset=\"https:\/\/casa.org.mx\/wp-content\/uploads\/2025\/05\/WhatsApp-Image-2025-05-27-at-23.12.34.jpeg 652w, https:\/\/casa.org.mx\/wp-content\/uploads\/2025\/05\/WhatsApp-Image-2025-05-27-at-23.12.34-300x214.jpeg 300w, https:\/\/casa.org.mx\/wp-content\/uploads\/2025\/05\/WhatsApp-Image-2025-05-27-at-23.12.34-18x12.jpeg 18w\" sizes=\"(max-width: 652px) 100vw, 652px\" \/><\/figure><\/div>\n\n\n\n<p><\/p>","protected":false},"excerpt":{"rendered":"<p>Servicios de Extensi\u00f3n Bibliotecaria Espacios culturales y Talleres: Organizamos una variedad de eventos culturales y talleres educativos, desde actividades creativas para ni\u00f1os hasta programas de formaci\u00f3n continua para adultos, promoviendo la inclusi\u00f3n cultural y educativa. Proyecciones de pel\u00edculas: Facilitamos la proyecci\u00f3n de pel\u00edculas educativas y culturales en nuestras instalaciones, ofreciendo una experiencia de aprendizaje visual [&hellip;]<\/p>","protected":false},"author":6,"featured_media":0,"parent":10908,"menu_order":0,"comment_status":"closed","ping_status":"closed","template":"","meta":{"give_campaign_id":0,"_joinchat":[],"footnotes":""},"class_list":["post-11052","page","type-page","status-publish","hentry"],"blocksy_meta":{"has_hero_section":"disabled","background":{"background_type":"image","background_pattern":"type-1","background_image":{"attachment_id":10625,"x":0,"y":0,"url":"https:\/\/casa.org.mx\/wp-content\/uploads\/2025\/03\/360_F_747872866_je0eDEtSaIPy6QntTjQ65HRcGK34pUeA-300x131.jpg"},"gradient":"linear-gradient(135deg,rgba(6,147,227,1) 0%,rgb(155,81,224) 100%)","background_repeat":"repeat","background_size":"auto","background_attachment":"scroll","patternColor":{"default":{"color":"#e5e7ea"}},"overlayColor":{"default":{"color":"CT_CSS_SKIP_RULE"}},"backgroundColor":{"default":{"color":"#ffffff"}}},"styles_descriptor":{"styles":{"desktop":"[data-prefix=\"single_page\"] {background-position:0% 0%;background-color:#ffffff;background-image:url(https:\/\/casa.org.mx\/wp-content\/uploads\/2025\/03\/360_F_747872866_je0eDEtSaIPy6QntTjQ65HRcGK34pUeA.jpg);}","tablet":"","mobile":""},"google_fonts":[],"version":6}},"campaignId":"","_links":{"self":[{"href":"https:\/\/casa.org.mx\/en\/wp-json\/wp\/v2\/pages\/11052","targetHints":{"allow":["GET"]}}],"collection":[{"href":"https:\/\/casa.org.mx\/en\/wp-json\/wp\/v2\/pages"}],"about":[{"href":"https:\/\/casa.org.mx\/en\/wp-json\/wp\/v2\/types\/page"}],"author":[{"embeddable":true,"href":"https:\/\/casa.org.mx\/en\/wp-json\/wp\/v2\/users\/6"}],"replies":[{"embeddable":true,"href":"https:\/\/casa.org.mx\/en\/wp-json\/wp\/v2\/comments?post=11052"}],"version-history":[{"count":3,"href":"https:\/\/casa.org.mx\/en\/wp-json\/wp\/v2\/pages\/11052\/revisions"}],"predecessor-version":[{"id":11093,"href":"https:\/\/casa.org.mx\/en\/wp-json\/wp\/v2\/pages\/11052\/revisions\/11093"}],"up":[{"embeddable":true,"href":"https:\/\/casa.org.mx\/en\/wp-json\/wp\/v2\/pages\/10908"}],"wp:attachment":[{"href":"https:\/\/casa.org.mx\/en\/wp-json\/wp\/v2\/media?parent=11052"}],"curies":[{"name":"wp","href":"https:\/\/api.w.org\/{rel}","templated":true}]}}