{"id":267,"date":"2025-02-21T14:32:08","date_gmt":"2025-02-21T13:32:08","guid":{"rendered":"https:\/\/casa.org.mx\/?page_id=267"},"modified":"2025-03-10T22:31:51","modified_gmt":"2025-03-10T21:31:51","slug":"campus-virtual","status":"publish","type":"page","link":"https:\/\/casa.org.mx\/en\/campus-virtual\/","title":{"rendered":"Virtual Campus"},"content":{"rendered":"<div class=\"wp-block-media-text is-stacked-on-mobile has-border-color has-vivid-cyan-blue-border-color has-background\" style=\"border-style:dotted;background-color:#ecfafe;padding-top:var(--wp--preset--spacing--50);padding-bottom:var(--wp--preset--spacing--50);grid-template-columns:35% auto\"><figure class=\"wp-block-media-text__media\"><img fetchpriority=\"high\" decoding=\"async\" width=\"1024\" height=\"700\" src=\"https:\/\/casa.org.mx\/wp-content\/uploads\/2025\/02\/f8953c3e-23ef-4bea-83b7-ca431dea2cf0-1024x700.webp\" alt=\"\" class=\"wp-image-425 size-full\" srcset=\"https:\/\/casa.org.mx\/wp-content\/uploads\/2025\/02\/f8953c3e-23ef-4bea-83b7-ca431dea2cf0-1024x700.webp 1024w, https:\/\/casa.org.mx\/wp-content\/uploads\/2025\/02\/f8953c3e-23ef-4bea-83b7-ca431dea2cf0-300x205.webp 300w, https:\/\/casa.org.mx\/wp-content\/uploads\/2025\/02\/f8953c3e-23ef-4bea-83b7-ca431dea2cf0-768x525.webp 768w, https:\/\/casa.org.mx\/wp-content\/uploads\/2025\/02\/f8953c3e-23ef-4bea-83b7-ca431dea2cf0-1536x1050.webp 1536w, https:\/\/casa.org.mx\/wp-content\/uploads\/2025\/02\/f8953c3e-23ef-4bea-83b7-ca431dea2cf0-2048x1400.webp 2048w, https:\/\/casa.org.mx\/wp-content\/uploads\/2025\/02\/f8953c3e-23ef-4bea-83b7-ca431dea2cf0-18x12.webp 18w\" sizes=\"(max-width: 1024px) 100vw, 1024px\" \/><\/figure><div class=\"wp-block-media-text__content\">\n<h1 class=\"wp-block-heading has-x-large-font-size\">Virtual Campus<\/h1>\n\n\n\n<p>A free and open platform for everyone who wants to learn about sexual health and midwifery.<\/p>\n\n\n\n<div class=\"wp-block-buttons is-layout-flex wp-block-buttons-is-layout-flex\">\n<div class=\"wp-block-button\"><a class=\"wp-block-button__link wp-element-button\" href=\"https:\/\/lms.casa.org.mx\/\">Get into<\/a><\/div>\n\n\n\n<div class=\"wp-block-button is-style-outline is-style-outline--1\"><a class=\"wp-block-button__link wp-element-button\" href=\"https:\/\/lms.casa.org.mx\/main\/auth\/inscription.php\">Register<\/a><\/div>\n<\/div>\n<\/div><\/div>\n\n\n\n<div class=\"wp-block-media-text alignwide is-stacked-on-mobile has-border-color has-vivid-cyan-blue-border-color has-background\" style=\"border-style:dotted;background-color:#ecfafe\"><figure class=\"wp-block-media-text__media\"><img decoding=\"async\" width=\"1024\" height=\"683\" src=\"https:\/\/casa.org.mx\/wp-content\/uploads\/2025\/02\/MG_1074-scaled-1-1024x683.jpg\" alt=\"\" class=\"wp-image-451 size-full\" srcset=\"https:\/\/casa.org.mx\/wp-content\/uploads\/2025\/02\/MG_1074-scaled-1-1024x683.jpg 1024w, https:\/\/casa.org.mx\/wp-content\/uploads\/2025\/02\/MG_1074-scaled-1-300x200.jpg 300w, https:\/\/casa.org.mx\/wp-content\/uploads\/2025\/02\/MG_1074-scaled-1-768x512.jpg 768w, https:\/\/casa.org.mx\/wp-content\/uploads\/2025\/02\/MG_1074-scaled-1-1536x1024.jpg 1536w, https:\/\/casa.org.mx\/wp-content\/uploads\/2025\/02\/MG_1074-scaled-1-2048x1366.jpg 2048w, https:\/\/casa.org.mx\/wp-content\/uploads\/2025\/02\/MG_1074-scaled-1-18x12.jpg 18w\" sizes=\"(max-width: 1024px) 100vw, 1024px\" \/><\/figure><div class=\"wp-block-media-text__content\">\n<h3 class=\"wp-block-heading\">What is the Virtual Campus?<\/h3>\n\n\n\n<p>It is a free and open platform for the general public that began operating in September 2014 with the aim of improving public health skills and practices by leveraging and innovating in the use of information and communication technologies (ICTs).<\/p>\n\n\n\n<p>The course is approved by the National Center for Gender Equity and Reproductive Health (CNEGySR), the General Directorate of Health Quality and Education (DGCES) of the Ministry of Health, and the Pan American Health Organization (PAHO). It is available on the PAHO Virtual Campus for Public Health, Mexico Node.<\/p>\n<\/div><\/div>\n\n\n\n<div class=\"wp-block-media-text alignwide is-stacked-on-mobile has-border-color has-vivid-cyan-blue-border-color has-background\" style=\"border-style:dotted;background-color:#ecfafe\"><figure class=\"wp-block-media-text__media\"><img decoding=\"async\" width=\"1024\" height=\"576\" src=\"https:\/\/casa.org.mx\/wp-content\/uploads\/2025\/02\/Tlaquilpa-3-12-Sept-scaled-1-1024x576.jpg\" alt=\"\" class=\"wp-image-437 size-full\" srcset=\"https:\/\/casa.org.mx\/wp-content\/uploads\/2025\/02\/Tlaquilpa-3-12-Sept-scaled-1-1024x576.jpg 1024w, https:\/\/casa.org.mx\/wp-content\/uploads\/2025\/02\/Tlaquilpa-3-12-Sept-scaled-1-300x169.jpg 300w, https:\/\/casa.org.mx\/wp-content\/uploads\/2025\/02\/Tlaquilpa-3-12-Sept-scaled-1-768x432.jpg 768w, https:\/\/casa.org.mx\/wp-content\/uploads\/2025\/02\/Tlaquilpa-3-12-Sept-scaled-1-1536x864.jpg 1536w, https:\/\/casa.org.mx\/wp-content\/uploads\/2025\/02\/Tlaquilpa-3-12-Sept-scaled-1-2048x1152.jpg 2048w, https:\/\/casa.org.mx\/wp-content\/uploads\/2025\/02\/Tlaquilpa-3-12-Sept-scaled-1-18x10.jpg 18w\" sizes=\"(max-width: 1024px) 100vw, 1024px\" \/><\/figure><div class=\"wp-block-media-text__content\">\n<h3 class=\"wp-block-heading\">Aim<\/h3>\n\n\n\n<p>Promote professional midwifery through the use of virtual platforms and raise awareness among health providers about their roles and skills to ensure the inclusion of midwives in the interdisciplinary health team.<\/p>\n<\/div><\/div>\n\n\n\n<div class=\"wp-block-group is-layout-grid wp-container-core-group-is-layout-bcb8ac2c wp-block-group-is-layout-grid\">\n<div class=\"wp-block-group has-border-color has-vivid-cyan-blue-border-color has-background is-vertical is-layout-flex wp-container-core-group-is-layout-fe9cc265 wp-block-group-is-layout-flex\" style=\"border-style:dotted;background-color:#ecfafe;background-image:url(&apos;https:\/\/casa.org.mx\/wp-content\/uploads\/2025\/02\/envato-labs-image-edit-2.png&apos;);background-position:50% 100%;background-repeat:no-repeat;background-size:contain;\">\n<h3 class=\"wp-block-heading\">Target Audience<\/h3>\n\n\n\n<p>Health care providers and midwifery students within a human rights framework with an emphasis on reproductive justice.<\/p>\n\n\n\n<div style=\"height:125px\" aria-hidden=\"true\" class=\"wp-block-spacer wp-container-content-9793fdcb\"><\/div>\n<\/div>\n\n\n\n<div class=\"wp-block-group has-border-color has-vivid-cyan-blue-border-color has-background is-vertical is-layout-flex wp-container-core-group-is-layout-fe9cc265 wp-block-group-is-layout-flex\" style=\"border-style:dotted;background-color:#ecfafe;background-image:url(&apos;https:\/\/casa.org.mx\/wp-content\/uploads\/2025\/02\/envato-labs-image-edit-3.png&apos;);background-position:50% 100%;background-repeat:no-repeat;background-size:contain;\">\n<h3 class=\"wp-block-heading\">Regions<\/h3>\n\n\n\n<p>Oaxaca, Veracruz, Morelos, Michoac\u00e1n, Quer\u00e9taro, San Luis Potos\u00ed, Guanajuato and Guerrero<\/p>\n\n\n\n<div style=\"height:0px\" aria-hidden=\"true\" class=\"wp-block-spacer wp-container-content-6388d5dc\"><\/div>\n<\/div>\n\n\n\n<div class=\"wp-block-group has-border-color has-vivid-cyan-blue-border-color has-background is-vertical is-layout-flex wp-container-core-group-is-layout-fe9cc265 wp-block-group-is-layout-flex\" style=\"border-style:dotted;background-color:#ecfafe;background-image:url(&apos;https:\/\/casa.org.mx\/wp-content\/uploads\/2025\/02\/envato-labs-image-edit-4.png&apos;);background-position:50% 100%;background-repeat:no-repeat;background-size:contain;\">\n<h3 class=\"wp-block-heading\">Achievements<\/h3>\n\n\n\n<p>4,670 healthcare providers from different states have taken the Virtual Campus course in 2018, with personalized advice from midwives. <br>professionals.<\/p>\n<\/div>\n\n\n\n<div class=\"wp-block-group has-border-color has-vivid-cyan-blue-border-color has-background is-vertical is-layout-flex wp-container-core-group-is-layout-fe9cc265 wp-block-group-is-layout-flex\" style=\"border-style:dotted;background-color:#ecfafe;background-image:url(&apos;https:\/\/casa.org.mx\/wp-content\/uploads\/2025\/02\/envato-labs-image-edit-5.png&apos;);background-position:50% 100%;background-repeat:no-repeat;background-size:contain;\">\n<h3 class=\"wp-block-heading\">Progress in 2019<\/h3>\n\n\n\n<p>In 2019, the CASA Midwives in San Miguel de Allende enthusiastically welcomed a total of 68 professionals from the Ministry of Health.<\/p>\n\n\n\n<p><\/p>\n<\/div>\n<\/div>\n\n\n\n<div class=\"wp-block-group has-border-color has-vivid-cyan-blue-border-color has-background is-layout-constrained wp-block-group-is-layout-constrained\" style=\"border-style:dotted;background-color:#ecfafe\">\n<h2 class=\"wp-block-heading\">Testimonials<\/h2>\n\n\n\n<div class=\"wp-block-group is-layout-grid wp-container-core-group-is-layout-2931688a wp-block-group-is-layout-grid\">\n<figure class=\"wp-block-image size-large\"><img loading=\"lazy\" decoding=\"async\" width=\"1024\" height=\"682\" src=\"https:\/\/casa.org.mx\/wp-content\/uploads\/2025\/02\/image-1024x682.png\" alt=\"\" class=\"wp-image-453\" style=\"aspect-ratio:1;object-fit:cover\" srcset=\"https:\/\/casa.org.mx\/wp-content\/uploads\/2025\/02\/image-1024x682.png 1024w, https:\/\/casa.org.mx\/wp-content\/uploads\/2025\/02\/image-300x200.png 300w, https:\/\/casa.org.mx\/wp-content\/uploads\/2025\/02\/image-768x512.png 768w, https:\/\/casa.org.mx\/wp-content\/uploads\/2025\/02\/image-1536x1024.png 1536w, https:\/\/casa.org.mx\/wp-content\/uploads\/2025\/02\/image-18x12.png 18w, https:\/\/casa.org.mx\/wp-content\/uploads\/2025\/02\/image.png 2000w\" sizes=\"(max-width: 1024px) 100vw, 1024px\" \/><\/figure>\n\n\n\n<p class=\"has-white-background-color has-background\">\u201cI enjoyed the course and it encourages me to continue acquiring more knowledge to apply to my patients.\u201d<br><strong>Staff of the General Hospital of Axochiapan, Morelos<\/strong><\/p>\n\n\n\n<p class=\"has-white-background-color has-background\">&quot;Excellent information. Hospitals and health centers should provide good treatment for pregnant women, as well as good labor management for pregnant patients.&quot;<br><strong>Norma Laura Lambarri, general practitioner at Cadereyta General Hospital, Quer\u00e9taro<\/strong><\/p>\n\n\n\n<p class=\"has-white-background-color has-background\">\u201cI thank you for your skills, your patience in teaching, and for facilitating these learning sessions. Excellent day.\u201d<br><strong>Irma Res\u00e9ndiz, nurse at Cadereyta General Hospital<\/strong><\/p>\n\n\n\n<p class=\"has-white-background-color has-background\">\u201cI enjoyed the course and it encourages me to continue acquiring more knowledge to apply to my patients.\u201d<br><strong>Staff of the General Hospital of Axochiapan, Morelos<\/strong><\/p>\n\n\n\n<p class=\"has-white-background-color has-background\">&quot;Excellent information. Hospitals and health centers should provide good treatment for pregnant women, as well as good labor management for pregnant patients.&quot;<br><strong>Norma Laura Lambarri, general practitioner at Cadereyta General Hospital, Quer\u00e9taro<\/strong><\/p>\n<\/div>\n<\/div>\n\n\n\n<p><\/p>","protected":false},"excerpt":{"rendered":"<p>What is the Virtual Campus? It is a free and open platform for the general public that began operating in September 2014 with the purpose of improving public health skills and practices by leveraging and innovating in the use of information and communication technologies (ICTs). The course [\u2026]<\/p>","protected":false},"author":1,"featured_media":0,"parent":0,"menu_order":0,"comment_status":"closed","ping_status":"closed","template":"","meta":{"give_campaign_id":0,"_joinchat":[],"footnotes":""},"class_list":["post-267","page","type-page","status-publish","hentry"],"blocksy_meta":{"has_hero_section":"disabled","styles_descriptor":{"styles":{"desktop":"[data-prefix=\"single_page\"] {background-position:0% 0%;background-repeat:repeat-y;background-color:#ffffff;background-image:url(https:\/\/casa.org.mx\/wp-content\/uploads\/2025\/02\/abstract-banner-with-modern-pixel-design_1048-15764.avif);}","tablet":"","mobile":""},"google_fonts":[],"version":6},"background":{"background_type":"image","background_pattern":"type-1","background_image":{"attachment_id":431,"x":0,"y":0,"url":"https:\/\/casa.org.mx\/wp-content\/uploads\/2025\/02\/abstract-banner-with-modern-pixel-design_1048-15764.avif"},"gradient":"linear-gradient(135deg,rgba(6,147,227,1) 0%,rgb(155,81,224) 100%)","background_repeat":"repeat-y","background_size":"auto","background_attachment":"scroll","patternColor":{"default":{"color":"#e5e7ea"}},"overlayColor":{"default":{"color":"CT_CSS_SKIP_RULE"}},"backgroundColor":{"default":{"color":"#ffffff"}}}},"campaignId":"","_links":{"self":[{"href":"https:\/\/casa.org.mx\/en\/wp-json\/wp\/v2\/pages\/267","targetHints":{"allow":["GET"]}}],"collection":[{"href":"https:\/\/casa.org.mx\/en\/wp-json\/wp\/v2\/pages"}],"about":[{"href":"https:\/\/casa.org.mx\/en\/wp-json\/wp\/v2\/types\/page"}],"author":[{"embeddable":true,"href":"https:\/\/casa.org.mx\/en\/wp-json\/wp\/v2\/users\/1"}],"replies":[{"embeddable":true,"href":"https:\/\/casa.org.mx\/en\/wp-json\/wp\/v2\/comments?post=267"}],"version-history":[{"count":19,"href":"https:\/\/casa.org.mx\/en\/wp-json\/wp\/v2\/pages\/267\/revisions"}],"predecessor-version":[{"id":10740,"href":"https:\/\/casa.org.mx\/en\/wp-json\/wp\/v2\/pages\/267\/revisions\/10740"}],"wp:attachment":[{"href":"https:\/\/casa.org.mx\/en\/wp-json\/wp\/v2\/media?parent=267"}],"curies":[{"name":"wp","href":"https:\/\/api.w.org\/{rel}","templated":true}]}}