{"id":10638,"date":"2025-03-03T06:44:26","date_gmt":"2025-03-03T05:44:26","guid":{"rendered":"https:\/\/casa.org.mx\/?page_id=10638"},"modified":"2025-03-03T06:44:48","modified_gmt":"2025-03-03T05:44:48","slug":"conocenos","status":"publish","type":"page","link":"https:\/\/casa.org.mx\/es\/conocenos\/","title":{"rendered":"Con\u00f3cenos"},"content":{"rendered":"\n<div class=\"wp-block-group has-border-color has-cyan-bluish-gray-border-color has-background is-layout-constrained wp-block-group-is-layout-constrained\" style=\"border-width:1px;background-color:#ffedfa\">\n<div class=\"wp-block-group is-vertical is-content-justification-left is-layout-flex wp-container-core-group-is-layout-7666da4f wp-block-group-is-layout-flex\">\n<h2 class=\"wp-block-heading has-text-align-center\">\u00bfQu\u00e9 es CASA A.C.?<\/h2>\n\n\n\n<div class=\"wp-block-group is-layout-grid wp-container-core-group-is-layout-b757edec wp-block-group-is-layout-grid\">\n<p><strong>El Centro para los Adolescentes de San Miguel de Allende A.C.\u00a0<\/strong>(CASA) es una organizaci\u00f3n sin fines de lucro legalmente constituida en M\u00e9xico, que desde 1981 se ha dedicado a mejorar las condiciones de vida de la poblaci\u00f3n m\u00e1s vulnerable, mediante intervenciones en salud, educaci\u00f3n y cultura, promoviendo el respeto a los derechos humanos con una perspectiva de g\u00e9nero. <\/p>\n\n\n\n<p>Utilizando un modelo de joven a joven, se ha impactado las vidas de cientos de miles de personas y se ha abogado por pol\u00edticas p\u00fablicas para impulsar cambios estructurales.<\/p>\n<\/div>\n<\/div>\n<\/div>\n\n\n\n<div class=\"wp-block-group is-layout-grid wp-container-core-group-is-layout-2931688a wp-block-group-is-layout-grid\">\n<div class=\"wp-block-group has-border-color has-cyan-bluish-gray-border-color has-background is-vertical is-layout-flex wp-container-core-group-is-layout-fe9cc265 wp-block-group-is-layout-flex\" style=\"border-width:1px;background-color:#fff2ed\">\n<h3 class=\"wp-block-heading\"><strong><strong>Misi\u00f3n<\/strong><\/strong><\/h3>\n\n\n\n<p><strong>Contribuir con calidad y calidez a elevar las condiciones de vida de la poblaci\u00f3n m\u00e1s vulnerable<\/strong>, a trav\u00e9s de acciones en salud, educaci\u00f3n y cultura, promoviendo el desarrollo sustentable y el respeto a los derechos humanos con una perspectiva de g\u00e9nero.<\/p>\n<\/div>\n\n\n\n<div class=\"wp-block-group has-border-color has-cyan-bluish-gray-border-color has-background is-vertical is-layout-flex wp-container-core-group-is-layout-fe9cc265 wp-block-group-is-layout-flex\" style=\"border-width:1px;background-color:#edfffb\">\n<h3 class=\"wp-block-heading\"><strong><strong>Visi\u00f3n<\/strong><\/strong><\/h3>\n\n\n\n<p><strong>Fomentar el empoderamiento de las comunidades, con base a un modelo de salud, atenci\u00f3n y educaci\u00f3n proactivo<\/strong>\u00a0que sirva para el desarrollo de pol\u00edticas p\u00fablicas y la mejora de su calidad de vida.<\/p>\n<\/div>\n\n\n\n<div class=\"wp-block-group has-border-color has-cyan-bluish-gray-border-color has-background wp-container-content-9df8e368 is-vertical is-layout-flex wp-container-core-group-is-layout-fe9cc265 wp-block-group-is-layout-flex\" style=\"border-width:1px;background-color:#edf1ff\">\n<h3 class=\"wp-block-heading\"><strong>Valores<\/strong><\/h3>\n\n\n\n<ul class=\"wp-block-list\">\n<li>Respeto<\/li>\n\n\n\n<li>Responsabilidad<\/li>\n\n\n\n<li>Compromiso<\/li>\n\n\n\n<li>Igualdad<\/li>\n\n\n\n<li>Calidad<\/li>\n<\/ul>\n<\/div>\n<\/div>\n\n\n\n<p><\/p>\n","protected":false},"excerpt":{"rendered":"<p>\u00bfQu\u00e9 es CASA A.C.? El Centro para los Adolescentes de San Miguel de Allende A.C.\u00a0(CASA) es una organizaci\u00f3n sin fines de lucro legalmente constituida en M\u00e9xico, que desde 1981 se ha dedicado a mejorar las condiciones de vida de la poblaci\u00f3n m\u00e1s vulnerable, mediante intervenciones en salud, educaci\u00f3n y cultura, promoviendo el respeto a los [&hellip;]<\/p>\n","protected":false},"author":1,"featured_media":0,"parent":0,"menu_order":0,"comment_status":"closed","ping_status":"closed","template":"","meta":{"give_campaign_id":0,"_joinchat":[],"footnotes":""},"class_list":["post-10638","page","type-page","status-publish","hentry"],"blocksy_meta":{"has_hero_section":"disabled","background":{"background_type":"pattern","background_pattern":"type-5","background_image":{"attachment_id":null,"x":0,"y":0},"gradient":"linear-gradient(135deg,rgba(6,147,227,1) 0%,rgb(155,81,224) 100%)","background_repeat":"repeat","background_size":"auto","background_attachment":"scroll","patternColor":{"default":{"color":"#e5e7ea"}},"overlayColor":{"default":{"color":"CT_CSS_SKIP_RULE"}},"backgroundColor":{"default":{"color":"#ffffff"}}},"styles_descriptor":{"styles":{"desktop":"[data-prefix=\"single_page\"] {background-color:#ffffff;background-image:url(\"data:image\/svg+xml,%3Csvg width='20' height='20' viewBox='0 0 20 20' xmlns='http:\/\/www.w3.org\/2000\/svg'%3E%3Cg fill='%23e5e7ea' fill-opacity='1' fill-rule='evenodd'%3E%3Ccircle cx='3' cy='3' r='3'\/%3E%3Ccircle cx='13' cy='13' r='3'\/%3E%3C\/g%3E%3C\/svg%3E\");}","tablet":"","mobile":""},"google_fonts":[],"version":6}},"campaignId":"","_links":{"self":[{"href":"https:\/\/casa.org.mx\/es\/wp-json\/wp\/v2\/pages\/10638","targetHints":{"allow":["GET"]}}],"collection":[{"href":"https:\/\/casa.org.mx\/es\/wp-json\/wp\/v2\/pages"}],"about":[{"href":"https:\/\/casa.org.mx\/es\/wp-json\/wp\/v2\/types\/page"}],"author":[{"embeddable":true,"href":"https:\/\/casa.org.mx\/es\/wp-json\/wp\/v2\/users\/1"}],"replies":[{"embeddable":true,"href":"https:\/\/casa.org.mx\/es\/wp-json\/wp\/v2\/comments?post=10638"}],"version-history":[{"count":1,"href":"https:\/\/casa.org.mx\/es\/wp-json\/wp\/v2\/pages\/10638\/revisions"}],"predecessor-version":[{"id":10641,"href":"https:\/\/casa.org.mx\/es\/wp-json\/wp\/v2\/pages\/10638\/revisions\/10641"}],"wp:attachment":[{"href":"https:\/\/casa.org.mx\/es\/wp-json\/wp\/v2\/media?parent=10638"}],"curies":[{"name":"wp","href":"https:\/\/api.w.org\/{rel}","templated":true}]}}