{"id":10639,"date":"2025-03-03T06:44:18","date_gmt":"2025-03-03T05:44:18","guid":{"rendered":"https:\/\/casa.org.mx\/?page_id=10639"},"modified":"2025-03-03T06:44:18","modified_gmt":"2025-03-03T05:44:18","slug":"clinica-de-maternidad","status":"publish","type":"page","link":"https:\/\/casa.org.mx\/es\/clinica-de-maternidad\/","title":{"rendered":"Cl\u00ednica de Maternidad"},"content":{"rendered":"\n<h4 class=\"wp-block-heading\">Acerca de la Cl\u00ednica de Maternidad<\/h4>\n\n\n\n<p>La Cl\u00ednica de Maternidad de CASA, inaugurada en 1994, fue un espacio donde un equipo interdisciplinario de parteras tradicionales, parteras profesionales, enfermeras obstetras, m\u00e9dicos y especialistas trabajaron en conjunto para que las mujeres recibieran el mejor trato con dignidad y respeto. El objetivo principal fue brindar educaci\u00f3n formal y completa a las parteras tradicionales del \u00e1rea de San Miguel de Allende.<\/p>\n\n\n\n<h4 class=\"wp-block-heading\">Historia y logros<\/h4>\n\n\n\n<p>A lo largo de sus a\u00f1os de funcionamiento, la cl\u00ednica alcanz\u00f3 importantes logros:<\/p>\n\n\n\n<ul class=\"wp-block-list\">\n<li><strong>17 generaciones de parteras t\u00e9cnicas:<\/strong> 120 mujeres egresadas de 12 estados de la Rep\u00fablica Mexicana y 3 pa\u00edses.<\/li>\n\n\n\n<li><strong>M\u00e1s de 11,000 nacimientos:<\/strong> Con tasas de traslado inferiores al 4% y tasas de mortalidad, morbilidad materna y bajo peso al nacer menores al 1%.<\/li>\n\n\n\n<li><strong>Modelo de atenci\u00f3n de parter\u00eda:<\/strong> Eficaz y efectivo, reconocido por su calidad y calidez en la atenci\u00f3n.<\/li>\n<\/ul>\n\n\n\n<h4 class=\"wp-block-heading\">Servicios ofrecidos<\/h4>\n\n\n\n<p>Durante su funcionamiento, la cl\u00ednica ofreci\u00f3 los siguientes servicios:<\/p>\n\n\n\n<ul class=\"wp-block-list\">\n<li><strong>Control prenatal y consulta con partera<\/strong><\/li>\n\n\n\n<li><strong>Ultrasonidos y m\u00e9dico general<\/strong><\/li>\n\n\n\n<li><strong>Laboratorio de an\u00e1lisis cl\u00ednicos<\/strong><\/li>\n\n\n\n<li><strong>Consejer\u00eda, aplicaci\u00f3n y retiro de m\u00e9todos de planificaci\u00f3n familiar de larga duraci\u00f3n<\/strong><\/li>\n<\/ul>\n\n\n\n<h4 class=\"wp-block-heading\">Cierre de la Cl\u00ednica<\/h4>\n\n\n\n<p>En febrero de 2024, se tom\u00f3 la decisi\u00f3n de cerrar la Cl\u00ednica de Maternidad de CASA para reorganizar sus operaciones. El 29 de febrero de 2024 fue el \u00faltimo d\u00eda de operaciones y actividades en la cl\u00ednica.<\/p>\n\n\n\n<h4 class=\"wp-block-heading\">Servicios actuales<\/h4>\n\n\n\n<p>A partir de abril de 2024, los servicios de atenci\u00f3n primaria se trasladaron al Centro Comunitario de CASA, donde se contin\u00faan ofreciendo:<\/p>\n\n\n\n<ul class=\"wp-block-list\">\n<li>Control prenatal y consulta con partera.<\/li>\n\n\n\n<li>Ultrasonidos y m\u00e9dico general.<\/li>\n\n\n\n<li>Laboratorio de an\u00e1lisis cl\u00ednicos.<\/li>\n\n\n\n<li>Consejer\u00eda, aplicaci\u00f3n y retiro de m\u00e9todos de planificaci\u00f3n familiar de larga duraci\u00f3n.<\/li>\n<\/ul>\n\n\n\n<h4 class=\"wp-block-heading\">Contacto<\/h4>\n\n\n\n<p><strong>Direcci\u00f3n:<\/strong> Santa Julia #15, Col. Santa Julia, San Miguel de Allende, Guanajuato <strong>Correo:<\/strong> recepcionhospital@respaldo.casa.org.mx <strong>Tel\u00e9fono:<\/strong> (415) 152 6181<\/p>\n","protected":false},"excerpt":{"rendered":"<p>Acerca de la Cl\u00ednica de Maternidad La Cl\u00ednica de Maternidad de CASA, inaugurada en 1994, fue un espacio donde un equipo interdisciplinario de parteras tradicionales, parteras profesionales, enfermeras obstetras, m\u00e9dicos y especialistas trabajaron en conjunto para que las mujeres recibieran el mejor trato con dignidad y respeto. El objetivo principal fue brindar educaci\u00f3n formal y [&hellip;]<\/p>\n","protected":false},"author":1,"featured_media":0,"parent":0,"menu_order":0,"comment_status":"closed","ping_status":"closed","template":"","meta":{"give_campaign_id":0,"_joinchat":[],"footnotes":""},"class_list":["post-10639","page","type-page","status-publish","hentry"],"blocksy_meta":[],"campaignId":"","_links":{"self":[{"href":"https:\/\/casa.org.mx\/es\/wp-json\/wp\/v2\/pages\/10639","targetHints":{"allow":["GET"]}}],"collection":[{"href":"https:\/\/casa.org.mx\/es\/wp-json\/wp\/v2\/pages"}],"about":[{"href":"https:\/\/casa.org.mx\/es\/wp-json\/wp\/v2\/types\/page"}],"author":[{"embeddable":true,"href":"https:\/\/casa.org.mx\/es\/wp-json\/wp\/v2\/users\/1"}],"replies":[{"embeddable":true,"href":"https:\/\/casa.org.mx\/es\/wp-json\/wp\/v2\/comments?post=10639"}],"version-history":[{"count":1,"href":"https:\/\/casa.org.mx\/es\/wp-json\/wp\/v2\/pages\/10639\/revisions"}],"predecessor-version":[{"id":10640,"href":"https:\/\/casa.org.mx\/es\/wp-json\/wp\/v2\/pages\/10639\/revisions\/10640"}],"wp:attachment":[{"href":"https:\/\/casa.org.mx\/es\/wp-json\/wp\/v2\/media?parent=10639"}],"curies":[{"name":"wp","href":"https:\/\/api.w.org\/{rel}","templated":true}]}}