{"id":10752,"date":"2025-03-10T22:48:56","date_gmt":"2025-03-10T21:48:56","guid":{"rendered":"https:\/\/casa.org.mx\/?page_id=10752"},"modified":"2025-11-05T17:22:20","modified_gmt":"2025-11-05T16:22:20","slug":"clinica-de-maternidad-2","status":"publish","type":"page","link":"https:\/\/casa.org.mx\/es\/clinica-de-maternidad-2\/","title":{"rendered":"Cl\u00ednica de Maternidad"},"content":{"rendered":"\n<div class=\"wp-block-columns alignwide are-vertically-aligned-center has-background is-layout-flex wp-container-core-columns-is-layout-28f84493 wp-block-columns-is-layout-flex\" style=\"border-width:3px;background-color:#faffed\">\n<div class=\"wp-block-column is-layout-flow wp-block-column-is-layout-flow\" style=\"flex-basis:33%\">\n<figure class=\"wp-block-image\"><img fetchpriority=\"high\" decoding=\"async\" width=\"1024\" height=\"611\" src=\"https:\/\/casa.org.mx\/wp-content\/uploads\/2025\/11\/WhatsApp-Image-2025-11-05-at-9.43.36-AM-1024x611.jpeg\" alt=\"\" class=\"wp-image-11261\" srcset=\"https:\/\/casa.org.mx\/wp-content\/uploads\/2025\/11\/WhatsApp-Image-2025-11-05-at-9.43.36-AM-1024x611.jpeg 1024w, https:\/\/casa.org.mx\/wp-content\/uploads\/2025\/11\/WhatsApp-Image-2025-11-05-at-9.43.36-AM-300x179.jpeg 300w, https:\/\/casa.org.mx\/wp-content\/uploads\/2025\/11\/WhatsApp-Image-2025-11-05-at-9.43.36-AM-768x458.jpeg 768w, https:\/\/casa.org.mx\/wp-content\/uploads\/2025\/11\/WhatsApp-Image-2025-11-05-at-9.43.36-AM-18x12.jpeg 18w, https:\/\/casa.org.mx\/wp-content\/uploads\/2025\/11\/WhatsApp-Image-2025-11-05-at-9.43.36-AM.jpeg 1331w\" sizes=\"(max-width: 1024px) 100vw, 1024px\" \/><\/figure>\n\n\n\n<figure class=\"wp-block-gallery has-nested-images columns-default is-cropped wp-block-gallery-1 is-layout-flex wp-block-gallery-is-layout-flex\">\n<figure class=\"wp-block-image size-large\"><img decoding=\"async\" width=\"1024\" height=\"572\" data-id=\"11263\" src=\"https:\/\/casa.org.mx\/wp-content\/uploads\/2025\/11\/WhatsApp-Image-2025-11-05-at-9.43.35-AM-1-1024x572.jpeg\" alt=\"\" class=\"wp-image-11263\" srcset=\"https:\/\/casa.org.mx\/wp-content\/uploads\/2025\/11\/WhatsApp-Image-2025-11-05-at-9.43.35-AM-1-1024x572.jpeg 1024w, https:\/\/casa.org.mx\/wp-content\/uploads\/2025\/11\/WhatsApp-Image-2025-11-05-at-9.43.35-AM-1-300x168.jpeg 300w, https:\/\/casa.org.mx\/wp-content\/uploads\/2025\/11\/WhatsApp-Image-2025-11-05-at-9.43.35-AM-1-768x429.jpeg 768w, https:\/\/casa.org.mx\/wp-content\/uploads\/2025\/11\/WhatsApp-Image-2025-11-05-at-9.43.35-AM-1-18x10.jpeg 18w, https:\/\/casa.org.mx\/wp-content\/uploads\/2025\/11\/WhatsApp-Image-2025-11-05-at-9.43.35-AM-1.jpeg 1411w\" sizes=\"(max-width: 1024px) 100vw, 1024px\" \/><\/figure>\n<\/figure>\n\n\n\n<div class=\"wp-block-columns is-layout-flex wp-container-core-columns-is-layout-28f84493 wp-block-columns-is-layout-flex\">\n<div class=\"wp-block-column is-layout-flow wp-block-column-is-layout-flow\" style=\"flex-basis:100%\">\n<figure class=\"wp-block-image aligncenter size-full is-resized\"><img decoding=\"async\" width=\"355\" height=\"791\" src=\"https:\/\/casa.org.mx\/wp-content\/uploads\/2025\/11\/WhatsApp-Image-2025-11-05-at-9.43.35-AM.jpeg\" alt=\"\" class=\"wp-image-11262\" style=\"width:140px;height:auto\" srcset=\"https:\/\/casa.org.mx\/wp-content\/uploads\/2025\/11\/WhatsApp-Image-2025-11-05-at-9.43.35-AM.jpeg 355w, https:\/\/casa.org.mx\/wp-content\/uploads\/2025\/11\/WhatsApp-Image-2025-11-05-at-9.43.35-AM-135x300.jpeg 135w, https:\/\/casa.org.mx\/wp-content\/uploads\/2025\/11\/WhatsApp-Image-2025-11-05-at-9.43.35-AM-5x12.jpeg 5w\" sizes=\"(max-width: 355px) 100vw, 355px\" \/><\/figure>\n<\/div>\n<\/div>\n<\/div>\n\n\n\n<div class=\"wp-block-column is-layout-flow wp-block-column-is-layout-flow\" style=\"flex-basis:67%\">\n<h1 class=\"wp-block-heading has-large-font-size\">El 2 de septiembre de 2025, Alejandro Gonz\u00e1lez Rull\u00e1n, presidente de la junta directiva de la organizaci\u00f3n mexicana sin fines de lucro Centro para los Adolescentes de San Miguel de Allende (CASA), firm\u00f3 un contrato transfiriendo el hospital de maternidad de CASA al IMSS Bienestar para establecer el primer Centro de Excelencia en Parter\u00eda y Bienestar de M\u00e9xico bajo la normativa nacional NOM-020-SSA-2025.<\/h1>\n\n\n\n<p>El Centro de Excelencia, propiedad y financiado por el gobierno, brindar\u00e1 servicios gratuitos de atenci\u00f3n primaria y parter\u00eda para partos de bajo riesgo, capacitar\u00e1 a estudiantes y profesionales de la salud en todo el pa\u00eds y colaborar\u00e1 con universidades y organizaciones internacionales para garantizar una atenci\u00f3n de alta calidad y culturalmente relevante. CASA construy\u00f3 su hospital en 1994 y lo don\u00f3 al gobierno federal despu\u00e9s de tres d\u00e9cadas de servicio en reconocimiento al fuerte compromiso de M\u00e9xico con la integraci\u00f3n de pr\u00e1cticas tradicionales y biom\u00e9dicas en la atenci\u00f3n a la salud y la expansi\u00f3n de la parter\u00eda en los niveles primario y secundario. CASA se siente honrada de contribuir a este esfuerzo nacional junto con el gobierno federal e innumerables socios y colaborar\u00e1 con IMSS-Bienestar en el Centro de Excelencia en calidad de asesor voluntario.<\/p>\n\n\n\n<p>Agradecemos a la comunidad nacional e internacional por su generosidad, compromiso y colaboraci\u00f3n con CASA a lo largo de las d\u00e9cadas y esperamos continuar nuestra asociaci\u00f3n vital. Agradecemos a los trabajadores locales que construyeron el Hospital CASA y saludamos a todos los colaboradores que participaron en los servicios prestados en el Hospital durante m\u00e1s de 30 a\u00f1os. Los dem\u00e1s servicios educativos, culturales y de salud de CASA siguen disponibles en nuestro Centro Comunitario en Santa Julia 15, Colonia Santa Julia, San Miguel de Allende. Para obtener m\u00e1s informaci\u00f3n, consulta nuestras cuentas de redes sociales.<\/p>\n\n\n\n<p>Facebook : <a href=\"https:\/\/www.facebook.com\/casa.org.mx\/\" data-type=\"link\" data-id=\"https:\/\/www.facebook.com\/casa.org.mx\/\">Centro para los adolescentes de San Miguel de Allende &#8211; CASA A.C<\/a><br>Instagram: <a href=\"https:\/\/www.instagram.com\/\" data-type=\"link\" data-id=\"https:\/\/www.instagram.com\/\">casa.a.c<\/a><\/p>\n<\/div>\n<\/div>\n\n\n\n<div class=\"wp-block-media-text alignwide is-stacked-on-mobile is-image-fill-element has-background\" style=\"border-width:3px;background-color:#ecfafe\"><figure class=\"wp-block-media-text__media\"><img loading=\"lazy\" decoding=\"async\" width=\"1024\" height=\"682\" src=\"https:\/\/casa.org.mx\/wp-content\/uploads\/2025\/03\/Ilustracion_1-1024x682.jpg\" alt=\"\" class=\"wp-image-10759 size-full\" style=\"object-position:50% 50%\" srcset=\"https:\/\/casa.org.mx\/wp-content\/uploads\/2025\/03\/Ilustracion_1-1024x682.jpg 1024w, https:\/\/casa.org.mx\/wp-content\/uploads\/2025\/03\/Ilustracion_1-300x200.jpg 300w, https:\/\/casa.org.mx\/wp-content\/uploads\/2025\/03\/Ilustracion_1-768x512.jpg 768w, https:\/\/casa.org.mx\/wp-content\/uploads\/2025\/03\/Ilustracion_1-18x12.jpg 18w, https:\/\/casa.org.mx\/wp-content\/uploads\/2025\/03\/Ilustracion_1.jpg 1280w\" sizes=\"(max-width: 1024px) 100vw, 1024px\" \/><\/figure><div class=\"wp-block-media-text__content\">\n<h3 class=\"wp-block-heading\">\u00bfQu\u00e9 era la Cl\u00ednica de Parter\u00eda?<\/h3>\n\n\n\n<p>Nuestra CASA de Parter\u00eda en San Miguel de Allende fue un espacio que, durante 30 a\u00f1os, promovi\u00f3 los derechos sexuales y reproductivos de la poblaci\u00f3n y brind\u00f3 diversos servicios relacionados con la procuraci\u00f3n de la salud integral.<\/p>\n\n\n\n<p>Ofreci\u00f3 principalmente servicios con el Modelo de Parter\u00eda, en el cual parteras capacitadas, con certificaciones y c\u00e9dula profesional, acompa\u00f1aban, guiaban y atend\u00edan a las mujeres durante etapas vitales de la vida reproductiva, como el embarazo, parto y puerperio. Adem\u00e1s, en conjunto con un amplio equipo multidisciplinario, se dedic\u00f3 a proporcionar informaci\u00f3n y servicios a precios accesibles.<\/p>\n<\/div><\/div>\n\n\n\n<div class=\"wp-block-group has-background is-layout-constrained wp-block-group-is-layout-constrained\" style=\"border-width:3px;background-color:#fff2ed\">\n<h2 class=\"wp-block-heading has-text-align-center\">Toda mujer tiene derecho a elegir d\u00f3nde y c\u00f3mo dar a luz, acompa\u00f1ada con quien ella prefiera <\/h2>\n\n\n\n<p class=\"has-text-align-center\">(siempre acompa\u00f1ada por el equipo profesional).<\/p>\n<\/div>\n\n\n\n<div class=\"wp-block-media-text alignwide is-stacked-on-mobile is-image-fill-element has-background\" style=\"border-width:3px;background-color:#ffedfa\"><figure class=\"wp-block-media-text__media\"><img loading=\"lazy\" decoding=\"async\" width=\"1024\" height=\"665\" src=\"https:\/\/casa.org.mx\/wp-content\/uploads\/2025\/03\/DSC_0059-1-2048x1330-1-1024x665.jpg\" alt=\"\" class=\"wp-image-10758 size-full\" style=\"object-position:50% 50%\" srcset=\"https:\/\/casa.org.mx\/wp-content\/uploads\/2025\/03\/DSC_0059-1-2048x1330-1-1024x665.jpg 1024w, https:\/\/casa.org.mx\/wp-content\/uploads\/2025\/03\/DSC_0059-1-2048x1330-1-300x195.jpg 300w, https:\/\/casa.org.mx\/wp-content\/uploads\/2025\/03\/DSC_0059-1-2048x1330-1-768x499.jpg 768w, https:\/\/casa.org.mx\/wp-content\/uploads\/2025\/03\/DSC_0059-1-2048x1330-1-1536x998.jpg 1536w, https:\/\/casa.org.mx\/wp-content\/uploads\/2025\/03\/DSC_0059-1-2048x1330-1-18x12.jpg 18w, https:\/\/casa.org.mx\/wp-content\/uploads\/2025\/03\/DSC_0059-1-2048x1330-1.jpg 2048w\" sizes=\"(max-width: 1024px) 100vw, 1024px\" \/><\/figure><div class=\"wp-block-media-text__content\">\n<h2 class=\"wp-block-heading\">En 1994 se inaugur\u00f3 la Cl\u00ednica de Maternidad de CASA<\/h2>\n\n\n\n<p>Donde un equipo interdisciplinario de parteras tradicionales, parteras profesionales, enfermeras obstetras, m\u00e9dicos y especialistas trabajan en conjunto para que la mujer reciba el mejor trato con dignidad y respeto. Uno de los&nbsp; prop\u00f3sitos importantes de Casa era llevar una educaci\u00f3n formal y completa a las parteras tradicionales del \u00e1rea de san miguel de allende.<\/p>\n<\/div><\/div>\n\n\n\n<div class=\"wp-block-media-text alignwide is-stacked-on-mobile is-image-fill-element has-background\" style=\"border-width:3px;background-color:#ffedfa\"><figure class=\"wp-block-media-text__media\"><img loading=\"lazy\" decoding=\"async\" width=\"1024\" height=\"683\" src=\"https:\/\/casa.org.mx\/wp-content\/uploads\/2025\/03\/Copia-de-DSC_5758-2048x1365-1-1024x683.jpg\" alt=\"\" class=\"wp-image-10757 size-full\" style=\"object-position:50% 50%\" srcset=\"https:\/\/casa.org.mx\/wp-content\/uploads\/2025\/03\/Copia-de-DSC_5758-2048x1365-1-1024x683.jpg 1024w, https:\/\/casa.org.mx\/wp-content\/uploads\/2025\/03\/Copia-de-DSC_5758-2048x1365-1-300x200.jpg 300w, https:\/\/casa.org.mx\/wp-content\/uploads\/2025\/03\/Copia-de-DSC_5758-2048x1365-1-768x512.jpg 768w, https:\/\/casa.org.mx\/wp-content\/uploads\/2025\/03\/Copia-de-DSC_5758-2048x1365-1-1536x1024.jpg 1536w, https:\/\/casa.org.mx\/wp-content\/uploads\/2025\/03\/Copia-de-DSC_5758-2048x1365-1-18x12.jpg 18w, https:\/\/casa.org.mx\/wp-content\/uploads\/2025\/03\/Copia-de-DSC_5758-2048x1365-1.jpg 2048w\" sizes=\"(max-width: 1024px) 100vw, 1024px\" \/><\/figure><div class=\"wp-block-media-text__content\">\n<h2 class=\"wp-block-heading\"><br>En 1997 se cre\u00f3 la primera escuela de parteras profesionales con reconocimiento oficial en M\u00e9xico.<\/h2>\n\n\n\n<p>Durante su funcionamiento, egresaron 17 generaciones de parteras t\u00e9cnicas, sumando as\u00ed 120 mujeres egresadas provenientes de 12 estados de la Rep\u00fablica Mexicana y 3 pa\u00edses.<\/p>\n<\/div><\/div>\n\n\n\n<div class=\"wp-block-media-text alignwide is-stacked-on-mobile is-image-fill-element has-background\" style=\"border-width:3px;background-color:#ffedfa\"><figure class=\"wp-block-media-text__media\"><img loading=\"lazy\" decoding=\"async\" width=\"768\" height=\"1024\" src=\"https:\/\/casa.org.mx\/wp-content\/uploads\/2025\/03\/IMG-20191126-WA0020-1.jpg\" alt=\"\" class=\"wp-image-10760 size-full\" style=\"object-position:50% 50%\" srcset=\"https:\/\/casa.org.mx\/wp-content\/uploads\/2025\/03\/IMG-20191126-WA0020-1.jpg 768w, https:\/\/casa.org.mx\/wp-content\/uploads\/2025\/03\/IMG-20191126-WA0020-1-225x300.jpg 225w, https:\/\/casa.org.mx\/wp-content\/uploads\/2025\/03\/IMG-20191126-WA0020-1-9x12.jpg 9w\" sizes=\"(max-width: 768px) 100vw, 768px\" \/><\/figure><div class=\"wp-block-media-text__content\">\n<h2 class=\"wp-block-heading\"><br>En la&nbsp; Cl\u00ednica de Maternidad de CASA han nacido m\u00e1s de 11,000 beb\u00e9s<\/h2>\n\n\n\n<p>Con excelentes resultados, con tasas de traslado inferiores al 4%, y tasas de mortalidad, morbilidad materna, perinatal y bajo peso al nacer menores al 1%, lo que demuestra la efectividad y la eficacia del modelo de atenci\u00f3n de parter\u00eda.<\/p>\n<\/div><\/div>\n\n\n\n<p><\/p>\n","protected":false},"excerpt":{"rendered":"<p>El 2 de septiembre de 2025, Alejandro Gonz\u00e1lez Rull\u00e1n, presidente de la junta directiva de la organizaci\u00f3n mexicana sin fines de lucro Centro para los Adolescentes de San Miguel de Allende (CASA), firm\u00f3 un contrato transfiriendo el hospital de maternidad de CASA al IMSS Bienestar para establecer el primer Centro de Excelencia en Parter\u00eda y [&hellip;]<\/p>\n","protected":false},"author":1,"featured_media":0,"parent":0,"menu_order":0,"comment_status":"closed","ping_status":"closed","template":"","meta":{"give_campaign_id":0,"_joinchat":[],"footnotes":""},"class_list":["post-10752","page","type-page","status-publish","hentry"],"blocksy_meta":{"has_hero_section":"enabled","styles_descriptor":{"styles":{"desktop":"[data-prefix=\"single_page\"] .entry-header .page-title {--theme-font-family:var(--theme-font-stack-default);--theme-font-weight:400;--theme-text-transform:capitalize;--theme-font-size:30px;} [data-prefix=\"single_page\"] .entry-header .entry-meta {--theme-font-weight:600;--theme-text-transform:uppercase;--theme-font-size:12px;--theme-line-height:1.3;} [data-prefix=\"single_page\"] .hero-section[data-type=\"type-1\"] {--margin-bottom:32px;} [data-prefix=\"single_page\"] {background-color:#ffffff;background-image:url(\"data:image\/svg+xml,%3Csvg width='100' height='20' viewBox='0 0 100 20' xmlns='http:\/\/www.w3.org\/2000\/svg'%3E%3Cpath d='M21.184 20c.357-.13.72-.264 1.088-.402l1.768-.661C33.64 15.347 39.647 14 50 14c10.271 0 15.362 1.222 24.629 4.928.955.383 1.869.74 2.75 1.072h6.225c-2.51-.73-5.139-1.691-8.233-2.928C65.888 13.278 60.562 12 50 12c-10.626 0-16.855 1.397-26.66 5.063l-1.767.662c-2.475.923-4.66 1.674-6.724 2.275h6.335zm0-20C13.258 2.892 8.077 4 0 4V2c5.744 0 9.951-.574 14.85-2h6.334zM77.38 0C85.239 2.966 90.502 4 100 4V2c-6.842 0-11.386-.542-16.396-2h-6.225zM0 14c8.44 0 13.718-1.21 22.272-4.402l1.768-.661C33.64 5.347 39.647 4 50 4c10.271 0 15.362 1.222 24.629 4.928C84.112 12.722 89.438 14 100 14v-2c-10.271 0-15.362-1.222-24.629-4.928C65.888 3.278 60.562 2 50 2 39.374 2 33.145 3.397 23.34 7.063l-1.767.662C13.223 10.84 8.163 12 0 12v2z' fill='%23e5e7ea' fill-opacity='1' fill-rule='evenodd'\/%3E%3C\/svg%3E\");}","tablet":"","mobile":""},"google_fonts":[],"version":6},"background":{"background_type":"pattern","background_pattern":"type-13","background_image":{"attachment_id":null,"x":0,"y":0},"gradient":"linear-gradient(135deg,rgba(6,147,227,1) 0%,rgb(155,81,224) 100%)","background_repeat":"repeat","background_size":"auto","background_attachment":"scroll","patternColor":{"default":{"color":"#e5e7ea"}},"overlayColor":{"default":{"color":"CT_CSS_SKIP_RULE"}},"backgroundColor":{"default":{"color":"#ffffff"}}},"hero_elements":[{"id":"custom_title","enabled":true,"heading_tag":"h1","title":"Inicio","__id":"1SvOvHMRSU67BxnX9X2rR"},{"id":"custom_description","enabled":true,"description_visibility":{"desktop":true,"tablet":true,"mobile":false},"__id":"MQD5v7WkCGbHt0Ni_wA4M"},{"id":"custom_meta","enabled":false,"meta_elements":[{"id":"author","enabled":true,"label":"Por","has_author_avatar":"yes","avatar_size":25},{"id":"post_date","enabled":true,"label":"El","date_format_source":"default","date_format":"M j, Y"},{"id":"updated_date","enabled":false,"label":"El","date_format_source":"default","date_format":"M j, Y"},{"id":"categories","enabled":false,"label":"Dentro","style":"simple"},{"id":"comments","enabled":true}],"page_meta_elements":{"joined":true,"articles_count":true,"comments":true},"__id":"owQ18FfUIMiSKvdH8QOaw"},{"id":"breadcrumbs","enabled":false,"__id":"Awjwr1rtWMCurmjxp6VYw"}],"hero_margin":"32px","pageTitleFont":{"family":"System Default","variation":"n4","size":"30px","line-height":"CT_CSS_SKIP_RULE","letter-spacing":"CT_CSS_SKIP_RULE","text-transform":"capitalize","text-decoration":"CT_CSS_SKIP_RULE"}},"campaignId":"","_links":{"self":[{"href":"https:\/\/casa.org.mx\/es\/wp-json\/wp\/v2\/pages\/10752","targetHints":{"allow":["GET"]}}],"collection":[{"href":"https:\/\/casa.org.mx\/es\/wp-json\/wp\/v2\/pages"}],"about":[{"href":"https:\/\/casa.org.mx\/es\/wp-json\/wp\/v2\/types\/page"}],"author":[{"embeddable":true,"href":"https:\/\/casa.org.mx\/es\/wp-json\/wp\/v2\/users\/1"}],"replies":[{"embeddable":true,"href":"https:\/\/casa.org.mx\/es\/wp-json\/wp\/v2\/comments?post=10752"}],"version-history":[{"count":8,"href":"https:\/\/casa.org.mx\/es\/wp-json\/wp\/v2\/pages\/10752\/revisions"}],"predecessor-version":[{"id":11260,"href":"https:\/\/casa.org.mx\/es\/wp-json\/wp\/v2\/pages\/10752\/revisions\/11260"}],"wp:attachment":[{"href":"https:\/\/casa.org.mx\/es\/wp-json\/wp\/v2\/media?parent=10752"}],"curies":[{"name":"wp","href":"https:\/\/api.w.org\/{rel}","templated":true}]}}