{"id":10848,"date":"2025-05-07T17:39:33","date_gmt":"2025-05-07T15:39:33","guid":{"rendered":"https:\/\/casa.org.mx\/?page_id=10848"},"modified":"2025-05-26T17:22:26","modified_gmt":"2025-05-26T15:22:26","slug":"casa-busca-revivir-su-centro-de-parteria-en-san-miguel-de-allende-ayudaron-a-mas-de-10-mil-nacimientos","status":"publish","type":"page","link":"https:\/\/casa.org.mx\/es\/casa-busca-revivir-su-centro-de-parteria-en-san-miguel-de-allende-ayudaron-a-mas-de-10-mil-nacimientos\/","title":{"rendered":"CASA busca revivir su centro de parter\u00eda en San Miguel de Allende; ayudaron a m\u00e1s de 10 mil nacimientos."},"content":{"rendered":"\n<p>Por: Ingrid Devesa\/ Periodico Correo<\/p>\n\n\n\n<p>Parteras ind\u00edgenas respaldan el proyecto de CASA en San Miguel de Allende, tras la aprobaci\u00f3n de la Norma 020 que reconoce su labor ancestral.<\/p>\n\n\n\n<p><strong>San Miguel de Allende, Gto.-&nbsp;<\/strong>Luego de la reciente publicaci\u00f3n de la&nbsp;<strong>Norma 020<\/strong>, el<strong>&nbsp;Centro para los Adolescentes de San Miguel de Allende<\/strong>&nbsp;(<strong>CASA<\/strong>) busca convertir su cl\u00ednica, que ha permanecido cerrada los \u00faltimos tres a\u00f1os, en el primer Centro de Excelencia en Parter\u00eda Tradicional y Profesional.<\/p>\n\n\n\n<p>Durante el encuentro&nbsp;<strong>Guardianas de Vida<\/strong>&nbsp;que reuni\u00f3 a 85 parteras ind\u00edgenas de distintas partes del pa\u00eds se dio a conocer el proyecto con el que la asociaci\u00f3n civil sanmiguelense pretende reactivar la atenci\u00f3n a las mujeres a trav\u00e9s de un centro que brinde atenci\u00f3n integral.<\/p>\n\n\n\n<p>Link a las notas completas: <strong><a href=\"https:\/\/periodicocorreo.com.mx\/san-miguel\/2025\/may\/05\/casa-busca-reabrir-su-clinica-como-centro-de-excelencia-en-parteria-tradicional-y-profesional-126891.html\" data-type=\"link\" data-id=\"https:\/\/periodicocorreo.com.mx\/san-miguel\/2025\/may\/05\/casa-busca-reabrir-su-clinica-como-centro-de-excelencia-en-parteria-tradicional-y-profesional-126891.html\">Guardianas de Vida<\/a><\/strong><\/p>\n\n\n\n<p><a href=\"https:\/\/periodicocorreo.com.mx\/san-miguel\/2024\/nov\/04\/casa-busca-revivir-su-centro-de-parteria-en-san-miguel-de-allende-ayudaron-a-mas-de-10-mil-nacimientos-113806.html\" data-type=\"link\" data-id=\"https:\/\/periodicocorreo.com.mx\/san-miguel\/2024\/nov\/04\/casa-busca-revivir-su-centro-de-parteria-en-san-miguel-de-allende-ayudaron-a-mas-de-10-mil-nacimientos-113806.html\"><strong>CASA busca revivir su centro de parter\u00eda en San Miguel de Allende<\/strong><\/a> <\/p>\n\n\n\n<p><strong><a href=\"https:\/\/www.jornada.com.mx\/2025\/05\/11\/politica\/006n2pol\" data-type=\"link\" data-id=\"https:\/\/www.jornada.com.mx\/2025\/05\/11\/politica\/006n2pol\">Parteras a\u00fan enfrentan falta de reconocimiento social<\/a><\/strong> <\/p>\n\n\n\n<p><a href=\"https:\/\/jefaturadegobierno.cdmx.gob.mx\/comunicacion\/nota\/ciudad-de-mexico-abre-espacio-la-memoria-viva-de-la-parteria-con-exposicion-fotografica-parteras-urbanas-entre-patrimonio-y-colonialidad\" data-type=\"link\" data-id=\"https:\/\/jefaturadegobierno.cdmx.gob.mx\/comunicacion\/nota\/ciudad-de-mexico-abre-espacio-la-memoria-viva-de-la-parteria-con-exposicion-fotografica-parteras-urbanas-entre-patrimonio-y-colonialidad\">Ciudad de M\u00e9xico abre espacio a la memoria viva de la parter\u00eda con exposici\u00f3n fotogr\u00e1fica &#8220;Parteras Urbanas, entre patrimonio y colonialidad\u201d<\/a><\/p>\n\n\n\n<p>Agradecemos a <strong>Ingrid Devesa<\/strong> \/ Periodico Correo       y        a <strong>Laura Poy Solano<\/strong>\/ Periodico La Jornada<\/p>\n\n\n\n<p>por cubrir y redactar esta nota informativa acerca de la pr\u00e1ctica de la parter\u00eda y del trabajo de CASA A.C.&nbsp;<\/p>\n\n\n\n<figure class=\"wp-block-image aligncenter size-large\"><img fetchpriority=\"high\" decoding=\"async\" width=\"1024\" height=\"551\" src=\"https:\/\/casa.org.mx\/wp-content\/uploads\/2025\/05\/WhatsApp-Image-2025-05-05-at-5.43.33-PM-1024x551.jpeg\" alt=\"\" class=\"wp-image-10849\" srcset=\"https:\/\/casa.org.mx\/wp-content\/uploads\/2025\/05\/WhatsApp-Image-2025-05-05-at-5.43.33-PM-1024x551.jpeg 1024w, https:\/\/casa.org.mx\/wp-content\/uploads\/2025\/05\/WhatsApp-Image-2025-05-05-at-5.43.33-PM-300x161.jpeg 300w, https:\/\/casa.org.mx\/wp-content\/uploads\/2025\/05\/WhatsApp-Image-2025-05-05-at-5.43.33-PM-768x413.jpeg 768w, https:\/\/casa.org.mx\/wp-content\/uploads\/2025\/05\/WhatsApp-Image-2025-05-05-at-5.43.33-PM-1536x827.jpeg 1536w, https:\/\/casa.org.mx\/wp-content\/uploads\/2025\/05\/WhatsApp-Image-2025-05-05-at-5.43.33-PM-2048x1102.jpeg 2048w, https:\/\/casa.org.mx\/wp-content\/uploads\/2025\/05\/WhatsApp-Image-2025-05-05-at-5.43.33-PM-18x10.jpeg 18w\" sizes=\"(max-width: 1024px) 100vw, 1024px\" \/><figcaption class=\"wp-element-caption\"><strong><a href=\"https:\/\/periodicocorreo.com.mx\/san-miguel\/2025\/may\/05\/casa-busca-reabrir-su-clinica-como-centro-de-excelencia-en-parteria-tradicional-y-profesional-126891.html\" data-type=\"link\" data-id=\"https:\/\/periodicocorreo.com.mx\/san-miguel\/2025\/may\/05\/casa-busca-reabrir-su-clinica-como-centro-de-excelencia-en-parteria-tradicional-y-profesional-126891.html\">Guardianas de Vida<\/a><\/strong><\/figcaption><\/figure>\n\n\n\n<figure class=\"wp-block-gallery has-nested-images columns-default is-cropped wp-block-gallery-1 is-layout-flex wp-block-gallery-is-layout-flex\">\n<figure class=\"wp-block-image size-large\"><img decoding=\"async\" width=\"1024\" height=\"768\" data-id=\"10851\" src=\"https:\/\/casa.org.mx\/wp-content\/uploads\/2025\/05\/WhatsApp-Image-2025-05-05-at-5.35.18-PM-1024x768.jpeg\" alt=\"\" class=\"wp-image-10851\" srcset=\"https:\/\/casa.org.mx\/wp-content\/uploads\/2025\/05\/WhatsApp-Image-2025-05-05-at-5.35.18-PM-1024x768.jpeg 1024w, https:\/\/casa.org.mx\/wp-content\/uploads\/2025\/05\/WhatsApp-Image-2025-05-05-at-5.35.18-PM-300x225.jpeg 300w, https:\/\/casa.org.mx\/wp-content\/uploads\/2025\/05\/WhatsApp-Image-2025-05-05-at-5.35.18-PM-768x576.jpeg 768w, https:\/\/casa.org.mx\/wp-content\/uploads\/2025\/05\/WhatsApp-Image-2025-05-05-at-5.35.18-PM-1536x1152.jpeg 1536w, https:\/\/casa.org.mx\/wp-content\/uploads\/2025\/05\/WhatsApp-Image-2025-05-05-at-5.35.18-PM-16x12.jpeg 16w, https:\/\/casa.org.mx\/wp-content\/uploads\/2025\/05\/WhatsApp-Image-2025-05-05-at-5.35.18-PM.jpeg 1600w\" sizes=\"(max-width: 1024px) 100vw, 1024px\" \/><\/figure>\n\n\n\n<figure class=\"wp-block-image size-large\"><img decoding=\"async\" width=\"1024\" height=\"866\" data-id=\"10852\" src=\"https:\/\/casa.org.mx\/wp-content\/uploads\/2025\/05\/Logo-CASA-1-1024x866.jpg\" alt=\"\" class=\"wp-image-10852\" srcset=\"https:\/\/casa.org.mx\/wp-content\/uploads\/2025\/05\/Logo-CASA-1-1024x866.jpg 1024w, https:\/\/casa.org.mx\/wp-content\/uploads\/2025\/05\/Logo-CASA-1-300x254.jpg 300w, https:\/\/casa.org.mx\/wp-content\/uploads\/2025\/05\/Logo-CASA-1-768x650.jpg 768w, https:\/\/casa.org.mx\/wp-content\/uploads\/2025\/05\/Logo-CASA-1-1536x1299.jpg 1536w, https:\/\/casa.org.mx\/wp-content\/uploads\/2025\/05\/Logo-CASA-1-2048x1733.jpg 2048w, https:\/\/casa.org.mx\/wp-content\/uploads\/2025\/05\/Logo-CASA-1-14x12.jpg 14w\" sizes=\"(max-width: 1024px) 100vw, 1024px\" \/><\/figure>\n\n\n\n<figure class=\"wp-block-image size-large\"><img loading=\"lazy\" decoding=\"async\" width=\"1024\" height=\"768\" data-id=\"10865\" src=\"https:\/\/casa.org.mx\/wp-content\/uploads\/2025\/05\/WhatsApp-Image-2025-05-04-at-2.00.17-PM-1-1024x768.jpeg\" alt=\"\" class=\"wp-image-10865\" srcset=\"https:\/\/casa.org.mx\/wp-content\/uploads\/2025\/05\/WhatsApp-Image-2025-05-04-at-2.00.17-PM-1-1024x768.jpeg 1024w, https:\/\/casa.org.mx\/wp-content\/uploads\/2025\/05\/WhatsApp-Image-2025-05-04-at-2.00.17-PM-1-300x225.jpeg 300w, https:\/\/casa.org.mx\/wp-content\/uploads\/2025\/05\/WhatsApp-Image-2025-05-04-at-2.00.17-PM-1-768x576.jpeg 768w, https:\/\/casa.org.mx\/wp-content\/uploads\/2025\/05\/WhatsApp-Image-2025-05-04-at-2.00.17-PM-1-1536x1152.jpeg 1536w, https:\/\/casa.org.mx\/wp-content\/uploads\/2025\/05\/WhatsApp-Image-2025-05-04-at-2.00.17-PM-1-2048x1536.jpeg 2048w, https:\/\/casa.org.mx\/wp-content\/uploads\/2025\/05\/WhatsApp-Image-2025-05-04-at-2.00.17-PM-1-16x12.jpeg 16w\" sizes=\"(max-width: 1024px) 100vw, 1024px\" \/><\/figure>\n\n\n\n<figure class=\"wp-block-image size-large\"><img loading=\"lazy\" decoding=\"async\" width=\"1024\" height=\"768\" data-id=\"10853\" src=\"https:\/\/casa.org.mx\/wp-content\/uploads\/2025\/05\/WhatsApp-Image-2025-05-05-at-5.35.50-PM-1-1-1024x768.jpeg\" alt=\"\" class=\"wp-image-10853\" srcset=\"https:\/\/casa.org.mx\/wp-content\/uploads\/2025\/05\/WhatsApp-Image-2025-05-05-at-5.35.50-PM-1-1-1024x768.jpeg 1024w, https:\/\/casa.org.mx\/wp-content\/uploads\/2025\/05\/WhatsApp-Image-2025-05-05-at-5.35.50-PM-1-1-300x225.jpeg 300w, https:\/\/casa.org.mx\/wp-content\/uploads\/2025\/05\/WhatsApp-Image-2025-05-05-at-5.35.50-PM-1-1-768x576.jpeg 768w, https:\/\/casa.org.mx\/wp-content\/uploads\/2025\/05\/WhatsApp-Image-2025-05-05-at-5.35.50-PM-1-1-1536x1152.jpeg 1536w, https:\/\/casa.org.mx\/wp-content\/uploads\/2025\/05\/WhatsApp-Image-2025-05-05-at-5.35.50-PM-1-1-16x12.jpeg 16w, https:\/\/casa.org.mx\/wp-content\/uploads\/2025\/05\/WhatsApp-Image-2025-05-05-at-5.35.50-PM-1-1.jpeg 1600w\" sizes=\"(max-width: 1024px) 100vw, 1024px\" \/><\/figure>\n\n\n\n<figure class=\"wp-block-image size-large\"><img loading=\"lazy\" decoding=\"async\" width=\"1024\" height=\"768\" data-id=\"10855\" src=\"https:\/\/casa.org.mx\/wp-content\/uploads\/2025\/05\/WhatsApp-Image-2025-05-05-at-5.35.50-PM-1024x768.jpeg\" alt=\"\" class=\"wp-image-10855\" srcset=\"https:\/\/casa.org.mx\/wp-content\/uploads\/2025\/05\/WhatsApp-Image-2025-05-05-at-5.35.50-PM-1024x768.jpeg 1024w, https:\/\/casa.org.mx\/wp-content\/uploads\/2025\/05\/WhatsApp-Image-2025-05-05-at-5.35.50-PM-300x225.jpeg 300w, https:\/\/casa.org.mx\/wp-content\/uploads\/2025\/05\/WhatsApp-Image-2025-05-05-at-5.35.50-PM-768x576.jpeg 768w, https:\/\/casa.org.mx\/wp-content\/uploads\/2025\/05\/WhatsApp-Image-2025-05-05-at-5.35.50-PM-1536x1152.jpeg 1536w, https:\/\/casa.org.mx\/wp-content\/uploads\/2025\/05\/WhatsApp-Image-2025-05-05-at-5.35.50-PM-16x12.jpeg 16w, https:\/\/casa.org.mx\/wp-content\/uploads\/2025\/05\/WhatsApp-Image-2025-05-05-at-5.35.50-PM.jpeg 1600w\" sizes=\"(max-width: 1024px) 100vw, 1024px\" \/><\/figure>\n\n\n\n<figure class=\"wp-block-image size-large\"><img loading=\"lazy\" decoding=\"async\" width=\"1024\" height=\"768\" data-id=\"10857\" src=\"https:\/\/casa.org.mx\/wp-content\/uploads\/2025\/05\/WhatsApp-Image-2025-05-05-at-5.35.49-PM-1-1024x768.jpeg\" alt=\"\" class=\"wp-image-10857\" srcset=\"https:\/\/casa.org.mx\/wp-content\/uploads\/2025\/05\/WhatsApp-Image-2025-05-05-at-5.35.49-PM-1-1024x768.jpeg 1024w, https:\/\/casa.org.mx\/wp-content\/uploads\/2025\/05\/WhatsApp-Image-2025-05-05-at-5.35.49-PM-1-300x225.jpeg 300w, https:\/\/casa.org.mx\/wp-content\/uploads\/2025\/05\/WhatsApp-Image-2025-05-05-at-5.35.49-PM-1-768x576.jpeg 768w, https:\/\/casa.org.mx\/wp-content\/uploads\/2025\/05\/WhatsApp-Image-2025-05-05-at-5.35.49-PM-1-1536x1152.jpeg 1536w, https:\/\/casa.org.mx\/wp-content\/uploads\/2025\/05\/WhatsApp-Image-2025-05-05-at-5.35.49-PM-1-16x12.jpeg 16w, https:\/\/casa.org.mx\/wp-content\/uploads\/2025\/05\/WhatsApp-Image-2025-05-05-at-5.35.49-PM-1.jpeg 1600w\" sizes=\"(max-width: 1024px) 100vw, 1024px\" \/><\/figure>\n\n\n\n<figure class=\"wp-block-image size-large\"><img loading=\"lazy\" decoding=\"async\" width=\"1024\" height=\"768\" data-id=\"10856\" src=\"https:\/\/casa.org.mx\/wp-content\/uploads\/2025\/05\/WhatsApp-Image-2025-05-05-at-5.35.49-PM-1024x768.jpeg\" alt=\"\" class=\"wp-image-10856\" srcset=\"https:\/\/casa.org.mx\/wp-content\/uploads\/2025\/05\/WhatsApp-Image-2025-05-05-at-5.35.49-PM-1024x768.jpeg 1024w, https:\/\/casa.org.mx\/wp-content\/uploads\/2025\/05\/WhatsApp-Image-2025-05-05-at-5.35.49-PM-300x225.jpeg 300w, https:\/\/casa.org.mx\/wp-content\/uploads\/2025\/05\/WhatsApp-Image-2025-05-05-at-5.35.49-PM-768x576.jpeg 768w, https:\/\/casa.org.mx\/wp-content\/uploads\/2025\/05\/WhatsApp-Image-2025-05-05-at-5.35.49-PM-1536x1152.jpeg 1536w, https:\/\/casa.org.mx\/wp-content\/uploads\/2025\/05\/WhatsApp-Image-2025-05-05-at-5.35.49-PM-16x12.jpeg 16w, https:\/\/casa.org.mx\/wp-content\/uploads\/2025\/05\/WhatsApp-Image-2025-05-05-at-5.35.49-PM.jpeg 1600w\" sizes=\"(max-width: 1024px) 100vw, 1024px\" \/><\/figure>\n\n\n\n<figure class=\"wp-block-image size-large\"><img loading=\"lazy\" decoding=\"async\" width=\"1024\" height=\"768\" data-id=\"10858\" src=\"https:\/\/casa.org.mx\/wp-content\/uploads\/2025\/05\/WhatsApp-Image-2025-05-05-at-5.35.47-PM-1-1024x768.jpeg\" alt=\"\" class=\"wp-image-10858\" srcset=\"https:\/\/casa.org.mx\/wp-content\/uploads\/2025\/05\/WhatsApp-Image-2025-05-05-at-5.35.47-PM-1-1024x768.jpeg 1024w, https:\/\/casa.org.mx\/wp-content\/uploads\/2025\/05\/WhatsApp-Image-2025-05-05-at-5.35.47-PM-1-300x225.jpeg 300w, https:\/\/casa.org.mx\/wp-content\/uploads\/2025\/05\/WhatsApp-Image-2025-05-05-at-5.35.47-PM-1-768x576.jpeg 768w, https:\/\/casa.org.mx\/wp-content\/uploads\/2025\/05\/WhatsApp-Image-2025-05-05-at-5.35.47-PM-1-1536x1152.jpeg 1536w, https:\/\/casa.org.mx\/wp-content\/uploads\/2025\/05\/WhatsApp-Image-2025-05-05-at-5.35.47-PM-1-16x12.jpeg 16w, https:\/\/casa.org.mx\/wp-content\/uploads\/2025\/05\/WhatsApp-Image-2025-05-05-at-5.35.47-PM-1.jpeg 1600w\" sizes=\"(max-width: 1024px) 100vw, 1024px\" \/><\/figure>\n\n\n\n<figure class=\"wp-block-image size-large\"><img loading=\"lazy\" decoding=\"async\" width=\"1024\" height=\"768\" data-id=\"10859\" src=\"https:\/\/casa.org.mx\/wp-content\/uploads\/2025\/05\/WhatsApp-Image-2025-05-05-at-5.35.47-PM-1024x768.jpeg\" alt=\"\" class=\"wp-image-10859\" srcset=\"https:\/\/casa.org.mx\/wp-content\/uploads\/2025\/05\/WhatsApp-Image-2025-05-05-at-5.35.47-PM-1024x768.jpeg 1024w, https:\/\/casa.org.mx\/wp-content\/uploads\/2025\/05\/WhatsApp-Image-2025-05-05-at-5.35.47-PM-300x225.jpeg 300w, https:\/\/casa.org.mx\/wp-content\/uploads\/2025\/05\/WhatsApp-Image-2025-05-05-at-5.35.47-PM-768x576.jpeg 768w, https:\/\/casa.org.mx\/wp-content\/uploads\/2025\/05\/WhatsApp-Image-2025-05-05-at-5.35.47-PM-1536x1152.jpeg 1536w, https:\/\/casa.org.mx\/wp-content\/uploads\/2025\/05\/WhatsApp-Image-2025-05-05-at-5.35.47-PM-16x12.jpeg 16w, https:\/\/casa.org.mx\/wp-content\/uploads\/2025\/05\/WhatsApp-Image-2025-05-05-at-5.35.47-PM.jpeg 1600w\" sizes=\"(max-width: 1024px) 100vw, 1024px\" \/><\/figure>\n\n\n\n<figure class=\"wp-block-image size-large\"><img loading=\"lazy\" decoding=\"async\" width=\"1024\" height=\"768\" data-id=\"10860\" src=\"https:\/\/casa.org.mx\/wp-content\/uploads\/2025\/05\/WhatsApp-Image-2025-05-05-at-5.35.46-PM-1024x768.jpeg\" alt=\"\" class=\"wp-image-10860\" srcset=\"https:\/\/casa.org.mx\/wp-content\/uploads\/2025\/05\/WhatsApp-Image-2025-05-05-at-5.35.46-PM-1024x768.jpeg 1024w, https:\/\/casa.org.mx\/wp-content\/uploads\/2025\/05\/WhatsApp-Image-2025-05-05-at-5.35.46-PM-300x225.jpeg 300w, https:\/\/casa.org.mx\/wp-content\/uploads\/2025\/05\/WhatsApp-Image-2025-05-05-at-5.35.46-PM-768x576.jpeg 768w, https:\/\/casa.org.mx\/wp-content\/uploads\/2025\/05\/WhatsApp-Image-2025-05-05-at-5.35.46-PM-1536x1152.jpeg 1536w, https:\/\/casa.org.mx\/wp-content\/uploads\/2025\/05\/WhatsApp-Image-2025-05-05-at-5.35.46-PM-16x12.jpeg 16w, https:\/\/casa.org.mx\/wp-content\/uploads\/2025\/05\/WhatsApp-Image-2025-05-05-at-5.35.46-PM.jpeg 1600w\" sizes=\"(max-width: 1024px) 100vw, 1024px\" \/><\/figure>\n\n\n\n<figure class=\"wp-block-image size-large\"><img loading=\"lazy\" decoding=\"async\" width=\"1024\" height=\"768\" data-id=\"10861\" src=\"https:\/\/casa.org.mx\/wp-content\/uploads\/2025\/05\/WhatsApp-Image-2025-05-05-at-5.35.45-PM-1024x768.jpeg\" alt=\"\" class=\"wp-image-10861\" srcset=\"https:\/\/casa.org.mx\/wp-content\/uploads\/2025\/05\/WhatsApp-Image-2025-05-05-at-5.35.45-PM-1024x768.jpeg 1024w, https:\/\/casa.org.mx\/wp-content\/uploads\/2025\/05\/WhatsApp-Image-2025-05-05-at-5.35.45-PM-300x225.jpeg 300w, https:\/\/casa.org.mx\/wp-content\/uploads\/2025\/05\/WhatsApp-Image-2025-05-05-at-5.35.45-PM-768x576.jpeg 768w, https:\/\/casa.org.mx\/wp-content\/uploads\/2025\/05\/WhatsApp-Image-2025-05-05-at-5.35.45-PM-1536x1152.jpeg 1536w, https:\/\/casa.org.mx\/wp-content\/uploads\/2025\/05\/WhatsApp-Image-2025-05-05-at-5.35.45-PM-16x12.jpeg 16w, https:\/\/casa.org.mx\/wp-content\/uploads\/2025\/05\/WhatsApp-Image-2025-05-05-at-5.35.45-PM.jpeg 1600w\" sizes=\"(max-width: 1024px) 100vw, 1024px\" \/><\/figure>\n\n\n\n<figure class=\"wp-block-image size-large\"><img loading=\"lazy\" decoding=\"async\" width=\"1024\" height=\"768\" data-id=\"10862\" src=\"https:\/\/casa.org.mx\/wp-content\/uploads\/2025\/05\/WhatsApp-Image-2025-05-05-at-5.35.37-PM-1024x768.jpeg\" alt=\"\" class=\"wp-image-10862\" srcset=\"https:\/\/casa.org.mx\/wp-content\/uploads\/2025\/05\/WhatsApp-Image-2025-05-05-at-5.35.37-PM-1024x768.jpeg 1024w, https:\/\/casa.org.mx\/wp-content\/uploads\/2025\/05\/WhatsApp-Image-2025-05-05-at-5.35.37-PM-300x225.jpeg 300w, https:\/\/casa.org.mx\/wp-content\/uploads\/2025\/05\/WhatsApp-Image-2025-05-05-at-5.35.37-PM-768x576.jpeg 768w, https:\/\/casa.org.mx\/wp-content\/uploads\/2025\/05\/WhatsApp-Image-2025-05-05-at-5.35.37-PM-1536x1152.jpeg 1536w, https:\/\/casa.org.mx\/wp-content\/uploads\/2025\/05\/WhatsApp-Image-2025-05-05-at-5.35.37-PM-16x12.jpeg 16w, https:\/\/casa.org.mx\/wp-content\/uploads\/2025\/05\/WhatsApp-Image-2025-05-05-at-5.35.37-PM.jpeg 1600w\" sizes=\"(max-width: 1024px) 100vw, 1024px\" \/><\/figure>\n\n\n\n<figure class=\"wp-block-image size-large\"><img loading=\"lazy\" decoding=\"async\" width=\"1024\" height=\"768\" data-id=\"10863\" src=\"https:\/\/casa.org.mx\/wp-content\/uploads\/2025\/05\/WhatsApp-Image-2025-05-05-at-5.35.25-PM-1024x768.jpeg\" alt=\"\" class=\"wp-image-10863\" srcset=\"https:\/\/casa.org.mx\/wp-content\/uploads\/2025\/05\/WhatsApp-Image-2025-05-05-at-5.35.25-PM-1024x768.jpeg 1024w, https:\/\/casa.org.mx\/wp-content\/uploads\/2025\/05\/WhatsApp-Image-2025-05-05-at-5.35.25-PM-300x225.jpeg 300w, https:\/\/casa.org.mx\/wp-content\/uploads\/2025\/05\/WhatsApp-Image-2025-05-05-at-5.35.25-PM-768x576.jpeg 768w, https:\/\/casa.org.mx\/wp-content\/uploads\/2025\/05\/WhatsApp-Image-2025-05-05-at-5.35.25-PM-1536x1152.jpeg 1536w, https:\/\/casa.org.mx\/wp-content\/uploads\/2025\/05\/WhatsApp-Image-2025-05-05-at-5.35.25-PM-16x12.jpeg 16w, https:\/\/casa.org.mx\/wp-content\/uploads\/2025\/05\/WhatsApp-Image-2025-05-05-at-5.35.25-PM.jpeg 1600w\" sizes=\"(max-width: 1024px) 100vw, 1024px\" \/><\/figure>\n\n\n\n<figure class=\"wp-block-image size-large\"><img loading=\"lazy\" decoding=\"async\" width=\"1024\" height=\"768\" data-id=\"10864\" src=\"https:\/\/casa.org.mx\/wp-content\/uploads\/2025\/05\/WhatsApp-Image-2025-05-05-at-5.35.21-PM-1024x768.jpeg\" alt=\"\" class=\"wp-image-10864\" srcset=\"https:\/\/casa.org.mx\/wp-content\/uploads\/2025\/05\/WhatsApp-Image-2025-05-05-at-5.35.21-PM-1024x768.jpeg 1024w, https:\/\/casa.org.mx\/wp-content\/uploads\/2025\/05\/WhatsApp-Image-2025-05-05-at-5.35.21-PM-300x225.jpeg 300w, https:\/\/casa.org.mx\/wp-content\/uploads\/2025\/05\/WhatsApp-Image-2025-05-05-at-5.35.21-PM-768x576.jpeg 768w, https:\/\/casa.org.mx\/wp-content\/uploads\/2025\/05\/WhatsApp-Image-2025-05-05-at-5.35.21-PM-1536x1152.jpeg 1536w, https:\/\/casa.org.mx\/wp-content\/uploads\/2025\/05\/WhatsApp-Image-2025-05-05-at-5.35.21-PM-16x12.jpeg 16w, https:\/\/casa.org.mx\/wp-content\/uploads\/2025\/05\/WhatsApp-Image-2025-05-05-at-5.35.21-PM.jpeg 1600w\" sizes=\"(max-width: 1024px) 100vw, 1024px\" \/><\/figure>\n<\/figure>\n\n\n\n<figure class=\"wp-block-embed is-type-video is-provider-youtube wp-block-embed-youtube wp-embed-aspect-16-9 wp-has-aspect-ratio\"><div class=\"wp-block-embed__wrapper\">\n<iframe title=\"Guardianas de la vida \/ Keepers of life - English subtitles\" width=\"1290\" height=\"726\" src=\"https:\/\/www.youtube.com\/embed\/DPOKnK4aR8s?feature=oembed\" frameborder=\"0\" allow=\"accelerometer; autoplay; clipboard-write; encrypted-media; gyroscope; picture-in-picture; web-share\" referrerpolicy=\"strict-origin-when-cross-origin\" allowfullscreen><\/iframe>\n<\/div><\/figure>\n","protected":false},"excerpt":{"rendered":"<p>Por: Ingrid Devesa\/ Periodico Correo Parteras ind\u00edgenas respaldan el proyecto de CASA en San Miguel de Allende, tras la aprobaci\u00f3n de la Norma 020 que reconoce su labor ancestral. San Miguel de Allende, Gto.-&nbsp;Luego de la reciente publicaci\u00f3n de la&nbsp;Norma 020, el&nbsp;Centro para los Adolescentes de San Miguel de Allende&nbsp;(CASA) busca convertir su cl\u00ednica, que [&hellip;]<\/p>\n","protected":false},"author":2,"featured_media":0,"parent":0,"menu_order":0,"comment_status":"closed","ping_status":"closed","template":"","meta":{"give_campaign_id":0,"_joinchat":[],"footnotes":""},"class_list":["post-10848","page","type-page","status-publish","hentry"],"blocksy_meta":[],"campaignId":"","_links":{"self":[{"href":"https:\/\/casa.org.mx\/es\/wp-json\/wp\/v2\/pages\/10848","targetHints":{"allow":["GET"]}}],"collection":[{"href":"https:\/\/casa.org.mx\/es\/wp-json\/wp\/v2\/pages"}],"about":[{"href":"https:\/\/casa.org.mx\/es\/wp-json\/wp\/v2\/types\/page"}],"author":[{"embeddable":true,"href":"https:\/\/casa.org.mx\/es\/wp-json\/wp\/v2\/users\/2"}],"replies":[{"embeddable":true,"href":"https:\/\/casa.org.mx\/es\/wp-json\/wp\/v2\/comments?post=10848"}],"version-history":[{"count":3,"href":"https:\/\/casa.org.mx\/es\/wp-json\/wp\/v2\/pages\/10848\/revisions"}],"predecessor-version":[{"id":11060,"href":"https:\/\/casa.org.mx\/es\/wp-json\/wp\/v2\/pages\/10848\/revisions\/11060"}],"wp:attachment":[{"href":"https:\/\/casa.org.mx\/es\/wp-json\/wp\/v2\/media?parent=10848"}],"curies":[{"name":"wp","href":"https:\/\/api.w.org\/{rel}","templated":true}]}}