{"id":11014,"date":"2025-05-26T08:44:29","date_gmt":"2025-05-26T06:44:29","guid":{"rendered":"https:\/\/casa.org.mx\/?page_id=11014"},"modified":"2025-05-28T21:54:01","modified_gmt":"2025-05-28T19:54:01","slug":"biblioteca-publica-rosario-castellano","status":"publish","type":"page","link":"https:\/\/casa.org.mx\/es\/programas\/bibliotecas\/biblioteca-publica-rosario-castellano\/","title":{"rendered":"Biblioteca P\u00fablica Rosario Castellano"},"content":{"rendered":"\n<div class=\"wp-block-group has-border-color has-cyan-bluish-gray-border-color has-background is-layout-constrained wp-block-group-is-layout-constrained\" style=\"border-width:1px;background-color:#edf1ff\">\n<h2 class=\"wp-block-heading has-text-align-center\"><strong><strong>Biblioteca <\/strong><\/strong>P\u00fablica Rosario Castellano<\/h2>\n\n\n\n<p class=\"has-text-align-center\"><strong>Un espacio de conocimiento y cultura<\/strong><\/p>\n<\/div>\n\n\n\n<div class=\"wp-block-media-text is-stacked-on-mobile has-border-color has-cyan-bluish-gray-border-color has-background\" style=\"border-width:1px;background-color:#edf1ff\"><figure class=\"wp-block-media-text__media\"><img fetchpriority=\"high\" decoding=\"async\" width=\"1024\" height=\"731\" src=\"https:\/\/casa.org.mx\/wp-content\/uploads\/2025\/03\/DSC_3912-1-scaled-e1607449767206-2048x1461-1-1024x731.jpg\" alt=\"\" class=\"wp-image-10644 size-full\" srcset=\"https:\/\/casa.org.mx\/wp-content\/uploads\/2025\/03\/DSC_3912-1-scaled-e1607449767206-2048x1461-1-1024x731.jpg 1024w, https:\/\/casa.org.mx\/wp-content\/uploads\/2025\/03\/DSC_3912-1-scaled-e1607449767206-2048x1461-1-300x214.jpg 300w, https:\/\/casa.org.mx\/wp-content\/uploads\/2025\/03\/DSC_3912-1-scaled-e1607449767206-2048x1461-1-768x548.jpg 768w, https:\/\/casa.org.mx\/wp-content\/uploads\/2025\/03\/DSC_3912-1-scaled-e1607449767206-2048x1461-1-1536x1096.jpg 1536w, https:\/\/casa.org.mx\/wp-content\/uploads\/2025\/03\/DSC_3912-1-scaled-e1607449767206-2048x1461-1-18x12.jpg 18w, https:\/\/casa.org.mx\/wp-content\/uploads\/2025\/03\/DSC_3912-1-scaled-e1607449767206-2048x1461-1.jpg 2048w\" sizes=\"(max-width: 1024px) 100vw, 1024px\" \/><\/figure><div class=\"wp-block-media-text__content\">\n<p>Registrada oficialmente ante la Direcci\u00f3n General de Bibliotecas con el n\u00famero 8312, <strong>la Biblioteca P\u00fablica Municipal Rosario Castellanos<\/strong> se instituye como un pilar fundamental en la promoci\u00f3n de la lectura y el aprendizaje en San Miguel de Allende. Desde su fundaci\u00f3n, ha ofrecido servicios gratuitos de pr\u00e9stamo de libros, actividades culturales y educativas que fomentan el desarrollo integral de ni\u00f1os, j\u00f3venes y adultos.<\/p>\n<\/div><\/div>\n\n\n\n<div class=\"wp-block-group has-border-color has-cyan-bluish-gray-border-color has-background is-nowrap is-layout-flex wp-container-core-group-is-layout-6c531013 wp-block-group-is-layout-flex\" style=\"border-width:1px;background-color:#edf1ff\">\n<p>Como parte del programa integral de CASA A.C., esta biblioteca se distingue por su compromiso con la educaci\u00f3n y el desarrollo cultural, brindando servicios gratuitos de pr\u00e9stamo de libros, consultas en sala y orientaci\u00f3n bibliogr\u00e1fica. Adem\u00e1s, impulsa un amplio abanico de actividades educativas y culturales dise\u00f1adas para fomentar el pensamiento cr\u00edtico y el amor por la lectura en ni\u00f1os, j\u00f3venes y adultos.<\/p>\n<\/div>\n\n\n\n<div class=\"wp-block-media-text has-media-on-the-right is-stacked-on-mobile has-border-color has-cyan-bluish-gray-border-color has-background\" style=\"border-width:1px;background-color:#edf1ff\"><div class=\"wp-block-media-text__content\">\n<p>Con un enfoque inclusivo y accesible, esta biblioteca sigue expandiendo sus servicios para garantizar que todas las personas, sin importar su edad o condici\u00f3n, tengan la oportunidad de explorar el maravilloso universo de la lectura y el conocimiento.<\/p>\n<\/div><figure class=\"wp-block-media-text__media\"><img decoding=\"async\" width=\"1024\" height=\"768\" src=\"https:\/\/casa.org.mx\/wp-content\/uploads\/2025\/05\/IMG_7736-1024x768.jpg\" alt=\"\" class=\"wp-image-11066 size-full\" srcset=\"https:\/\/casa.org.mx\/wp-content\/uploads\/2025\/05\/IMG_7736-1024x768.jpg 1024w, https:\/\/casa.org.mx\/wp-content\/uploads\/2025\/05\/IMG_7736-300x225.jpg 300w, https:\/\/casa.org.mx\/wp-content\/uploads\/2025\/05\/IMG_7736-768x576.jpg 768w, https:\/\/casa.org.mx\/wp-content\/uploads\/2025\/05\/IMG_7736-16x12.jpg 16w, https:\/\/casa.org.mx\/wp-content\/uploads\/2025\/05\/IMG_7736.jpg 1211w\" sizes=\"(max-width: 1024px) 100vw, 1024px\" \/><\/figure><\/div>\n\n\n\n<div class=\"wp-block-group has-border-color has-cyan-bluish-gray-border-color has-background is-vertical is-layout-flex wp-container-core-group-is-layout-fe9cc265 wp-block-group-is-layout-flex\" style=\"border-width:1px;background-color:#edf1ff\">\n<h2 class=\"wp-block-heading\">Servicios<\/h2>\n\n\n\n<ul class=\"wp-block-list\">\n<li>Pr\u00e9stamo de libros<\/li>\n\n\n\n<li>Servicios de consulta<\/li>\n\n\n\n<li>Pr\u00e9stamo especial<\/li>\n\n\n\n<li>Biblioteca Digital<\/li>\n\n\n\n<li>Espacios culturales y<\/li>\n\n\n\n<li>talleres<\/li>\n\n\n\n<li>Proyecciones de pel\u00edculas<\/li>\n<\/ul>\n\n\n\n<p>Consulta m\u00e1s en la p\u00e1gina de \u201cServicios\u201d<\/p>\n<\/div>\n\n\n\n<p><\/p>\n\n\n\n<hr class=\"wp-block-separator has-alpha-channel-opacity\"\/>\n\n\n\n<p><\/p>\n","protected":false},"excerpt":{"rendered":"<p>Biblioteca P\u00fablica Rosario Castellano Un espacio de conocimiento y cultura Registrada oficialmente ante la Direcci\u00f3n General de Bibliotecas con el n\u00famero 8312, la Biblioteca P\u00fablica Municipal Rosario Castellanos se instituye como un pilar fundamental en la promoci\u00f3n de la lectura y el aprendizaje en San Miguel de Allende. Desde su fundaci\u00f3n, ha ofrecido servicios gratuitos [&hellip;]<\/p>\n","protected":false},"author":6,"featured_media":0,"parent":10908,"menu_order":0,"comment_status":"closed","ping_status":"closed","template":"","meta":{"give_campaign_id":0,"_joinchat":[],"footnotes":""},"class_list":["post-11014","page","type-page","status-publish","hentry"],"blocksy_meta":{"background":{"background_type":"image","background_pattern":"type-1","background_image":{"attachment_id":10625,"x":0,"y":0,"url":"https:\/\/casa.org.mx\/wp-content\/uploads\/2025\/03\/360_F_747872866_je0eDEtSaIPy6QntTjQ65HRcGK34pUeA-300x131.jpg"},"gradient":"linear-gradient(135deg,rgba(6,147,227,1) 0%,rgb(155,81,224) 100%)","background_repeat":"repeat","background_size":"auto","background_attachment":"scroll","patternColor":{"default":{"color":"#e5e7ea"}},"overlayColor":{"default":{"color":"CT_CSS_SKIP_RULE"}},"backgroundColor":{"default":{"color":"#ffffff"}}},"has_hero_section":"disabled","styles_descriptor":{"styles":{"desktop":"[data-prefix=\"single_page\"] {background-position:0% 0%;background-color:#ffffff;background-image:url(https:\/\/casa.org.mx\/wp-content\/uploads\/2025\/03\/360_F_747872866_je0eDEtSaIPy6QntTjQ65HRcGK34pUeA.jpg);}","tablet":"","mobile":""},"google_fonts":[],"version":6}},"campaignId":"","_links":{"self":[{"href":"https:\/\/casa.org.mx\/es\/wp-json\/wp\/v2\/pages\/11014","targetHints":{"allow":["GET"]}}],"collection":[{"href":"https:\/\/casa.org.mx\/es\/wp-json\/wp\/v2\/pages"}],"about":[{"href":"https:\/\/casa.org.mx\/es\/wp-json\/wp\/v2\/types\/page"}],"author":[{"embeddable":true,"href":"https:\/\/casa.org.mx\/es\/wp-json\/wp\/v2\/users\/6"}],"replies":[{"embeddable":true,"href":"https:\/\/casa.org.mx\/es\/wp-json\/wp\/v2\/comments?post=11014"}],"version-history":[{"count":8,"href":"https:\/\/casa.org.mx\/es\/wp-json\/wp\/v2\/pages\/11014\/revisions"}],"predecessor-version":[{"id":11067,"href":"https:\/\/casa.org.mx\/es\/wp-json\/wp\/v2\/pages\/11014\/revisions\/11067"}],"up":[{"embeddable":true,"href":"https:\/\/casa.org.mx\/es\/wp-json\/wp\/v2\/pages\/10908"}],"wp:attachment":[{"href":"https:\/\/casa.org.mx\/es\/wp-json\/wp\/v2\/media?parent=11014"}],"curies":[{"name":"wp","href":"https:\/\/api.w.org\/{rel}","templated":true}]}}