{"id":11022,"date":"2025-05-26T08:50:10","date_gmt":"2025-05-26T06:50:10","guid":{"rendered":"https:\/\/casa.org.mx\/?page_id=11022"},"modified":"2025-05-28T21:52:58","modified_gmt":"2025-05-28T19:52:58","slug":"bibliotecas-callejeras","status":"publish","type":"page","link":"https:\/\/casa.org.mx\/es\/programas\/bibliotecas\/bibliotecas-callejeras\/","title":{"rendered":"Bibliotecas Callejeras"},"content":{"rendered":"\n<div class=\"wp-block-group has-border-color has-cyan-bluish-gray-border-color has-background is-layout-constrained wp-block-group-is-layout-constrained\" style=\"border-width:1px;background-color:#edf1ff\">\n<h2 class=\"wp-block-heading has-text-align-center\">Bibliotecas Callejeras<\/h2>\n\n\n\n<p class=\"has-text-align-center\">&#8220;La cultura no tiene muros ni puertas,<br>nuestras bibliotecas tampoco.&#8221;<\/p>\n<\/div>\n\n\n\n<div class=\"wp-block-media-text is-stacked-on-mobile has-border-color has-cyan-bluish-gray-border-color has-background\" style=\"border-width:1px;background-color:#edf1ff\"><figure class=\"wp-block-media-text__media\"><img fetchpriority=\"high\" decoding=\"async\" width=\"1024\" height=\"725\" src=\"https:\/\/casa.org.mx\/wp-content\/uploads\/2025\/05\/WhatsApp-Image-2025-05-22-at-22.04.40-4-1024x725.jpeg\" alt=\"\" class=\"wp-image-11068 size-full\" srcset=\"https:\/\/casa.org.mx\/wp-content\/uploads\/2025\/05\/WhatsApp-Image-2025-05-22-at-22.04.40-4-1024x725.jpeg 1024w, https:\/\/casa.org.mx\/wp-content\/uploads\/2025\/05\/WhatsApp-Image-2025-05-22-at-22.04.40-4-300x212.jpeg 300w, https:\/\/casa.org.mx\/wp-content\/uploads\/2025\/05\/WhatsApp-Image-2025-05-22-at-22.04.40-4-768x543.jpeg 768w, https:\/\/casa.org.mx\/wp-content\/uploads\/2025\/05\/WhatsApp-Image-2025-05-22-at-22.04.40-4-18x12.jpeg 18w, https:\/\/casa.org.mx\/wp-content\/uploads\/2025\/05\/WhatsApp-Image-2025-05-22-at-22.04.40-4.jpeg 1211w\" sizes=\"(max-width: 1024px) 100vw, 1024px\" \/><\/figure><div class=\"wp-block-media-text__content\">\n<p>Las Bibliotecas Callejeras son mucho m\u00e1s que estanter\u00edas con libros. Son espacios creados dentro de casas de madres de familia que, con generosidad y compromiso, abren sus puertas para compartir el conocimiento con sus vecinos. Cada hogar que se convierte en una Biblioteca Callejera se transforma en un refugio de historias, un punto de encuentro donde la lectura despierta sue\u00f1os, fortalece la educaci\u00f3n y une a la comunidad.<\/p>\n<\/div><\/div>\n\n\n\n<div class=\"wp-block-group has-border-color has-cyan-bluish-gray-border-color has-background is-nowrap is-layout-flex wp-container-core-group-is-layout-6c531013 wp-block-group-is-layout-flex\" style=\"border-width:1px;background-color:#edf1ff\">\n<p>Este esfuerzo fue reconocido en 2020, cuando ganamos el Iberbibliotecas gracias a nuestra respuesta ante la pandemia del COVID-19, que destac\u00f3 la importancia de la lectura y el apoyo comunitario en tiempos de adversidad. Es un hermoso testimonio del impacto que las Bibliotecas Callejeras han tenido en la comunidad, no solo como espacios de aprendizaje, sino tambi\u00e9n como agentes de cambio social. \u00a1Qu\u00e9 inspiraci\u00f3n!<\/p>\n<\/div>\n\n\n\n<div class=\"wp-block-media-text has-media-on-the-right is-stacked-on-mobile has-border-color has-cyan-bluish-gray-border-color has-background\" style=\"border-width:1px;background-color:#edf1ff\"><div class=\"wp-block-media-text__content\">\n<p>Para asegurar el \u00e9xito y el impacto de cada biblioteca, brindamos seguimiento continuo a las familias anfitrionas, capacit\u00e1ndolas y form\u00e1ndolas como bibliotecarias comunitarias. Acompa\u00f1amos su proceso, les proporcionamos herramientas y estrategias para dinamizar el espacio, organizar los libros y fomentar el amor por la lectura en su comunidad. Con este acompa\u00f1amiento, garantizamos que cada biblioteca sea un espacio vivo, en constante crecimiento y con un impacto duradero.<\/p>\n<\/div><figure class=\"wp-block-media-text__media\"><img decoding=\"async\" width=\"1024\" height=\"768\" src=\"https:\/\/casa.org.mx\/wp-content\/uploads\/2025\/05\/IMG_7705-1024x768.jpg\" alt=\"\" class=\"wp-image-11069 size-full\" srcset=\"https:\/\/casa.org.mx\/wp-content\/uploads\/2025\/05\/IMG_7705-1024x768.jpg 1024w, https:\/\/casa.org.mx\/wp-content\/uploads\/2025\/05\/IMG_7705-300x225.jpg 300w, https:\/\/casa.org.mx\/wp-content\/uploads\/2025\/05\/IMG_7705-768x576.jpg 768w, https:\/\/casa.org.mx\/wp-content\/uploads\/2025\/05\/IMG_7705-16x12.jpg 16w, https:\/\/casa.org.mx\/wp-content\/uploads\/2025\/05\/IMG_7705.jpg 1211w\" sizes=\"(max-width: 1024px) 100vw, 1024px\" \/><\/figure><\/div>\n\n\n\n<p><\/p>\n\n\n\n<hr class=\"wp-block-separator has-alpha-channel-opacity\"\/>\n\n\n\n<p><\/p>\n","protected":false},"excerpt":{"rendered":"<p>Bibliotecas Callejeras &#8220;La cultura no tiene muros ni puertas,nuestras bibliotecas tampoco.&#8221; Las Bibliotecas Callejeras son mucho m\u00e1s que estanter\u00edas con libros. Son espacios creados dentro de casas de madres de familia que, con generosidad y compromiso, abren sus puertas para compartir el conocimiento con sus vecinos. Cada hogar que se convierte en una Biblioteca Callejera [&hellip;]<\/p>\n","protected":false},"author":6,"featured_media":0,"parent":10908,"menu_order":0,"comment_status":"closed","ping_status":"closed","template":"","meta":{"give_campaign_id":0,"_joinchat":[],"footnotes":""},"class_list":["post-11022","page","type-page","status-publish","hentry"],"blocksy_meta":{"has_hero_section":"disabled","background":{"background_type":"image","background_pattern":"type-1","background_image":{"attachment_id":10625,"x":0,"y":0,"url":"https:\/\/casa.org.mx\/wp-content\/uploads\/2025\/03\/360_F_747872866_je0eDEtSaIPy6QntTjQ65HRcGK34pUeA-300x131.jpg"},"gradient":"linear-gradient(135deg,rgba(6,147,227,1) 0%,rgb(155,81,224) 100%)","background_repeat":"repeat","background_size":"auto","background_attachment":"scroll","patternColor":{"default":{"color":"#e5e7ea"}},"overlayColor":{"default":{"color":"CT_CSS_SKIP_RULE"}},"backgroundColor":{"default":{"color":"#ffffff"}}},"styles_descriptor":{"styles":{"desktop":"[data-prefix=\"single_page\"] {background-position:0% 0%;background-color:#ffffff;background-image:url(https:\/\/casa.org.mx\/wp-content\/uploads\/2025\/03\/360_F_747872866_je0eDEtSaIPy6QntTjQ65HRcGK34pUeA.jpg);}","tablet":"","mobile":""},"google_fonts":[],"version":6}},"campaignId":"","_links":{"self":[{"href":"https:\/\/casa.org.mx\/es\/wp-json\/wp\/v2\/pages\/11022","targetHints":{"allow":["GET"]}}],"collection":[{"href":"https:\/\/casa.org.mx\/es\/wp-json\/wp\/v2\/pages"}],"about":[{"href":"https:\/\/casa.org.mx\/es\/wp-json\/wp\/v2\/types\/page"}],"author":[{"embeddable":true,"href":"https:\/\/casa.org.mx\/es\/wp-json\/wp\/v2\/users\/6"}],"replies":[{"embeddable":true,"href":"https:\/\/casa.org.mx\/es\/wp-json\/wp\/v2\/comments?post=11022"}],"version-history":[{"count":2,"href":"https:\/\/casa.org.mx\/es\/wp-json\/wp\/v2\/pages\/11022\/revisions"}],"predecessor-version":[{"id":11070,"href":"https:\/\/casa.org.mx\/es\/wp-json\/wp\/v2\/pages\/11022\/revisions\/11070"}],"up":[{"embeddable":true,"href":"https:\/\/casa.org.mx\/es\/wp-json\/wp\/v2\/pages\/10908"}],"wp:attachment":[{"href":"https:\/\/casa.org.mx\/es\/wp-json\/wp\/v2\/media?parent=11022"}],"curies":[{"name":"wp","href":"https:\/\/api.w.org\/{rel}","templated":true}]}}