{"id":11025,"date":"2025-05-26T08:55:02","date_gmt":"2025-05-26T06:55:02","guid":{"rendered":"https:\/\/casa.org.mx\/?page_id=11025"},"modified":"2025-05-28T22:33:31","modified_gmt":"2025-05-28T20:33:31","slug":"biblioteca-movil","status":"publish","type":"page","link":"https:\/\/casa.org.mx\/es\/programas\/bibliotecas\/biblioteca-movil\/","title":{"rendered":"Biblioteca M\u00f3vil"},"content":{"rendered":"\n<div class=\"wp-block-group has-border-color has-cyan-bluish-gray-border-color has-background is-layout-constrained wp-block-group-is-layout-constrained\" style=\"border-width:1px;background-color:#edf1ff\">\n<div class=\"wp-block-group is-content-justification-space-between is-nowrap is-layout-flex wp-container-core-group-is-layout-cb46ffcb wp-block-group-is-layout-flex\">\n<div class=\"wp-block-group is-vertical is-layout-flex wp-container-core-group-is-layout-fe9cc265 wp-block-group-is-layout-flex\">\n<h2 class=\"wp-block-heading has-text-align-center\"><strong><strong>Biblioteca M\u00f3vil<\/strong><\/strong><\/h2>\n\n\n\n<p class=\"has-text-align-center\">Libros en movimiento,<br>conocimiento sin fronteras<\/p>\n<\/div>\n\n\n\n<figure class=\"wp-block-image size-full\"><img decoding=\"async\" width=\"162\" height=\"144\" src=\"https:\/\/casa.org.mx\/wp-content\/uploads\/2025\/05\/WhatsApp-Image-2025-05-25-at-23.20.57.jpeg\" alt=\"\" class=\"wp-image-10988\" srcset=\"https:\/\/casa.org.mx\/wp-content\/uploads\/2025\/05\/WhatsApp-Image-2025-05-25-at-23.20.57.jpeg 162w, https:\/\/casa.org.mx\/wp-content\/uploads\/2025\/05\/WhatsApp-Image-2025-05-25-at-23.20.57-14x12.jpeg 14w\" sizes=\"(max-width: 162px) 100vw, 162px\" \/><\/figure>\n<\/div>\n<\/div>\n\n\n\n<div class=\"wp-block-media-text is-stacked-on-mobile has-border-color has-cyan-bluish-gray-border-color has-background\" style=\"border-width:1px;background-color:#edf1ff\"><figure class=\"wp-block-media-text__media\"><img fetchpriority=\"high\" decoding=\"async\" width=\"1024\" height=\"768\" src=\"https:\/\/casa.org.mx\/wp-content\/uploads\/2025\/05\/WhatsApp-Image-2025-02-27-at-12.40.53-1024x768.jpeg\" alt=\"\" class=\"wp-image-11026 size-full\" srcset=\"https:\/\/casa.org.mx\/wp-content\/uploads\/2025\/05\/WhatsApp-Image-2025-02-27-at-12.40.53-1024x768.jpeg 1024w, https:\/\/casa.org.mx\/wp-content\/uploads\/2025\/05\/WhatsApp-Image-2025-02-27-at-12.40.53-300x225.jpeg 300w, https:\/\/casa.org.mx\/wp-content\/uploads\/2025\/05\/WhatsApp-Image-2025-02-27-at-12.40.53-768x576.jpeg 768w, https:\/\/casa.org.mx\/wp-content\/uploads\/2025\/05\/WhatsApp-Image-2025-02-27-at-12.40.53-16x12.jpeg 16w, https:\/\/casa.org.mx\/wp-content\/uploads\/2025\/05\/WhatsApp-Image-2025-02-27-at-12.40.53.jpeg 1280w\" sizes=\"(max-width: 1024px) 100vw, 1024px\" \/><\/figure><div class=\"wp-block-media-text__content\">\n<p>En el a\u00f1o 2018, gracias a la donaci\u00f3n de Club Rotario, en CASA A.C., sabemos que no todas las comunidades tienen acceso f\u00e1cil a una biblioteca, pero tambi\u00e9n sabemos que los libros pueden viajar. Por eso, con nuestra Biblioteca M\u00f3vil, llevamos la magia de la lectura hasta donde m\u00e1s se necesita.<\/p>\n\n\n\n<p>Nuestra Biblioteca M\u00f3vil es un espacio itinerante dise\u00f1ado para llegar a comunidades rurales, colonias con acceso limitado a recursos educativos y espacios p\u00fablicos donde la lectura puede marcar la diferencia. A trav\u00e9s de este programa, transportamos libros, actividades culturales y talleres de fomento a la lectura directamente a plazas, parques, escuelas y centros comunitarios, asegurando que nadie se quede sin la oportunidad de descubrir el poder de un buen libro.<\/p>\n<\/div><\/div>\n\n\n\n<div class=\"wp-block-group has-border-color has-cyan-bluish-gray-border-color has-background is-nowrap is-layout-flex wp-container-core-group-is-layout-6c531013 wp-block-group-is-layout-flex\" style=\"border-width:1px;background-color:#edf1ff\">\n<p>Pero no solo llevamos libros, sino que tambi\u00e9n formamos lectores y creamos experiencias inolvidables. A trav\u00e9s de cuentacuentos, c\u00edrculos de lectura, talleres creativos y juegos literarios, buscamos que ni\u00f1os, j\u00f3venes y adultos no solo lean, sino que vivan la lectura de manera divertida, interactiva y significativa. Estas actividades fomentan la imaginaci\u00f3n, el pensamiento cr\u00edtico y el amor por los libros, ofreciendo una experiencia enriquecedora que trasciende m\u00e1s all\u00e1 de las p\u00e1ginas.<\/p>\n<\/div>\n\n\n\n<div class=\"wp-block-media-text has-media-on-the-right is-stacked-on-mobile has-border-color has-cyan-bluish-gray-border-color has-background\" style=\"border-width:1px;background-color:#edf1ff\"><div class=\"wp-block-media-text__content\">\n<p>Adem\u00e1s, brindamos capacitaci\u00f3n y acompa\u00f1amiento a mediadores de lectura en cada comunidad, asegurando que el impacto de la Biblioteca M\u00f3vil contin\u00fae m\u00e1s all\u00e1 de nuestras visitas. Acompa\u00f1amos a docentes, voluntarios y familias en el proceso de crear espacios donde los libros sean accesibles y formen parte del d\u00eda a d\u00eda de la comunidad.<\/p>\n\n\n\n<p><\/p>\n<\/div><figure class=\"wp-block-media-text__media\"><img decoding=\"async\" width=\"497\" height=\"286\" src=\"https:\/\/casa.org.mx\/wp-content\/uploads\/2025\/05\/WhatsApp-Image-2025-05-25-at-21.18.12.jpeg\" alt=\"\" class=\"wp-image-10957 size-full\" srcset=\"https:\/\/casa.org.mx\/wp-content\/uploads\/2025\/05\/WhatsApp-Image-2025-05-25-at-21.18.12.jpeg 497w, https:\/\/casa.org.mx\/wp-content\/uploads\/2025\/05\/WhatsApp-Image-2025-05-25-at-21.18.12-300x173.jpeg 300w, https:\/\/casa.org.mx\/wp-content\/uploads\/2025\/05\/WhatsApp-Image-2025-05-25-at-21.18.12-18x10.jpeg 18w\" sizes=\"(max-width: 497px) 100vw, 497px\" \/><\/figure><\/div>\n\n\n\n<p><\/p>\n\n\n\n<hr class=\"wp-block-separator has-alpha-channel-opacity\"\/>\n\n\n\n<p><\/p>\n","protected":false},"excerpt":{"rendered":"<p>Biblioteca M\u00f3vil Libros en movimiento,conocimiento sin fronteras En el a\u00f1o 2018, gracias a la donaci\u00f3n de Club Rotario, en CASA A.C., sabemos que no todas las comunidades tienen acceso f\u00e1cil a una biblioteca, pero tambi\u00e9n sabemos que los libros pueden viajar. Por eso, con nuestra Biblioteca M\u00f3vil, llevamos la magia de la lectura hasta donde [&hellip;]<\/p>\n","protected":false},"author":6,"featured_media":0,"parent":10908,"menu_order":0,"comment_status":"closed","ping_status":"closed","template":"","meta":{"give_campaign_id":0,"_joinchat":[],"footnotes":""},"class_list":["post-11025","page","type-page","status-publish","hentry"],"blocksy_meta":{"has_hero_section":"disabled","styles_descriptor":{"styles":{"desktop":"[data-prefix=\"single_page\"] {background-position:0% 0%;background-color:#ffffff;background-image:url(https:\/\/casa.org.mx\/wp-content\/uploads\/2025\/03\/360_F_747872866_je0eDEtSaIPy6QntTjQ65HRcGK34pUeA.jpg);}","tablet":"","mobile":""},"google_fonts":[],"version":6},"background":{"background_type":"image","background_pattern":"type-1","background_image":{"attachment_id":10625,"x":0,"y":0,"url":"https:\/\/casa.org.mx\/wp-content\/uploads\/2025\/03\/360_F_747872866_je0eDEtSaIPy6QntTjQ65HRcGK34pUeA-300x131.jpg"},"gradient":"linear-gradient(135deg,rgba(6,147,227,1) 0%,rgb(155,81,224) 100%)","background_repeat":"repeat","background_size":"auto","background_attachment":"scroll","patternColor":{"default":{"color":"#e5e7ea"}},"overlayColor":{"default":{"color":"CT_CSS_SKIP_RULE"}},"backgroundColor":{"default":{"color":"#ffffff"}}}},"campaignId":"","_links":{"self":[{"href":"https:\/\/casa.org.mx\/es\/wp-json\/wp\/v2\/pages\/11025","targetHints":{"allow":["GET"]}}],"collection":[{"href":"https:\/\/casa.org.mx\/es\/wp-json\/wp\/v2\/pages"}],"about":[{"href":"https:\/\/casa.org.mx\/es\/wp-json\/wp\/v2\/types\/page"}],"author":[{"embeddable":true,"href":"https:\/\/casa.org.mx\/es\/wp-json\/wp\/v2\/users\/6"}],"replies":[{"embeddable":true,"href":"https:\/\/casa.org.mx\/es\/wp-json\/wp\/v2\/comments?post=11025"}],"version-history":[{"count":2,"href":"https:\/\/casa.org.mx\/es\/wp-json\/wp\/v2\/pages\/11025\/revisions"}],"predecessor-version":[{"id":11143,"href":"https:\/\/casa.org.mx\/es\/wp-json\/wp\/v2\/pages\/11025\/revisions\/11143"}],"up":[{"embeddable":true,"href":"https:\/\/casa.org.mx\/es\/wp-json\/wp\/v2\/pages\/10908"}],"wp:attachment":[{"href":"https:\/\/casa.org.mx\/es\/wp-json\/wp\/v2\/media?parent=11025"}],"curies":[{"name":"wp","href":"https:\/\/api.w.org\/{rel}","templated":true}]}}