{"id":11029,"date":"2025-05-26T09:00:45","date_gmt":"2025-05-26T07:00:45","guid":{"rendered":"https:\/\/casa.org.mx\/?page_id=11029"},"modified":"2025-05-28T21:53:33","modified_gmt":"2025-05-28T19:53:33","slug":"programa-de-lectura-temprana-amar-los-libros","status":"publish","type":"page","link":"https:\/\/casa.org.mx\/es\/programas\/bibliotecas\/programa-de-lectura-temprana-amar-los-libros\/","title":{"rendered":"Programa de Lectura Temprana: \u201cAmar los Libros\u201d"},"content":{"rendered":"\n<div class=\"wp-block-group has-border-color has-cyan-bluish-gray-border-color has-background is-layout-constrained wp-block-group-is-layout-constrained\" style=\"border-width:1px;background-color:#edf1ff\">\n<h2 class=\"wp-block-heading has-text-align-center\"><strong><strong>Programa de Lectura Temprana:<\/strong><\/strong><br><strong><strong>\u201cAmar los Libros\u201d<\/strong><\/strong><\/h2>\n<\/div>\n\n\n\n<div class=\"wp-block-media-text is-stacked-on-mobile has-border-color has-cyan-bluish-gray-border-color has-background\" style=\"border-width:1px;background-color:#edf1ff\"><figure class=\"wp-block-media-text__media\"><img fetchpriority=\"high\" decoding=\"async\" width=\"1024\" height=\"576\" src=\"https:\/\/casa.org.mx\/wp-content\/uploads\/2025\/05\/WhatsApp-Image-2025-02-27-at-13.52.40-1024x576.jpeg\" alt=\"\" class=\"wp-image-11030 size-full\" srcset=\"https:\/\/casa.org.mx\/wp-content\/uploads\/2025\/05\/WhatsApp-Image-2025-02-27-at-13.52.40-1024x576.jpeg 1024w, https:\/\/casa.org.mx\/wp-content\/uploads\/2025\/05\/WhatsApp-Image-2025-02-27-at-13.52.40-300x169.jpeg 300w, https:\/\/casa.org.mx\/wp-content\/uploads\/2025\/05\/WhatsApp-Image-2025-02-27-at-13.52.40-768x432.jpeg 768w, https:\/\/casa.org.mx\/wp-content\/uploads\/2025\/05\/WhatsApp-Image-2025-02-27-at-13.52.40-1536x864.jpeg 1536w, https:\/\/casa.org.mx\/wp-content\/uploads\/2025\/05\/WhatsApp-Image-2025-02-27-at-13.52.40-18x10.jpeg 18w, https:\/\/casa.org.mx\/wp-content\/uploads\/2025\/05\/WhatsApp-Image-2025-02-27-at-13.52.40.jpeg 1571w\" sizes=\"(max-width: 1024px) 100vw, 1024px\" \/><\/figure><div class=\"wp-block-media-text__content\">\n<p>En CASA A.C., nos enorgullece presentar nuestro Programa de Lectura a Temprana Edad: Creciendo con Cuentos, una iniciativa \u00fanica a nivel nacional que tiene como objetivo sembrar, desde la infancia, el amor por la lectura. Este programa, innovador en su enfoque, permite que los peque\u00f1os del jard\u00edn de ni\u00f1os de CASA A.C. asistan todos los d\u00edas a la Biblioteca P\u00fablica CASA A.C. para realizar actividades de lectura y aprendizaje l\u00fadico.<\/p>\n<\/div><\/div>\n\n\n\n<div class=\"wp-block-group has-border-color has-cyan-bluish-gray-border-color has-background is-vertical is-layout-flex wp-container-core-group-is-layout-fe9cc265 wp-block-group-is-layout-flex\" style=\"border-width:1px;background-color:#edf1ff\">\n<p>Con el paso del tiempo, aspiramos a que este modelo se expanda y forme parte nacional de lectura en jardines de ni\u00f1os, contribuyendo al desarrollo educativo desde los primeros a\u00f1os de vida. Nuestro objetivo es que este programa sea implementado en las guarder\u00edas del IMSS, para lo cual estamos trabajando en la propuesta de una norma oficial que lo respalde a nivel gubernamental, asegurando que m\u00e1s ni\u00f1os tengan acceso a este valioso enfoque educativo.<\/p>\n\n\n\n<p>El impacto de este programa no solo se mide en el desarrollo de los ni\u00f1os, sino en la creaci\u00f3n de una cultura de lectura que transforme generaciones.<\/p>\n\n\n\n<p>Con este esfuerzo, buscamos que los ni\u00f1os crezcan rodeados de historias que los acompa\u00f1en a lo largo de su vida, prepar\u00e1ndolos para ser individuos cr\u00edticos, creativos y apasionados por el conocimiento.<\/p>\n<\/div>\n\n\n\n<div class=\"wp-block-media-text has-media-on-the-right is-stacked-on-mobile has-border-color has-cyan-bluish-gray-border-color has-background\" style=\"border-width:1px;background-color:#edf1ff\"><div class=\"wp-block-media-text__content\">\n<p>Adem\u00e1s, brindamos capacitaci\u00f3n y acompa\u00f1amiento a mediadores de lectura en cada comunidad, asegurando que el impacto de la Biblioteca M\u00f3vil contin\u00fae m\u00e1s all\u00e1 de nuestras visitas. Acompa\u00f1amos a docentes, voluntarios y familias en el proceso de crear espacios donde los libros sean accesibles y formen parte del d\u00eda a d\u00eda de la comunidad.<\/p>\n<\/div><figure class=\"wp-block-media-text__media\"><img decoding=\"async\" width=\"1024\" height=\"770\" src=\"https:\/\/casa.org.mx\/wp-content\/uploads\/2025\/03\/WhatsApp-Image-2024-11-14-at-10.31.22-AM-1-1-1024x770.jpeg\" alt=\"\" class=\"wp-image-10662 size-full\" srcset=\"https:\/\/casa.org.mx\/wp-content\/uploads\/2025\/03\/WhatsApp-Image-2024-11-14-at-10.31.22-AM-1-1-1024x770.jpeg 1024w, https:\/\/casa.org.mx\/wp-content\/uploads\/2025\/03\/WhatsApp-Image-2024-11-14-at-10.31.22-AM-1-1-300x226.jpeg 300w, https:\/\/casa.org.mx\/wp-content\/uploads\/2025\/03\/WhatsApp-Image-2024-11-14-at-10.31.22-AM-1-1-768x578.jpeg 768w, https:\/\/casa.org.mx\/wp-content\/uploads\/2025\/03\/WhatsApp-Image-2024-11-14-at-10.31.22-AM-1-1-16x12.jpeg 16w, https:\/\/casa.org.mx\/wp-content\/uploads\/2025\/03\/WhatsApp-Image-2024-11-14-at-10.31.22-AM-1-1.jpeg 1280w\" sizes=\"(max-width: 1024px) 100vw, 1024px\" \/><\/figure><\/div>\n\n\n\n<p><\/p>\n\n\n\n<hr class=\"wp-block-separator has-alpha-channel-opacity\"\/>\n\n\n\n<p><\/p>\n","protected":false},"excerpt":{"rendered":"<p>Programa de Lectura Temprana:\u201cAmar los Libros\u201d En CASA A.C., nos enorgullece presentar nuestro Programa de Lectura a Temprana Edad: Creciendo con Cuentos, una iniciativa \u00fanica a nivel nacional que tiene como objetivo sembrar, desde la infancia, el amor por la lectura. Este programa, innovador en su enfoque, permite que los peque\u00f1os del jard\u00edn de ni\u00f1os [&hellip;]<\/p>\n","protected":false},"author":6,"featured_media":0,"parent":10908,"menu_order":0,"comment_status":"closed","ping_status":"closed","template":"","meta":{"give_campaign_id":0,"_joinchat":[],"footnotes":""},"class_list":["post-11029","page","type-page","status-publish","hentry"],"blocksy_meta":{"has_hero_section":"disabled","background":{"background_type":"image","background_pattern":"type-1","background_image":{"attachment_id":10625,"x":0,"y":0,"url":"https:\/\/casa.org.mx\/wp-content\/uploads\/2025\/03\/360_F_747872866_je0eDEtSaIPy6QntTjQ65HRcGK34pUeA-300x131.jpg"},"gradient":"linear-gradient(135deg,rgba(6,147,227,1) 0%,rgb(155,81,224) 100%)","background_repeat":"repeat","background_size":"auto","background_attachment":"scroll","patternColor":{"default":{"color":"#e5e7ea"}},"overlayColor":{"default":{"color":"CT_CSS_SKIP_RULE"}},"backgroundColor":{"default":{"color":"#ffffff"}}},"styles_descriptor":{"styles":{"desktop":"[data-prefix=\"single_page\"] {background-position:0% 0%;background-color:#ffffff;background-image:url(https:\/\/casa.org.mx\/wp-content\/uploads\/2025\/03\/360_F_747872866_je0eDEtSaIPy6QntTjQ65HRcGK34pUeA.jpg);}","tablet":"","mobile":""},"google_fonts":[],"version":6}},"campaignId":"","_links":{"self":[{"href":"https:\/\/casa.org.mx\/es\/wp-json\/wp\/v2\/pages\/11029","targetHints":{"allow":["GET"]}}],"collection":[{"href":"https:\/\/casa.org.mx\/es\/wp-json\/wp\/v2\/pages"}],"about":[{"href":"https:\/\/casa.org.mx\/es\/wp-json\/wp\/v2\/types\/page"}],"author":[{"embeddable":true,"href":"https:\/\/casa.org.mx\/es\/wp-json\/wp\/v2\/users\/6"}],"replies":[{"embeddable":true,"href":"https:\/\/casa.org.mx\/es\/wp-json\/wp\/v2\/comments?post=11029"}],"version-history":[{"count":8,"href":"https:\/\/casa.org.mx\/es\/wp-json\/wp\/v2\/pages\/11029\/revisions"}],"predecessor-version":[{"id":11039,"href":"https:\/\/casa.org.mx\/es\/wp-json\/wp\/v2\/pages\/11029\/revisions\/11039"}],"up":[{"embeddable":true,"href":"https:\/\/casa.org.mx\/es\/wp-json\/wp\/v2\/pages\/10908"}],"wp:attachment":[{"href":"https:\/\/casa.org.mx\/es\/wp-json\/wp\/v2\/media?parent=11029"}],"curies":[{"name":"wp","href":"https:\/\/api.w.org\/{rel}","templated":true}]}}