{"id":11040,"date":"2025-05-26T09:11:14","date_gmt":"2025-05-26T07:11:14","guid":{"rendered":"https:\/\/casa.org.mx\/?page_id=11040"},"modified":"2025-05-28T21:53:05","modified_gmt":"2025-05-28T19:53:05","slug":"drag-cuentacuentos","status":"publish","type":"page","link":"https:\/\/casa.org.mx\/es\/programas\/bibliotecas\/drag-cuentacuentos\/","title":{"rendered":"Drag Cuentacuentos"},"content":{"rendered":"\n<div class=\"wp-block-group has-border-color has-cyan-bluish-gray-border-color has-background is-layout-constrained wp-block-group-is-layout-constrained\" style=\"border-width:1px;background-color:#fff2ed\">\n<h2 class=\"wp-block-heading has-text-align-center\">Drag Cuentacuentos<\/h2>\n\n\n\n<p class=\"has-text-align-center\"><strong>Inclusi\u00f3n y diversi\u00f3n<br>mediante la lectura<\/strong><\/p>\n<\/div>\n\n\n\n<div class=\"wp-block-media-text is-stacked-on-mobile has-border-color has-cyan-bluish-gray-border-color has-background\" style=\"border-width:1px;background-color:#fff2ed\"><figure class=\"wp-block-media-text__media\"><img fetchpriority=\"high\" decoding=\"async\" width=\"1024\" height=\"731\" src=\"https:\/\/casa.org.mx\/wp-content\/uploads\/2025\/03\/DSC_3912-1-scaled-e1607449767206-2048x1461-1-1024x731.jpg\" alt=\"\" class=\"wp-image-10644 size-full\" srcset=\"https:\/\/casa.org.mx\/wp-content\/uploads\/2025\/03\/DSC_3912-1-scaled-e1607449767206-2048x1461-1-1024x731.jpg 1024w, https:\/\/casa.org.mx\/wp-content\/uploads\/2025\/03\/DSC_3912-1-scaled-e1607449767206-2048x1461-1-300x214.jpg 300w, https:\/\/casa.org.mx\/wp-content\/uploads\/2025\/03\/DSC_3912-1-scaled-e1607449767206-2048x1461-1-768x548.jpg 768w, https:\/\/casa.org.mx\/wp-content\/uploads\/2025\/03\/DSC_3912-1-scaled-e1607449767206-2048x1461-1-1536x1096.jpg 1536w, https:\/\/casa.org.mx\/wp-content\/uploads\/2025\/03\/DSC_3912-1-scaled-e1607449767206-2048x1461-1-18x12.jpg 18w, https:\/\/casa.org.mx\/wp-content\/uploads\/2025\/03\/DSC_3912-1-scaled-e1607449767206-2048x1461-1.jpg 2048w\" sizes=\"(max-width: 1024px) 100vw, 1024px\" \/><\/figure><div class=\"wp-block-media-text__content\">\n<p>En un esfuerzo por transformar la manera en que las infancias y juventudes se acercan a la lectura, el programa Drag Cuentacuentos se consolida como el \u00fanico en Latinoam\u00e9rica con un enfoque profesional en la mediaci\u00f3n lectora. A diferencia de otras iniciativas similares, este proyecto cuenta con el respaldo de especialistas en bibliotecolog\u00eda y pedagog\u00eda, garantizando que cada narraci\u00f3n no solo entretenga, sino que tambi\u00e9n impulse el pensamiento cr\u00edtico, la creatividad y la inclusi\u00f3n.<\/p>\n<\/div><\/div>\n\n\n\n<div class=\"wp-block-media-text has-media-on-the-right is-stacked-on-mobile has-border-color has-cyan-bluish-gray-border-color has-background\" style=\"border-width:1px;background-color:#fff2ed\"><div class=\"wp-block-media-text__content\">\n<p>Las Drags Cuentacuentos no solo dan vida a los relatos con vestuarios vibrantes y una puesta en escena cautivadora, sino que han sido capacitadas en estrategias de mediaci\u00f3n de lectura para fomentar el gusto por los libros y la reflexi\u00f3n en torno a la diversidad. Gracias a este enfoque, el programa no solo ofrece espect\u00e1culos llamativos, sino que se convierte en una herramienta educativa s\u00f3lida, reconocida en espacios culturales y bibliotecas p\u00fablicas.<\/p>\n\n\n\n<p><\/p>\n<\/div><figure class=\"wp-block-media-text__media\"><img fetchpriority=\"high\" decoding=\"async\" width=\"1024\" height=\"731\" src=\"https:\/\/casa.org.mx\/wp-content\/uploads\/2025\/03\/DSC_3912-1-scaled-e1607449767206-2048x1461-1-1024x731.jpg\" alt=\"\" class=\"wp-image-10644 size-full\" srcset=\"https:\/\/casa.org.mx\/wp-content\/uploads\/2025\/03\/DSC_3912-1-scaled-e1607449767206-2048x1461-1-1024x731.jpg 1024w, https:\/\/casa.org.mx\/wp-content\/uploads\/2025\/03\/DSC_3912-1-scaled-e1607449767206-2048x1461-1-300x214.jpg 300w, https:\/\/casa.org.mx\/wp-content\/uploads\/2025\/03\/DSC_3912-1-scaled-e1607449767206-2048x1461-1-768x548.jpg 768w, https:\/\/casa.org.mx\/wp-content\/uploads\/2025\/03\/DSC_3912-1-scaled-e1607449767206-2048x1461-1-1536x1096.jpg 1536w, https:\/\/casa.org.mx\/wp-content\/uploads\/2025\/03\/DSC_3912-1-scaled-e1607449767206-2048x1461-1-18x12.jpg 18w, https:\/\/casa.org.mx\/wp-content\/uploads\/2025\/03\/DSC_3912-1-scaled-e1607449767206-2048x1461-1.jpg 2048w\" sizes=\"(max-width: 1024px) 100vw, 1024px\" \/><\/figure><\/div>\n\n\n\n<p><\/p>\n\n\n\n<hr class=\"wp-block-separator has-alpha-channel-opacity\"\/>\n\n\n\n<p><\/p>\n","protected":false},"excerpt":{"rendered":"<p>Drag Cuentacuentos Inclusi\u00f3n y diversi\u00f3nmediante la lectura En un esfuerzo por transformar la manera en que las infancias y juventudes se acercan a la lectura, el programa Drag Cuentacuentos se consolida como el \u00fanico en Latinoam\u00e9rica con un enfoque profesional en la mediaci\u00f3n lectora. A diferencia de otras iniciativas similares, este proyecto cuenta con el [&hellip;]<\/p>\n","protected":false},"author":6,"featured_media":0,"parent":10908,"menu_order":0,"comment_status":"closed","ping_status":"closed","template":"","meta":{"give_campaign_id":0,"_joinchat":[],"footnotes":""},"class_list":["post-11040","page","type-page","status-publish","hentry"],"blocksy_meta":{"has_hero_section":"disabled","background":{"background_type":"image","background_pattern":"type-1","background_image":{"attachment_id":10625,"x":0,"y":0,"url":"https:\/\/casa.org.mx\/wp-content\/uploads\/2025\/03\/360_F_747872866_je0eDEtSaIPy6QntTjQ65HRcGK34pUeA-300x131.jpg"},"gradient":"linear-gradient(135deg,rgba(6,147,227,1) 0%,rgb(155,81,224) 100%)","background_repeat":"repeat","background_size":"auto","background_attachment":"scroll","patternColor":{"default":{"color":"#e5e7ea"}},"overlayColor":{"default":{"color":"CT_CSS_SKIP_RULE"}},"backgroundColor":{"default":{"color":"#ffffff"}}},"styles_descriptor":{"styles":{"desktop":"[data-prefix=\"single_page\"] {background-position:0% 0%;background-color:#ffffff;background-image:url(https:\/\/casa.org.mx\/wp-content\/uploads\/2025\/03\/360_F_747872866_je0eDEtSaIPy6QntTjQ65HRcGK34pUeA.jpg);}","tablet":"","mobile":""},"google_fonts":[],"version":6}},"campaignId":"","_links":{"self":[{"href":"https:\/\/casa.org.mx\/es\/wp-json\/wp\/v2\/pages\/11040","targetHints":{"allow":["GET"]}}],"collection":[{"href":"https:\/\/casa.org.mx\/es\/wp-json\/wp\/v2\/pages"}],"about":[{"href":"https:\/\/casa.org.mx\/es\/wp-json\/wp\/v2\/types\/page"}],"author":[{"embeddable":true,"href":"https:\/\/casa.org.mx\/es\/wp-json\/wp\/v2\/users\/6"}],"replies":[{"embeddable":true,"href":"https:\/\/casa.org.mx\/es\/wp-json\/wp\/v2\/comments?post=11040"}],"version-history":[{"count":1,"href":"https:\/\/casa.org.mx\/es\/wp-json\/wp\/v2\/pages\/11040\/revisions"}],"predecessor-version":[{"id":11041,"href":"https:\/\/casa.org.mx\/es\/wp-json\/wp\/v2\/pages\/11040\/revisions\/11041"}],"up":[{"embeddable":true,"href":"https:\/\/casa.org.mx\/es\/wp-json\/wp\/v2\/pages\/10908"}],"wp:attachment":[{"href":"https:\/\/casa.org.mx\/es\/wp-json\/wp\/v2\/media?parent=11040"}],"curies":[{"name":"wp","href":"https:\/\/api.w.org\/{rel}","templated":true}]}}