{"id":11042,"date":"2025-05-26T09:16:32","date_gmt":"2025-05-26T07:16:32","guid":{"rendered":"https:\/\/casa.org.mx\/?page_id=11042"},"modified":"2025-05-28T21:59:01","modified_gmt":"2025-05-28T19:59:01","slug":"hacia-una-norma-oficial-de-lectura","status":"publish","type":"page","link":"https:\/\/casa.org.mx\/es\/programas\/bibliotecas\/hacia-una-norma-oficial-de-lectura\/","title":{"rendered":"Hacia una Norma Oficial de Lectura"},"content":{"rendered":"\n<div class=\"wp-block-group has-border-color has-cyan-bluish-gray-border-color has-background is-layout-constrained wp-block-group-is-layout-constrained\" style=\"border-width:1px;background-color:#fff2ed\">\n<h2 class=\"wp-block-heading has-text-align-center\">Hacia una Norma Oficial de Fomento a la Lectura:<br>Politica P\u00fablica<\/h2>\n<\/div>\n\n\n\n<div class=\"wp-block-media-text is-stacked-on-mobile has-border-color has-cyan-bluish-gray-border-color has-background\" style=\"border-width:1px;background-color:#fff2ed\"><figure class=\"wp-block-media-text__media\"><img fetchpriority=\"high\" decoding=\"async\" width=\"1024\" height=\"1024\" src=\"https:\/\/casa.org.mx\/wp-content\/uploads\/2025\/05\/envato-labs-ai-0b72e714-b6c5-45f6-afb3-1ddfdf4423ab.jpg\" alt=\"\" class=\"wp-image-11126 size-full\" srcset=\"https:\/\/casa.org.mx\/wp-content\/uploads\/2025\/05\/envato-labs-ai-0b72e714-b6c5-45f6-afb3-1ddfdf4423ab.jpg 1024w, https:\/\/casa.org.mx\/wp-content\/uploads\/2025\/05\/envato-labs-ai-0b72e714-b6c5-45f6-afb3-1ddfdf4423ab-300x300.jpg 300w, https:\/\/casa.org.mx\/wp-content\/uploads\/2025\/05\/envato-labs-ai-0b72e714-b6c5-45f6-afb3-1ddfdf4423ab-150x150.jpg 150w, https:\/\/casa.org.mx\/wp-content\/uploads\/2025\/05\/envato-labs-ai-0b72e714-b6c5-45f6-afb3-1ddfdf4423ab-768x768.jpg 768w, https:\/\/casa.org.mx\/wp-content\/uploads\/2025\/05\/envato-labs-ai-0b72e714-b6c5-45f6-afb3-1ddfdf4423ab-12x12.jpg 12w\" sizes=\"(max-width: 1024px) 100vw, 1024px\" \/><\/figure><div class=\"wp-block-media-text__content\">\n<p>En M\u00e9xico, el acceso a la lectura y la cultura sigue siendo un desaf\u00edo. A pesar de los avances en educaci\u00f3n, millones de personas a\u00fan carecen de espacios adecuados para el desarrollo del h\u00e1bito lector. CASA A.C., con su modelo \u00fanico e innovador, ha logrado transformar comunidades a trav\u00e9s de sus cuatro l\u00edneas de acci\u00f3n: Biblioteca P\u00fablica Rosario Castellanos, Bibliotecas Callejeras, Biblioteca M\u00f3vil y el Programa de Lectura: Creciendo entre cuentos.<\/p>\n<\/div><\/div>\n\n\n\n<div class=\"wp-block-group has-background is-vertical is-layout-flex wp-container-core-group-is-layout-fe9cc265 wp-block-group-is-layout-flex\" style=\"background-color:#fff2ed\">\n<p>Nuestro enfoque no solo busca llevar libros, sino <strong>fomentar una verdadera cultura de lectura<\/strong> que perme\u00e9 en todas las generaciones, especialmente en las m\u00e1s j\u00f3venes, logrando que esta herramienta se convierta en un motor de desarrollo social y comunitario. Al alinearnos con las leyes y reformas clave de M\u00e9xico, estamos avanzando en un modelo de inclusi\u00f3n cultural que responde a las necesidades actuales del pa\u00eds.<\/p>\n\n\n\n<p><strong>Norma oficial de lectura<\/strong><br>Actualmente, M\u00e9xico no cuenta con una norma oficial que garantice el acceso universal a la lectura desde la primera infancia. Desde CASA A.C., proponemos la creaci\u00f3n de una Norma Oficial Mexicana (NOM) que integre el modelo de Creciendo con Cuentos en todas las guarder\u00edas del IMSS, asegurando que la lectura se convierta en un derecho desde los primeros a\u00f1os de vida.<\/p>\n<\/div>\n\n\n\n<div class=\"wp-block-media-text has-media-on-the-right is-stacked-on-mobile has-border-color has-cyan-bluish-gray-border-color has-background\" style=\"border-width:1px;background-color:#fff2ed\"><div class=\"wp-block-media-text__content\">\n<p>Nuestro programa demuestra que el acceso temprano a la lectura mejora el desarrollo cognitivo, emocional y social de los ni\u00f1os, sentando las bases para una educaci\u00f3n m\u00e1s s\u00f3lida. Impulsamos este modelo a nivel gubernamental para que sea replicado en todo el pa\u00eds.<\/p>\n<\/div><figure class=\"wp-block-media-text__media\"><img decoding=\"async\" width=\"1024\" height=\"768\" src=\"https:\/\/casa.org.mx\/wp-content\/uploads\/2025\/05\/WhatsApp-Image-2025-02-27-at-12.40.53-2-1024x768.jpeg\" alt=\"\" class=\"wp-image-10934 size-full\" srcset=\"https:\/\/casa.org.mx\/wp-content\/uploads\/2025\/05\/WhatsApp-Image-2025-02-27-at-12.40.53-2-1024x768.jpeg 1024w, https:\/\/casa.org.mx\/wp-content\/uploads\/2025\/05\/WhatsApp-Image-2025-02-27-at-12.40.53-2-300x225.jpeg 300w, https:\/\/casa.org.mx\/wp-content\/uploads\/2025\/05\/WhatsApp-Image-2025-02-27-at-12.40.53-2-768x576.jpeg 768w, https:\/\/casa.org.mx\/wp-content\/uploads\/2025\/05\/WhatsApp-Image-2025-02-27-at-12.40.53-2-16x12.jpeg 16w, https:\/\/casa.org.mx\/wp-content\/uploads\/2025\/05\/WhatsApp-Image-2025-02-27-at-12.40.53-2.jpeg 1280w\" sizes=\"(max-width: 1024px) 100vw, 1024px\" \/><\/figure><\/div>\n","protected":false},"excerpt":{"rendered":"<p>Hacia una Norma Oficial de Fomento a la Lectura:Politica P\u00fablica En M\u00e9xico, el acceso a la lectura y la cultura sigue siendo un desaf\u00edo. A pesar de los avances en educaci\u00f3n, millones de personas a\u00fan carecen de espacios adecuados para el desarrollo del h\u00e1bito lector. CASA A.C., con su modelo \u00fanico e innovador, ha logrado [&hellip;]<\/p>\n","protected":false},"author":6,"featured_media":0,"parent":10908,"menu_order":0,"comment_status":"closed","ping_status":"closed","template":"","meta":{"give_campaign_id":0,"_joinchat":[],"footnotes":""},"class_list":["post-11042","page","type-page","status-publish","hentry"],"blocksy_meta":{"has_hero_section":"disabled","background":{"background_type":"image","background_pattern":"type-1","background_image":{"attachment_id":10625,"x":0,"y":0,"url":"https:\/\/casa.org.mx\/wp-content\/uploads\/2025\/03\/360_F_747872866_je0eDEtSaIPy6QntTjQ65HRcGK34pUeA-300x131.jpg"},"gradient":"linear-gradient(135deg,rgba(6,147,227,1) 0%,rgb(155,81,224) 100%)","background_repeat":"repeat","background_size":"auto","background_attachment":"scroll","patternColor":{"default":{"color":"#e5e7ea"}},"overlayColor":{"default":{"color":"CT_CSS_SKIP_RULE"}},"backgroundColor":{"default":{"color":"#ffffff"}}},"styles_descriptor":{"styles":{"desktop":"[data-prefix=\"single_page\"] {background-position:0% 0%;background-color:#ffffff;background-image:url(https:\/\/casa.org.mx\/wp-content\/uploads\/2025\/03\/360_F_747872866_je0eDEtSaIPy6QntTjQ65HRcGK34pUeA.jpg);}","tablet":"","mobile":""},"google_fonts":[],"version":6}},"campaignId":"","_links":{"self":[{"href":"https:\/\/casa.org.mx\/es\/wp-json\/wp\/v2\/pages\/11042","targetHints":{"allow":["GET"]}}],"collection":[{"href":"https:\/\/casa.org.mx\/es\/wp-json\/wp\/v2\/pages"}],"about":[{"href":"https:\/\/casa.org.mx\/es\/wp-json\/wp\/v2\/types\/page"}],"author":[{"embeddable":true,"href":"https:\/\/casa.org.mx\/es\/wp-json\/wp\/v2\/users\/6"}],"replies":[{"embeddable":true,"href":"https:\/\/casa.org.mx\/es\/wp-json\/wp\/v2\/comments?post=11042"}],"version-history":[{"count":5,"href":"https:\/\/casa.org.mx\/es\/wp-json\/wp\/v2\/pages\/11042\/revisions"}],"predecessor-version":[{"id":11128,"href":"https:\/\/casa.org.mx\/es\/wp-json\/wp\/v2\/pages\/11042\/revisions\/11128"}],"up":[{"embeddable":true,"href":"https:\/\/casa.org.mx\/es\/wp-json\/wp\/v2\/pages\/10908"}],"wp:attachment":[{"href":"https:\/\/casa.org.mx\/es\/wp-json\/wp\/v2\/media?parent=11042"}],"curies":[{"name":"wp","href":"https:\/\/api.w.org\/{rel}","templated":true}]}}