{"id":11047,"date":"2025-05-26T09:24:32","date_gmt":"2025-05-26T07:24:32","guid":{"rendered":"https:\/\/casa.org.mx\/?page_id=11047"},"modified":"2025-05-28T21:53:17","modified_gmt":"2025-05-28T19:53:17","slug":"servicios-generales","status":"publish","type":"page","link":"https:\/\/casa.org.mx\/es\/programas\/bibliotecas\/servicios-generales\/","title":{"rendered":"Servicios Generales"},"content":{"rendered":"\n<div class=\"wp-block-group has-border-color has-cyan-bluish-gray-border-color has-background is-layout-constrained wp-block-group-is-layout-constrained\" style=\"border-width:1px;background-color:#edfffb\">\n<h2 class=\"wp-block-heading has-text-align-center\">Servicios Generales<\/h2>\n\n\n\n<p class=\"has-text-align-center\"><strong>Accede a todos estos servicios con tu credencial de biblioteca<\/strong><\/p>\n\n\n\n<p>Tu credencial de biblioteca es completamente gratuita y v\u00e1lida en todas las bibliotecas del programa Bibliotecas de Casa A.C.. Con ella, puedes disfrutar de m\u00faltiples servicios y recursos para enriquecer tu experiencia de lectura y aprendizaje. \u00a1Solic\u00edtala y aprovecha todos sus beneficios!<\/p>\n<\/div>\n\n\n\n<div class=\"wp-block-media-text is-stacked-on-mobile has-border-color has-cyan-bluish-gray-border-color has-background\" style=\"border-width:1px;background-color:#edfffb\"><figure class=\"wp-block-media-text__media\"><img fetchpriority=\"high\" decoding=\"async\" width=\"618\" height=\"429\" src=\"https:\/\/casa.org.mx\/wp-content\/uploads\/2025\/05\/WhatsApp-Image-2025-05-27-at-23.08.54.jpeg\" alt=\"\" class=\"wp-image-11085 size-full\" srcset=\"https:\/\/casa.org.mx\/wp-content\/uploads\/2025\/05\/WhatsApp-Image-2025-05-27-at-23.08.54.jpeg 618w, https:\/\/casa.org.mx\/wp-content\/uploads\/2025\/05\/WhatsApp-Image-2025-05-27-at-23.08.54-300x208.jpeg 300w, https:\/\/casa.org.mx\/wp-content\/uploads\/2025\/05\/WhatsApp-Image-2025-05-27-at-23.08.54-18x12.jpeg 18w\" sizes=\"(max-width: 618px) 100vw, 618px\" \/><\/figure><div class=\"wp-block-media-text__content\">\n<p><strong>Pr\u00e9stamo interno:<\/strong> Permite a los usuarios consultar los materiales disponibles dentro de la biblioteca sin necesidad de llev\u00e1rselos a casa, ideal para aquellos que requieren informaci\u00f3n puntual.<\/p>\n\n\n\n<p><strong>Pr\u00e9stamo externo:<\/strong> Los usuarios pueden llevarse libros y otros recursos a casa por un per\u00edodo determinado, promoviendo la lectura y el acceso a materiales educativos fuera de la biblioteca.<\/p>\n\n\n\n<p><strong>Servicios de consulta:<\/strong> Facilita la consulta de materiales dentro de las instalaciones de la biblioteca. Los usuarios pueden acceder a libros, enciclopedias y otros recursos sin necesidad de llevarlos prestados.<\/p>\n<\/div><\/div>\n\n\n\n<div class=\"wp-block-media-text has-media-on-the-right is-stacked-on-mobile has-border-color has-cyan-bluish-gray-border-color has-background\" style=\"border-width:1px;background-color:#edfffb\"><div class=\"wp-block-media-text__content\">\n<p><strong>Renovaci\u00f3n y devoluci\u00f3n:<\/strong> Este servicio permite a los usuarios renovar el plazo de pr\u00e9stamo de los materiales.<\/p>\n\n\n\n<p><strong>Pr\u00e9stamo especial:<\/strong> Ofrecemos pr\u00e9stamos especiales de materiales o recursos que requieren condiciones o plazos distintos al pr\u00e9stamo com\u00fan, como en el caso de proyectos escolares o investigaciones a largo plazo.<\/p>\n\n\n\n<p><strong>Consulta de publicaciones peri\u00f3dicas:<\/strong> Los usuarios pueden consultar revistas, peri\u00f3dicos y otras publicaciones peri\u00f3dicas, ideales para acceder a la informaci\u00f3n m\u00e1s actualizada y de inter\u00e9s general o acad\u00e9mico.<\/p>\n<\/div><figure class=\"wp-block-media-text__media\"><img decoding=\"async\" width=\"595\" height=\"345\" src=\"https:\/\/casa.org.mx\/wp-content\/uploads\/2025\/05\/WhatsApp-Image-2025-05-27-at-23.08.42.jpeg\" alt=\"\" class=\"wp-image-11084 size-full\" srcset=\"https:\/\/casa.org.mx\/wp-content\/uploads\/2025\/05\/WhatsApp-Image-2025-05-27-at-23.08.42.jpeg 595w, https:\/\/casa.org.mx\/wp-content\/uploads\/2025\/05\/WhatsApp-Image-2025-05-27-at-23.08.42-300x174.jpeg 300w, https:\/\/casa.org.mx\/wp-content\/uploads\/2025\/05\/WhatsApp-Image-2025-05-27-at-23.08.42-18x10.jpeg 18w\" sizes=\"(max-width: 595px) 100vw, 595px\" \/><\/figure><\/div>\n\n\n\n<p><\/p>\n","protected":false},"excerpt":{"rendered":"<p>Servicios Generales Accede a todos estos servicios con tu credencial de biblioteca Tu credencial de biblioteca es completamente gratuita y v\u00e1lida en todas las bibliotecas del programa Bibliotecas de Casa A.C.. Con ella, puedes disfrutar de m\u00faltiples servicios y recursos para enriquecer tu experiencia de lectura y aprendizaje. \u00a1Solic\u00edtala y aprovecha todos sus beneficios! Pr\u00e9stamo [&hellip;]<\/p>\n","protected":false},"author":6,"featured_media":0,"parent":10908,"menu_order":0,"comment_status":"closed","ping_status":"closed","template":"","meta":{"give_campaign_id":0,"_joinchat":[],"footnotes":""},"class_list":["post-11047","page","type-page","status-publish","hentry"],"blocksy_meta":{"has_hero_section":"disabled","background":{"background_type":"image","background_pattern":"type-1","background_image":{"attachment_id":10625,"x":0,"y":0,"url":"https:\/\/casa.org.mx\/wp-content\/uploads\/2025\/03\/360_F_747872866_je0eDEtSaIPy6QntTjQ65HRcGK34pUeA-300x131.jpg"},"gradient":"linear-gradient(135deg,rgba(6,147,227,1) 0%,rgb(155,81,224) 100%)","background_repeat":"repeat","background_size":"auto","background_attachment":"scroll","patternColor":{"default":{"color":"#e5e7ea"}},"overlayColor":{"default":{"color":"CT_CSS_SKIP_RULE"}},"backgroundColor":{"default":{"color":"#ffffff"}}},"styles_descriptor":{"styles":{"desktop":"[data-prefix=\"single_page\"] {background-position:0% 0%;background-color:#ffffff;background-image:url(https:\/\/casa.org.mx\/wp-content\/uploads\/2025\/03\/360_F_747872866_je0eDEtSaIPy6QntTjQ65HRcGK34pUeA.jpg);}","tablet":"","mobile":""},"google_fonts":[],"version":6}},"campaignId":"","_links":{"self":[{"href":"https:\/\/casa.org.mx\/es\/wp-json\/wp\/v2\/pages\/11047","targetHints":{"allow":["GET"]}}],"collection":[{"href":"https:\/\/casa.org.mx\/es\/wp-json\/wp\/v2\/pages"}],"about":[{"href":"https:\/\/casa.org.mx\/es\/wp-json\/wp\/v2\/types\/page"}],"author":[{"embeddable":true,"href":"https:\/\/casa.org.mx\/es\/wp-json\/wp\/v2\/users\/6"}],"replies":[{"embeddable":true,"href":"https:\/\/casa.org.mx\/es\/wp-json\/wp\/v2\/comments?post=11047"}],"version-history":[{"count":3,"href":"https:\/\/casa.org.mx\/es\/wp-json\/wp\/v2\/pages\/11047\/revisions"}],"predecessor-version":[{"id":11086,"href":"https:\/\/casa.org.mx\/es\/wp-json\/wp\/v2\/pages\/11047\/revisions\/11086"}],"up":[{"embeddable":true,"href":"https:\/\/casa.org.mx\/es\/wp-json\/wp\/v2\/pages\/10908"}],"wp:attachment":[{"href":"https:\/\/casa.org.mx\/es\/wp-json\/wp\/v2\/media?parent=11047"}],"curies":[{"name":"wp","href":"https:\/\/api.w.org\/{rel}","templated":true}]}}