{"id":11049,"date":"2025-05-26T09:28:33","date_gmt":"2025-05-26T07:28:33","guid":{"rendered":"https:\/\/casa.org.mx\/?page_id=11049"},"modified":"2025-05-28T21:53:22","modified_gmt":"2025-05-28T19:53:22","slug":"servicios-de-informacion","status":"publish","type":"page","link":"https:\/\/casa.org.mx\/es\/programas\/bibliotecas\/servicios-de-informacion\/","title":{"rendered":"Servicios de Informaci\u00f3n"},"content":{"rendered":"\n<div class=\"wp-block-group has-border-color has-cyan-bluish-gray-border-color has-background is-layout-constrained wp-block-group-is-layout-constrained\" style=\"border-width:1px;background-color:#edfffb\">\n<h2 class=\"wp-block-heading has-text-align-center\">Servicios de Informaci\u00f3n<\/h2>\n<\/div>\n\n\n\n<div class=\"wp-block-media-text is-stacked-on-mobile has-border-color has-cyan-bluish-gray-border-color has-background\" style=\"border-width:1px;background-color:#edfffb\"><figure class=\"wp-block-media-text__media\"><img fetchpriority=\"high\" decoding=\"async\" width=\"635\" height=\"533\" src=\"https:\/\/casa.org.mx\/wp-content\/uploads\/2025\/05\/WhatsApp-Image-2025-05-27-at-23.10.23.jpeg\" alt=\"\" class=\"wp-image-11087 size-full\" srcset=\"https:\/\/casa.org.mx\/wp-content\/uploads\/2025\/05\/WhatsApp-Image-2025-05-27-at-23.10.23.jpeg 635w, https:\/\/casa.org.mx\/wp-content\/uploads\/2025\/05\/WhatsApp-Image-2025-05-27-at-23.10.23-300x252.jpeg 300w, https:\/\/casa.org.mx\/wp-content\/uploads\/2025\/05\/WhatsApp-Image-2025-05-27-at-23.10.23-14x12.jpeg 14w\" sizes=\"(max-width: 635px) 100vw, 635px\" \/><\/figure><div class=\"wp-block-media-text__content\">\n<p><strong>Biblioteca Digital: <\/strong>Ofrecemos una plataforma digital que permite a los usuarios acceder a libros electr\u00f3nicos, art\u00edculos acad\u00e9micos y otros recursos desde cualquier lugar, ampliando el acceso a la informaci\u00f3n sin necesidad de estar f\u00edsicamente en la biblioteca.<\/p>\n\n\n\n<p><strong>Formaci\u00f3n de usuarios:<\/strong> A trav\u00e9s de este servicio, capacitamos a los usuarios en el uso eficiente de los recursos de la biblioteca, ense\u00f1\u00e1ndoles c\u00f3mo buscar, consultar y aprovechar al m\u00e1ximo los materiales y herramientas disponibles.<\/p>\n\n\n\n<p><strong>Pr\u00e9stamo interbibliotecario:<\/strong> Facilitamos el acceso a materiales bibliogr\u00e1ficos que no est\u00e1n disponibles en nuestra biblioteca mediante acuerdos con otras bibliotecas, permitiendo a los usuarios acceder a una gama m\u00e1s amplia de recursos<\/p>\n<\/div><\/div>\n\n\n\n<div class=\"wp-block-media-text has-media-on-the-right is-stacked-on-mobile has-border-color has-cyan-bluish-gray-border-color has-background\" style=\"border-width:1px;background-color:#edfffb\"><div class=\"wp-block-media-text__content\">\n<p><strong>An\u00e1lisis de citas:<\/strong> Ayudamos a los usuarios a realizar un an\u00e1lisis adecuado de las citas y fuentes utilizadas en sus trabajos de investigaci\u00f3n, asegurando que la informaci\u00f3n sea precisa y est\u00e9 correctamente referenciada.<\/p>\n\n\n\n<p><strong>Servicio de documentaci\u00f3n:<\/strong> Ofrecemos asistencia en la recopilaci\u00f3n y organizaci\u00f3n de informaci\u00f3n sobre temas espec\u00edficos, ayudando a los usuarios a realizar investigaciones profundas y bien documentadas.<\/p>\n\n\n\n<p><strong>Evaluaci\u00f3n de servicios:<\/strong> Este servicio se enfoca en evaluar la eficacia de los recursos disponibles y la calidad de la informaci\u00f3n, asegurando que los usuarios reciban datos relevantes y confiables.<\/p>\n<\/div><figure class=\"wp-block-media-text__media\"><img decoding=\"async\" width=\"636\" height=\"476\" src=\"https:\/\/casa.org.mx\/wp-content\/uploads\/2025\/05\/WhatsApp-Image-2025-05-27-at-23.10.59.jpeg\" alt=\"\" class=\"wp-image-11089 size-full\" srcset=\"https:\/\/casa.org.mx\/wp-content\/uploads\/2025\/05\/WhatsApp-Image-2025-05-27-at-23.10.59.jpeg 636w, https:\/\/casa.org.mx\/wp-content\/uploads\/2025\/05\/WhatsApp-Image-2025-05-27-at-23.10.59-300x225.jpeg 300w, https:\/\/casa.org.mx\/wp-content\/uploads\/2025\/05\/WhatsApp-Image-2025-05-27-at-23.10.59-16x12.jpeg 16w\" sizes=\"(max-width: 636px) 100vw, 636px\" \/><\/figure><\/div>\n\n\n\n<p><\/p>\n","protected":false},"excerpt":{"rendered":"<p>Servicios de Informaci\u00f3n Biblioteca Digital: Ofrecemos una plataforma digital que permite a los usuarios acceder a libros electr\u00f3nicos, art\u00edculos acad\u00e9micos y otros recursos desde cualquier lugar, ampliando el acceso a la informaci\u00f3n sin necesidad de estar f\u00edsicamente en la biblioteca. Formaci\u00f3n de usuarios: A trav\u00e9s de este servicio, capacitamos a los usuarios en el uso [&hellip;]<\/p>\n","protected":false},"author":6,"featured_media":0,"parent":10908,"menu_order":0,"comment_status":"closed","ping_status":"closed","template":"","meta":{"give_campaign_id":0,"_joinchat":[],"footnotes":""},"class_list":["post-11049","page","type-page","status-publish","hentry"],"blocksy_meta":{"has_hero_section":"disabled","background":{"background_type":"image","background_pattern":"type-1","background_image":{"attachment_id":10625,"x":0,"y":0,"url":"https:\/\/casa.org.mx\/wp-content\/uploads\/2025\/03\/360_F_747872866_je0eDEtSaIPy6QntTjQ65HRcGK34pUeA-300x131.jpg"},"gradient":"linear-gradient(135deg,rgba(6,147,227,1) 0%,rgb(155,81,224) 100%)","background_repeat":"repeat","background_size":"auto","background_attachment":"scroll","patternColor":{"default":{"color":"#e5e7ea"}},"overlayColor":{"default":{"color":"CT_CSS_SKIP_RULE"}},"backgroundColor":{"default":{"color":"#ffffff"}}},"styles_descriptor":{"styles":{"desktop":"[data-prefix=\"single_page\"] {background-position:0% 0%;background-color:#ffffff;background-image:url(https:\/\/casa.org.mx\/wp-content\/uploads\/2025\/03\/360_F_747872866_je0eDEtSaIPy6QntTjQ65HRcGK34pUeA.jpg);}","tablet":"","mobile":""},"google_fonts":[],"version":6}},"campaignId":"","_links":{"self":[{"href":"https:\/\/casa.org.mx\/es\/wp-json\/wp\/v2\/pages\/11049","targetHints":{"allow":["GET"]}}],"collection":[{"href":"https:\/\/casa.org.mx\/es\/wp-json\/wp\/v2\/pages"}],"about":[{"href":"https:\/\/casa.org.mx\/es\/wp-json\/wp\/v2\/types\/page"}],"author":[{"embeddable":true,"href":"https:\/\/casa.org.mx\/es\/wp-json\/wp\/v2\/users\/6"}],"replies":[{"embeddable":true,"href":"https:\/\/casa.org.mx\/es\/wp-json\/wp\/v2\/comments?post=11049"}],"version-history":[{"count":2,"href":"https:\/\/casa.org.mx\/es\/wp-json\/wp\/v2\/pages\/11049\/revisions"}],"predecessor-version":[{"id":11090,"href":"https:\/\/casa.org.mx\/es\/wp-json\/wp\/v2\/pages\/11049\/revisions\/11090"}],"up":[{"embeddable":true,"href":"https:\/\/casa.org.mx\/es\/wp-json\/wp\/v2\/pages\/10908"}],"wp:attachment":[{"href":"https:\/\/casa.org.mx\/es\/wp-json\/wp\/v2\/media?parent=11049"}],"curies":[{"name":"wp","href":"https:\/\/api.w.org\/{rel}","templated":true}]}}