{"id":11055,"date":"2025-05-26T09:44:39","date_gmt":"2025-05-26T07:44:39","guid":{"rendered":"https:\/\/casa.org.mx\/?page_id=11055"},"modified":"2025-05-28T21:53:56","modified_gmt":"2025-05-28T19:53:56","slug":"areas-y-espacios-de-conocimiento","status":"publish","type":"page","link":"https:\/\/casa.org.mx\/es\/programas\/bibliotecas\/areas-y-espacios-de-conocimiento\/","title":{"rendered":"\u00c1reas y Espacios de Conocimiento"},"content":{"rendered":"\n<div class=\"wp-block-group has-border-color has-cyan-bluish-gray-border-color has-background is-layout-constrained wp-block-group-is-layout-constrained\" style=\"border-width:1px;background-color:#ffedfa\">\n<h2 class=\"wp-block-heading has-text-align-center\">\u00c1reas y Espacios de Conocimiento<\/h2>\n\n\n\n<p>La Biblioteca Casa A.C. es un lugar donde la cultura, el conocimiento y la comunidad convergen en un entorno acogedor y din\u00e1mico. Dise\u00f1ada para fomentar el aprendizaje y la creatividad, cuenta con diversos espacios que invitan a la exploraci\u00f3n, la reflexi\u00f3n y la interacci\u00f3n. Desde rincones m\u00e1gicos para la lectura hasta \u00e1reas dedicadas a la tecnolog\u00eda y la m\u00fasica, cada espacio est\u00e1 pensado para enriquecer la experiencia de los usuarios.<\/p>\n<\/div>\n\n\n\n<div class=\"wp-block-media-text is-stacked-on-mobile has-border-color has-cyan-bluish-gray-border-color has-background\" style=\"border-width:1px;background-color:#ffedfa\"><figure class=\"wp-block-media-text__media\"><img fetchpriority=\"high\" decoding=\"async\" width=\"550\" height=\"439\" src=\"https:\/\/casa.org.mx\/wp-content\/uploads\/2025\/05\/WhatsApp-Image-2025-05-27-at-23.17.18.jpeg\" alt=\"\" class=\"wp-image-11098 size-full\" srcset=\"https:\/\/casa.org.mx\/wp-content\/uploads\/2025\/05\/WhatsApp-Image-2025-05-27-at-23.17.18.jpeg 550w, https:\/\/casa.org.mx\/wp-content\/uploads\/2025\/05\/WhatsApp-Image-2025-05-27-at-23.17.18-300x239.jpeg 300w, https:\/\/casa.org.mx\/wp-content\/uploads\/2025\/05\/WhatsApp-Image-2025-05-27-at-23.17.18-15x12.jpeg 15w\" sizes=\"(max-width: 550px) 100vw, 550px\" \/><\/figure><div class=\"wp-block-media-text__content\">\n<h2 class=\"wp-block-heading\">Coliseo de Cuentacuentos<\/h2>\n\n\n\n<p>En el coraz\u00f3n de la biblioteca, se encuentra nuestro peque\u00f1o coliseo con gradas, un espacio vibrante donde se realizan las sesiones de cuentacuentos. Este lugar es el punto de encuentro donde ni\u00f1os y adultos se sumergen en mundos imaginarios, conectando con historias que despiertan la creatividad y la emoci\u00f3n. Aqu\u00ed, la narraci\u00f3n toma vida y cada cuento se convierte en una aventura colectiva que estimula el amor por la lectura desde una edad temprana.<\/p>\n<\/div><\/div>\n\n\n\n<div class=\"wp-block-media-text has-media-on-the-right is-stacked-on-mobile has-border-color has-cyan-bluish-gray-border-color has-background\" style=\"border-width:1px;background-color:#ffedfa\"><div class=\"wp-block-media-text__content\">\n<h2 class=\"wp-block-heading\">\u00c1rea de Computadoras<\/h2>\n\n\n\n<p>Equipada con computadoras, esta \u00e1rea est\u00e1 pensada para el acceso a la informaci\u00f3n digital y el fomento de habilidades tecnol\u00f3gicas. Aqu\u00ed, los usuarios pueden realizar investigaciones, acceder a recursos educativos en l\u00ednea y desarrollar competencias digitales, cruciales en el mundo actual. Es un lugar donde la tecnolog\u00eda y el aprendizaje se encuentran para empoderar a todos los miembros de la comunidad.<\/p>\n<\/div><figure class=\"wp-block-media-text__media\"><img decoding=\"async\" width=\"549\" height=\"441\" src=\"https:\/\/casa.org.mx\/wp-content\/uploads\/2025\/05\/WhatsApp-Image-2025-05-27-at-23.17.30.jpeg\" alt=\"\" class=\"wp-image-11099 size-full\" srcset=\"https:\/\/casa.org.mx\/wp-content\/uploads\/2025\/05\/WhatsApp-Image-2025-05-27-at-23.17.30.jpeg 549w, https:\/\/casa.org.mx\/wp-content\/uploads\/2025\/05\/WhatsApp-Image-2025-05-27-at-23.17.30-300x241.jpeg 300w, https:\/\/casa.org.mx\/wp-content\/uploads\/2025\/05\/WhatsApp-Image-2025-05-27-at-23.17.30-15x12.jpeg 15w\" sizes=\"(max-width: 549px) 100vw, 549px\" \/><\/figure><\/div>\n\n\n\n<div class=\"wp-block-media-text is-stacked-on-mobile has-border-color has-cyan-bluish-gray-border-color has-background\" style=\"border-width:1px;background-color:#ffedfa\"><figure class=\"wp-block-media-text__media\"><img decoding=\"async\" width=\"548\" height=\"438\" src=\"https:\/\/casa.org.mx\/wp-content\/uploads\/2025\/05\/WhatsApp-Image-2025-05-27-at-23.18.20.jpeg\" alt=\"\" class=\"wp-image-11101 size-full\" srcset=\"https:\/\/casa.org.mx\/wp-content\/uploads\/2025\/05\/WhatsApp-Image-2025-05-27-at-23.18.20.jpeg 548w, https:\/\/casa.org.mx\/wp-content\/uploads\/2025\/05\/WhatsApp-Image-2025-05-27-at-23.18.20-300x240.jpeg 300w, https:\/\/casa.org.mx\/wp-content\/uploads\/2025\/05\/WhatsApp-Image-2025-05-27-at-23.18.20-15x12.jpeg 15w\" sizes=\"(max-width: 548px) 100vw, 548px\" \/><\/figure><div class=\"wp-block-media-text__content\">\n<h2 class=\"wp-block-heading\">Colecci\u00f3n General<\/h2>\n\n\n\n<p>La Colecci\u00f3n General de la biblioteca re\u00fane materiales bibliogr\u00e1ficos de diversas \u00e1reas del conocimiento, como literatura, ciencias, historia y tecnolog\u00eda, disponibles para consulta y pr\u00e9stamo. Organizada bajo un sistema de clasificaci\u00f3n, facilita el acceso a informaci\u00f3n confiable para estudiantes, investigadores y p\u00fablico en general. Los usuarios pueden localizar los libros a trav\u00e9s del cat\u00e1logo digital o con apoyo del personal bibliotecario, siguiendo las normativas de uso.<\/p>\n<\/div><\/div>\n\n\n\n<div class=\"wp-block-media-text has-media-on-the-right is-stacked-on-mobile has-border-color has-cyan-bluish-gray-border-color has-background\" style=\"border-width:1px;background-color:#ffedfa\"><div class=\"wp-block-media-text__content\">\n<h2 class=\"wp-block-heading\">Bebeteca<\/h2>\n\n\n\n<p>Es un espacio especialmente dise\u00f1ado para los m\u00e1s peque\u00f1os, donde el aprendizaje y el juego se combinan para estimular sus primeros pasos en el mundo de la lectura. Con libros, juguetes y recursos interactivos, este lugar fomenta la creatividad y el desarrollo cognitivo de los ni\u00f1os m\u00e1s peque\u00f1os, prepar\u00e1ndolos para su futura vida acad\u00e9mica de una manera divertida y l\u00fadica.<\/p>\n<\/div><figure class=\"wp-block-media-text__media\"><img loading=\"lazy\" decoding=\"async\" width=\"548\" height=\"437\" src=\"https:\/\/casa.org.mx\/wp-content\/uploads\/2025\/05\/WhatsApp-Image-2025-05-27-at-23.18.28.jpeg\" alt=\"\" class=\"wp-image-11102 size-full\" srcset=\"https:\/\/casa.org.mx\/wp-content\/uploads\/2025\/05\/WhatsApp-Image-2025-05-27-at-23.18.28.jpeg 548w, https:\/\/casa.org.mx\/wp-content\/uploads\/2025\/05\/WhatsApp-Image-2025-05-27-at-23.18.28-300x239.jpeg 300w, https:\/\/casa.org.mx\/wp-content\/uploads\/2025\/05\/WhatsApp-Image-2025-05-27-at-23.18.28-15x12.jpeg 15w\" sizes=\"(max-width: 548px) 100vw, 548px\" \/><\/figure><\/div>\n\n\n\n<div class=\"wp-block-media-text is-stacked-on-mobile has-border-color has-cyan-bluish-gray-border-color has-background\" style=\"border-width:1px;background-color:#ffedfa\"><figure class=\"wp-block-media-text__media\"><img loading=\"lazy\" decoding=\"async\" width=\"547\" height=\"441\" src=\"https:\/\/casa.org.mx\/wp-content\/uploads\/2025\/05\/WhatsApp-Image-2025-05-27-at-23.20.16.jpeg\" alt=\"\" class=\"wp-image-11104 size-full\" srcset=\"https:\/\/casa.org.mx\/wp-content\/uploads\/2025\/05\/WhatsApp-Image-2025-05-27-at-23.20.16.jpeg 547w, https:\/\/casa.org.mx\/wp-content\/uploads\/2025\/05\/WhatsApp-Image-2025-05-27-at-23.20.16-300x242.jpeg 300w, https:\/\/casa.org.mx\/wp-content\/uploads\/2025\/05\/WhatsApp-Image-2025-05-27-at-23.20.16-15x12.jpeg 15w\" sizes=\"(max-width: 547px) 100vw, 547px\" \/><\/figure><div class=\"wp-block-media-text__content\">\n<h2 class=\"wp-block-heading\">Revistas y Periodicos<\/h2>\n\n\n\n<p>La Colecci\u00f3n de Revistas y Peri\u00f3dicos de la biblioteca ofrece publicaciones impresas y digitales de actualidad, cultura, ciencia y otros temas de inter\u00e9s. Disponible para consulta en sala, permite a los usuarios acceder a informaci\u00f3n reciente y variada, apoyando la investigaci\u00f3n y el aprendizaje continuo.<\/p>\n<\/div><\/div>\n\n\n\n<div class=\"wp-block-media-text has-media-on-the-right is-stacked-on-mobile has-border-color has-cyan-bluish-gray-border-color has-background\" style=\"border-width:1px;background-color:#ffedfa\"><div class=\"wp-block-media-text__content\">\n<h2 class=\"wp-block-heading\">M\u00f3dulo de Atenci\u00f3n<\/h2>\n\n\n\n<p>Es el punto de referencia donde nuestros visitantes pueden recibir orientaci\u00f3n y asistencia personalizada. Aqu\u00ed, el personal capacitado ofrece apoyo en la b\u00fasqueda de recursos, en el proceso de pr\u00e9stamo de materiales y en cualquier otra consulta que los usuarios puedan tener, asegurando que su experiencia en la biblioteca sea lo m\u00e1s fluida y enriquecedora posible.<\/p>\n<\/div><figure class=\"wp-block-media-text__media\"><img loading=\"lazy\" decoding=\"async\" width=\"542\" height=\"441\" src=\"https:\/\/casa.org.mx\/wp-content\/uploads\/2025\/05\/WhatsApp-Image-2025-05-27-at-23.21.13.jpeg\" alt=\"\" class=\"wp-image-11106 size-full\" srcset=\"https:\/\/casa.org.mx\/wp-content\/uploads\/2025\/05\/WhatsApp-Image-2025-05-27-at-23.21.13.jpeg 542w, https:\/\/casa.org.mx\/wp-content\/uploads\/2025\/05\/WhatsApp-Image-2025-05-27-at-23.21.13-300x244.jpeg 300w, https:\/\/casa.org.mx\/wp-content\/uploads\/2025\/05\/WhatsApp-Image-2025-05-27-at-23.21.13-15x12.jpeg 15w\" sizes=\"(max-width: 542px) 100vw, 542px\" \/><\/figure><\/div>\n\n\n\n<div class=\"wp-block-media-text is-stacked-on-mobile has-border-color has-cyan-bluish-gray-border-color has-background\" style=\"border-width:1px;background-color:#ffedfa\"><figure class=\"wp-block-media-text__media\"><img loading=\"lazy\" decoding=\"async\" width=\"1024\" height=\"731\" src=\"https:\/\/casa.org.mx\/wp-content\/uploads\/2025\/03\/DSC_3912-1-scaled-e1607449767206-2048x1461-1-1024x731.jpg\" alt=\"\" class=\"wp-image-10644 size-full\" srcset=\"https:\/\/casa.org.mx\/wp-content\/uploads\/2025\/03\/DSC_3912-1-scaled-e1607449767206-2048x1461-1-1024x731.jpg 1024w, https:\/\/casa.org.mx\/wp-content\/uploads\/2025\/03\/DSC_3912-1-scaled-e1607449767206-2048x1461-1-300x214.jpg 300w, https:\/\/casa.org.mx\/wp-content\/uploads\/2025\/03\/DSC_3912-1-scaled-e1607449767206-2048x1461-1-768x548.jpg 768w, https:\/\/casa.org.mx\/wp-content\/uploads\/2025\/03\/DSC_3912-1-scaled-e1607449767206-2048x1461-1-1536x1096.jpg 1536w, https:\/\/casa.org.mx\/wp-content\/uploads\/2025\/03\/DSC_3912-1-scaled-e1607449767206-2048x1461-1-18x12.jpg 18w, https:\/\/casa.org.mx\/wp-content\/uploads\/2025\/03\/DSC_3912-1-scaled-e1607449767206-2048x1461-1.jpg 2048w\" sizes=\"(max-width: 1024px) 100vw, 1024px\" \/><\/figure><div class=\"wp-block-media-text__content\">\n<h2 class=\"wp-block-heading\">Pasillo de las Letras<\/h2>\n\n\n\n<p>Es un rinc\u00f3n encantado, una peque\u00f1a joya que refleja el esp\u00edritu de San Miguel de Allende. Este pasillo, m\u00e1s que un simple jard\u00edn\/pasillo, es un camino rodeado de fachada colorida, adoquines y una serenidad que invita al descanso y la reflexi\u00f3n.<br>A lo largo de su recorrido, los visitantes encuentran una banquita de piedra, perfecta para una pausa tranquila, donde se pueden disfrutar de una lectura o simplemente dejarse envolver por la paz que emana este espacio.<\/p>\n<\/div><\/div>\n\n\n\n<div class=\"wp-block-media-text has-media-on-the-right is-stacked-on-mobile has-border-color has-cyan-bluish-gray-border-color has-background\" style=\"border-width:1px;background-color:#ffedfa\"><div class=\"wp-block-media-text__content\">\n<h2 class=\"wp-block-heading\">C\u00fapula (Futura Fonoteca) &amp; Terraza<\/h2>\n\n\n\n<p>En el futuro cercano, la majestuosa c\u00fapula de la biblioteca se transformar\u00e1 en una fonoteca, un espacio dedicado al disfrute de la m\u00fasica, los audiolibros y los sonidos del mundo, donde la ac\u00fastica perfecta y el ambiente \u00fanico crear\u00e1n una experiencia sonora inmersiva para explorar el conocimiento a trav\u00e9s del o\u00eddo. Al mismo tiempo, la terraza ofrecer\u00e1 un refugio al aire libre, ideal para la lectura, el estudio y la reflexi\u00f3n, rodeada de naturaleza y con una vista panor\u00e1mica que invita a la relajaci\u00f3n, adem\u00e1s de acoger actividades culturales y eventos, fusionando as\u00ed el conocimiento con el entorno natural y brindando a los visitantes m\u00faltiples formas de acercarse a la cultura y la informaci\u00f3n.<\/p>\n<\/div><figure class=\"wp-block-media-text__media\"><img loading=\"lazy\" decoding=\"async\" width=\"547\" height=\"439\" src=\"https:\/\/casa.org.mx\/wp-content\/uploads\/2025\/05\/WhatsApp-Image-2025-05-27-at-23.21.13-1.jpeg\" alt=\"\" class=\"wp-image-11105 size-full\" srcset=\"https:\/\/casa.org.mx\/wp-content\/uploads\/2025\/05\/WhatsApp-Image-2025-05-27-at-23.21.13-1.jpeg 547w, https:\/\/casa.org.mx\/wp-content\/uploads\/2025\/05\/WhatsApp-Image-2025-05-27-at-23.21.13-1-300x241.jpeg 300w, https:\/\/casa.org.mx\/wp-content\/uploads\/2025\/05\/WhatsApp-Image-2025-05-27-at-23.21.13-1-15x12.jpeg 15w\" sizes=\"(max-width: 547px) 100vw, 547px\" \/><\/figure><\/div>\n","protected":false},"excerpt":{"rendered":"<p>\u00c1reas y Espacios de Conocimiento La Biblioteca Casa A.C. es un lugar donde la cultura, el conocimiento y la comunidad convergen en un entorno acogedor y din\u00e1mico. Dise\u00f1ada para fomentar el aprendizaje y la creatividad, cuenta con diversos espacios que invitan a la exploraci\u00f3n, la reflexi\u00f3n y la interacci\u00f3n. Desde rincones m\u00e1gicos para la lectura [&hellip;]<\/p>\n","protected":false},"author":6,"featured_media":0,"parent":10908,"menu_order":0,"comment_status":"closed","ping_status":"closed","template":"","meta":{"give_campaign_id":0,"_joinchat":[],"footnotes":""},"class_list":["post-11055","page","type-page","status-publish","hentry"],"blocksy_meta":{"has_hero_section":"disabled","background":{"background_type":"image","background_pattern":"type-1","background_image":{"attachment_id":10625,"x":0,"y":0,"url":"https:\/\/casa.org.mx\/wp-content\/uploads\/2025\/03\/360_F_747872866_je0eDEtSaIPy6QntTjQ65HRcGK34pUeA-300x131.jpg"},"gradient":"linear-gradient(135deg,rgba(6,147,227,1) 0%,rgb(155,81,224) 100%)","background_repeat":"repeat","background_size":"auto","background_attachment":"scroll","patternColor":{"default":{"color":"#e5e7ea"}},"overlayColor":{"default":{"color":"CT_CSS_SKIP_RULE"}},"backgroundColor":{"default":{"color":"#ffffff"}}},"styles_descriptor":{"styles":{"desktop":"[data-prefix=\"single_page\"] {background-position:0% 0%;background-color:#ffffff;background-image:url(https:\/\/casa.org.mx\/wp-content\/uploads\/2025\/03\/360_F_747872866_je0eDEtSaIPy6QntTjQ65HRcGK34pUeA.jpg);}","tablet":"","mobile":""},"google_fonts":[],"version":6}},"campaignId":"","_links":{"self":[{"href":"https:\/\/casa.org.mx\/es\/wp-json\/wp\/v2\/pages\/11055","targetHints":{"allow":["GET"]}}],"collection":[{"href":"https:\/\/casa.org.mx\/es\/wp-json\/wp\/v2\/pages"}],"about":[{"href":"https:\/\/casa.org.mx\/es\/wp-json\/wp\/v2\/types\/page"}],"author":[{"embeddable":true,"href":"https:\/\/casa.org.mx\/es\/wp-json\/wp\/v2\/users\/6"}],"replies":[{"embeddable":true,"href":"https:\/\/casa.org.mx\/es\/wp-json\/wp\/v2\/comments?post=11055"}],"version-history":[{"count":3,"href":"https:\/\/casa.org.mx\/es\/wp-json\/wp\/v2\/pages\/11055\/revisions"}],"predecessor-version":[{"id":11107,"href":"https:\/\/casa.org.mx\/es\/wp-json\/wp\/v2\/pages\/11055\/revisions\/11107"}],"up":[{"embeddable":true,"href":"https:\/\/casa.org.mx\/es\/wp-json\/wp\/v2\/pages\/10908"}],"wp:attachment":[{"href":"https:\/\/casa.org.mx\/es\/wp-json\/wp\/v2\/media?parent=11055"}],"curies":[{"name":"wp","href":"https:\/\/api.w.org\/{rel}","templated":true}]}}