{"id":273,"date":"2025-02-21T14:33:41","date_gmt":"2025-02-21T13:33:41","guid":{"rendered":"https:\/\/casa.org.mx\/?page_id=273"},"modified":"2025-05-19T22:44:34","modified_gmt":"2025-05-19T20:44:34","slug":"ranchero-pandillero","status":"publish","type":"page","link":"https:\/\/casa.org.mx\/es\/programas\/ranchero-pandillero\/","title":{"rendered":"Ranchero Pandillero"},"content":{"rendered":"\n<div class=\"wp-block-media-text is-stacked-on-mobile has-border-color has-cyan-bluish-gray-border-color has-background\" style=\"background-color:#edf1ff\"><figure class=\"wp-block-media-text__media\"><img fetchpriority=\"high\" decoding=\"async\" width=\"1024\" height=\"768\" src=\"https:\/\/casa.org.mx\/wp-content\/uploads\/2025\/03\/6-20230924_160400-1024x768.jpg\" alt=\"\" class=\"wp-image-10672 size-full\" srcset=\"https:\/\/casa.org.mx\/wp-content\/uploads\/2025\/03\/6-20230924_160400-1024x768.jpg 1024w, https:\/\/casa.org.mx\/wp-content\/uploads\/2025\/03\/6-20230924_160400-300x225.jpg 300w, https:\/\/casa.org.mx\/wp-content\/uploads\/2025\/03\/6-20230924_160400-768x576.jpg 768w, https:\/\/casa.org.mx\/wp-content\/uploads\/2025\/03\/6-20230924_160400-1536x1152.jpg 1536w, https:\/\/casa.org.mx\/wp-content\/uploads\/2025\/03\/6-20230924_160400-2048x1536.jpg 2048w, https:\/\/casa.org.mx\/wp-content\/uploads\/2025\/03\/6-20230924_160400-16x12.jpg 16w\" sizes=\"(max-width: 1024px) 100vw, 1024px\" \/><\/figure><div class=\"wp-block-media-text__content\">\n<h1 class=\"wp-block-heading\">Ranchero Pandillero<\/h1>\n\n\n\n<p>Su objetivo es reducir los \u00edndices de violencia y de abuso de sustancias con j\u00f3venes a trav\u00e9s de la cultura Hip-Hop. Promoviendo la paz entre los barrios y las comunidades<\/p>\n\n\n\n<p>Los j\u00f3venes son los que presentan el m\u00e1s alto riesgo de ser&nbsp; v\u00edctimas y\/o victimarios de violencia. El Hip-Hop es una cultura que promueve el respeto, la uni\u00f3n y la paz.<\/p>\n\n\n\n<p>Ranchero Pandillero cuenta con un estudio de grabaci\u00f3n y un estudio de arte&nbsp; donde los j\u00f3venes pueden expresarse libremente y contin\u00fae creciendo el movimiento de paz.<\/p>\n<\/div><\/div>\n\n\n\n<div class=\"wp-block-group has-border-color has-cyan-bluish-gray-border-color has-background is-layout-constrained wp-block-group-is-layout-constrained\" style=\"border-width:1px;background-color:#edfffb\">\n<h2 class=\"wp-block-heading has-text-align-center\">Su significado viene de dos palabras que son utilizadas en la sociedad de manera discriminatoria como los \u201cRancheros y Pandilleros\u201d<\/h2>\n<\/div>\n\n\n\n<div class=\"wp-block-media-text is-stacked-on-mobile has-border-color has-cyan-bluish-gray-border-color has-background\" style=\"background-color:#edfffb;grid-template-columns:28% auto\"><figure class=\"wp-block-media-text__media\"><img decoding=\"async\" width=\"768\" height=\"1024\" src=\"https:\/\/casa.org.mx\/wp-content\/uploads\/2025\/05\/IMG_20250402_164431532-1-768x1024.jpg\" alt=\"\" class=\"wp-image-10893 size-full\" srcset=\"https:\/\/casa.org.mx\/wp-content\/uploads\/2025\/05\/IMG_20250402_164431532-1-768x1024.jpg 768w, https:\/\/casa.org.mx\/wp-content\/uploads\/2025\/05\/IMG_20250402_164431532-1-225x300.jpg 225w, https:\/\/casa.org.mx\/wp-content\/uploads\/2025\/05\/IMG_20250402_164431532-1-1152x1536.jpg 1152w, https:\/\/casa.org.mx\/wp-content\/uploads\/2025\/05\/IMG_20250402_164431532-1-1536x2048.jpg 1536w, https:\/\/casa.org.mx\/wp-content\/uploads\/2025\/05\/IMG_20250402_164431532-1-9x12.jpg 9w, https:\/\/casa.org.mx\/wp-content\/uploads\/2025\/05\/IMG_20250402_164431532-1-scaled.jpg 1920w\" sizes=\"(max-width: 768px) 100vw, 768px\" \/><\/figure><div class=\"wp-block-media-text__content\">\n<h1 class=\"wp-block-heading\">Rap y Hip Hop<\/h1>\n\n\n\n<p><strong>El colectivo de rap<\/strong> inicia en <strong>Agosto del a\u00f1o 2017 <\/strong>con un peque\u00f1o grupo de j\u00f3venes que comparten gustos por la m\u00fasica, escritura y experiencias en com\u00fan, fomentando la paz con mensajes conscientes mediante el rap y Hip Hop.<\/p>\n<\/div><\/div>\n\n\n\n<div class=\"wp-block-group has-border-color has-cyan-bluish-gray-border-color has-background is-layout-constrained wp-block-group-is-layout-constrained\" style=\"border-width:1px;background-color:#edfffb\">\n<h2 class=\"wp-block-heading has-text-align-left\">\u00bfQu\u00e9 hace el coletivo de rap?<\/h2>\n\n\n\n<div class=\"wp-block-group is-nowrap is-layout-flex wp-container-core-group-is-layout-6c531013 wp-block-group-is-layout-flex\">\n<p>El equipo siempre est\u00e1 en busca de nuevos talentos y apoya a j\u00f3venes que busquen desarrollarse c\u00f3mo artistas.<\/p>\n\n\n\n<p>Nuestro estudio de grabaci\u00f3n es un espacio que brinda seguridad, preparaci\u00f3n, inspiraci\u00f3n y creatividad.<\/p>\n<\/div>\n<\/div>\n\n\n\n<div class=\"wp-block-group is-layout-grid wp-container-core-group-is-layout-73d44df6 wp-block-group-is-layout-grid\">\n<div class=\"wp-block-group has-border-color has-cyan-bluish-gray-border-color has-background is-vertical is-layout-flex wp-container-core-group-is-layout-fe9cc265 wp-block-group-is-layout-flex\" style=\"border-width:1px;background-color:#edfaff\">\n<h3 class=\"wp-block-heading\"><strong>Talleres de composici\u00f3n musical<\/strong><\/h3>\n\n\n\n<p><strong>Ense\u00f1amos<\/strong> a los adolescentes <strong>a crear sus propias composiciones desde cero en escuelas, barrios,colonias y comunidades <\/strong>con shows musicales y talleres de Rap y Hip Hop<\/p>\n<\/div>\n\n\n\n<div class=\"wp-block-group has-border-color has-cyan-bluish-gray-border-color has-background is-vertical is-layout-flex wp-container-core-group-is-layout-fe9cc265 wp-block-group-is-layout-flex\" style=\"border-width:1px;background-color:#ffedfa\">\n<h3 class=\"wp-block-heading\"><strong>Estudio de grabaci\u00f3n<\/strong><\/h3>\n\n\n\n<p>Las puertas est\u00e1n abiertas a cualquier artista sin importar el g\u00e9nero musical.<\/p>\n\n\n\n<p><strong>Es gratuito para los miembros <\/strong>y est\u00e1 disponible al p\u00fablico por un bajo costo.<\/p>\n<\/div>\n\n\n\n<div class=\"wp-block-group has-border-color has-cyan-bluish-gray-border-color has-background wp-container-content-da97c7ca is-vertical is-layout-flex wp-container-core-group-is-layout-fe9cc265 wp-block-group-is-layout-flex\" style=\"border-width:1px;background-color:#fff2ed\">\n<h3 class=\"wp-block-heading\"><strong>Prevenimos la violencia<\/strong><\/h3>\n\n\n\n<p>Ayudando a&nbsp; disminuir los \u00edndices de violencia y adicciones que se&nbsp;vive en las calles y comunidades de San Miguel de Allende.<\/p>\n<\/div>\n\n\n\n<div class=\"wp-block-group has-border-color has-cyan-bluish-gray-border-color has-background is-vertical is-layout-flex wp-container-core-group-is-layout-fe9cc265 wp-block-group-is-layout-flex\" style=\"border-width:1px;background-color:#faffed\">\n<h3 class=\"wp-block-heading\"><strong><strong>Impulsamos el talento local<\/strong><\/strong><\/h3>\n\n\n\n<p>Usamos los pilares m\u00e1s importantes de la cultura Hip Hop (Graffiti, Dj, Break dance y rap) para impulsar el talento&nbsp; y canalizar la energ\u00eda de los adolescentes en actividades creativas, positivas promoviendo el mensaje&nbsp;<\/p>\n\n\n\n<p><strong>&nbsp;\u201cM\u00c1S L\u00cdNEAS MENOS RI\u00d1AS.<\/strong><\/p>\n<\/div>\n<\/div>\n\n\n\n<div class=\"wp-block-media-text is-stacked-on-mobile has-border-color has-cyan-bluish-gray-border-color has-background\" style=\"background-color:#edfffb\"><figure class=\"wp-block-media-text__media\"><img decoding=\"async\" width=\"1024\" height=\"768\" src=\"https:\/\/casa.org.mx\/wp-content\/uploads\/2025\/03\/10-IMG20240721112648-1024x768.jpg\" alt=\"\" class=\"wp-image-10676 size-full\" srcset=\"https:\/\/casa.org.mx\/wp-content\/uploads\/2025\/03\/10-IMG20240721112648-1024x768.jpg 1024w, https:\/\/casa.org.mx\/wp-content\/uploads\/2025\/03\/10-IMG20240721112648-300x225.jpg 300w, https:\/\/casa.org.mx\/wp-content\/uploads\/2025\/03\/10-IMG20240721112648-768x576.jpg 768w, https:\/\/casa.org.mx\/wp-content\/uploads\/2025\/03\/10-IMG20240721112648-1536x1152.jpg 1536w, https:\/\/casa.org.mx\/wp-content\/uploads\/2025\/03\/10-IMG20240721112648-2048x1536.jpg 2048w, https:\/\/casa.org.mx\/wp-content\/uploads\/2025\/03\/10-IMG20240721112648-16x12.jpg 16w\" sizes=\"(max-width: 1024px) 100vw, 1024px\" \/><\/figure><div class=\"wp-block-media-text__content\">\n<h1 class=\"wp-block-heading\"><strong>Graffiti<\/strong><\/h1>\n\n\n\n<p><strong>El&nbsp;Colectivo de Graffiti&nbsp;<\/strong>se fund\u00f3 en&nbsp;<strong>mayo del 2018<\/strong> con artistas de diferentes barrios y con estilos \u00fanicos. Con la intenci\u00f3n de apoyar a los j\u00f3venes a salir de un \u00e1mbito violento&nbsp;y tener una actividad para expresarse, varios de los integrantes&nbsp; comenzaron&nbsp;pintando de manera ilegal pintando vagones y ahora apoyan al programa de Ranchero Pandillero pintando murales por todo San Miguel de Allende dando un mensaje positivo.<\/p>\n<\/div><\/div>\n\n\n\n<div class=\"wp-block-group has-border-color has-cyan-bluish-gray-border-color has-background is-layout-constrained wp-block-group-is-layout-constrained\" style=\"border-width:1px;background-color:#edfffb\">\n<h2 class=\"wp-block-heading has-text-align-left\">Pintamos murales por todo San Miguel de Allende <br>dando un mensaje positivo.<\/h2>\n\n\n\n<div class=\"wp-block-group is-nowrap is-layout-flex wp-container-core-group-is-layout-f66f9956 wp-block-group-is-layout-flex\">\n<p>Reducimos la violencia y adicciones en j\u00f3venes promoviendo la paz mediante el arte en comunidades y colonias de San Miguel de Allende, desarrollando sus habilidades art\u00edsticas y creativas.<\/p>\n\n\n\n<p>Desde el 2018 hasta la fecha el colectivo ha apoyado a CASA y a sus programas&nbsp; con la elaboraci\u00f3n de diferentes campa\u00f1as inform\u00e1ticas&nbsp;<\/p>\n<\/div>\n<\/div>\n\n\n\n<div class=\"wp-block-media-text is-stacked-on-mobile has-border-color has-cyan-bluish-gray-border-color has-background\" style=\"background-color:#edfffb\"><figure class=\"wp-block-media-text__media\"><img loading=\"lazy\" decoding=\"async\" width=\"1024\" height=\"768\" src=\"https:\/\/casa.org.mx\/wp-content\/uploads\/2025\/03\/13-IMG20240721112824-1024x768.jpg\" alt=\"\" class=\"wp-image-10681 size-full\" srcset=\"https:\/\/casa.org.mx\/wp-content\/uploads\/2025\/03\/13-IMG20240721112824-1024x768.jpg 1024w, https:\/\/casa.org.mx\/wp-content\/uploads\/2025\/03\/13-IMG20240721112824-300x225.jpg 300w, https:\/\/casa.org.mx\/wp-content\/uploads\/2025\/03\/13-IMG20240721112824-768x576.jpg 768w, https:\/\/casa.org.mx\/wp-content\/uploads\/2025\/03\/13-IMG20240721112824-1536x1152.jpg 1536w, https:\/\/casa.org.mx\/wp-content\/uploads\/2025\/03\/13-IMG20240721112824-2048x1536.jpg 2048w, https:\/\/casa.org.mx\/wp-content\/uploads\/2025\/03\/13-IMG20240721112824-16x12.jpg 16w\" sizes=\"(max-width: 1024px) 100vw, 1024px\" \/><\/figure><div class=\"wp-block-media-text__content\">\n<h1 class=\"wp-block-heading\">Estudio de Arte<\/h1>\n\n\n\n<p>El estudio de arte fue inaugurado el d\u00eda 23 de julio del 2018. con la intenci\u00f3n de que los j\u00f3venes tuvieran un lugar para pintar, brindar talleres, hacer reuniones y planear nuevos proyectos relacionados al arte.&nbsp;<\/p>\n\n\n\n<h3 class=\"wp-block-heading\">Horarios<\/h3>\n\n\n\n<p>De lunes a viernes&nbsp; 9:00 am \u2013 5:00 pm<\/p>\n\n\n\n<h3 class=\"wp-block-heading\">Direcci\u00f3n<\/h3>\n\n\n\n<p>Santa Julia #15, Colonia Santa Julia. San Miguel de Allende, Gto. M\u00e9xico<\/p>\n<\/div><\/div>\n\n\n\n<div class=\"wp-block-media-text is-stacked-on-mobile has-border-color has-cyan-bluish-gray-border-color has-background\" style=\"background-color:#edfffb\"><figure class=\"wp-block-media-text__media\"><img loading=\"lazy\" decoding=\"async\" width=\"1024\" height=\"768\" src=\"https:\/\/casa.org.mx\/wp-content\/uploads\/2025\/03\/9-rp16.jpg\" alt=\"\" class=\"wp-image-10675 size-full\" srcset=\"https:\/\/casa.org.mx\/wp-content\/uploads\/2025\/03\/9-rp16.jpg 1024w, https:\/\/casa.org.mx\/wp-content\/uploads\/2025\/03\/9-rp16-300x225.jpg 300w, https:\/\/casa.org.mx\/wp-content\/uploads\/2025\/03\/9-rp16-768x576.jpg 768w, https:\/\/casa.org.mx\/wp-content\/uploads\/2025\/03\/9-rp16-16x12.jpg 16w\" sizes=\"(max-width: 1024px) 100vw, 1024px\" \/><\/figure><div class=\"wp-block-media-text__content\">\n<h1 class=\"wp-block-heading\"><strong>\u00bfTe gustar\u00eda ser voluntario?<\/strong><\/h1>\n\n\n\n<p><em><strong>\u00a1Es muy f\u00e1cil!<\/strong><\/em><\/p>\n\n\n\n<p>Vis\u00edtanos en Santa Julia No. 15 Col. Santa Julia, SMA.<\/p>\n\n\n\n<ul class=\"wp-block-list\">\n<li>Si tu pasi\u00f3n es la m\u00fasica y el arte o necesitas un espacio donde expresarte en CASA tenemos un espacio para ti.&nbsp;<\/li>\n\n\n\n<li>Tenemos un espacio seguro, de libre expresi\u00f3n, inspirador y creativo.<\/li>\n\n\n\n<li>Obt\u00e9n apoyo con grabaciones, espacios para pintar, descuentos en diversas tiendas y establecimientos, etc.<\/li>\n<\/ul>\n<\/div><\/div>\n\n\n\n<p><\/p>\n","protected":false},"excerpt":{"rendered":"<p>Ranchero Pandillero Su objetivo es reducir los \u00edndices de violencia y de abuso de sustancias con j\u00f3venes a trav\u00e9s de la cultura Hip-Hop. Promoviendo la paz entre los barrios y las comunidades Los j\u00f3venes son los que presentan el m\u00e1s alto riesgo de ser&nbsp; v\u00edctimas y\/o victimarios de violencia. El Hip-Hop es una cultura que [&hellip;]<\/p>\n","protected":false},"author":1,"featured_media":0,"parent":269,"menu_order":0,"comment_status":"closed","ping_status":"closed","template":"","meta":{"give_campaign_id":0,"_joinchat":[],"footnotes":""},"class_list":["post-273","page","type-page","status-publish","hentry"],"blocksy_meta":{"has_hero_section":"disabled","background":{"background_type":"image","background_pattern":"type-4","background_image":{"attachment_id":10623,"x":0,"y":0,"url":"https:\/\/casa.org.mx\/wp-content\/uploads\/2025\/03\/pngtree-original-hand-painted-colorful-graffiti-small-fresh-inkjet-watercolor-ink-background-picture-image_1997005-766x1024.png"},"gradient":"linear-gradient(135deg,rgba(6,147,227,1) 0%,rgb(155,81,224) 100%)","background_repeat":"no-repeat","background_size":"cover","background_attachment":"scroll","patternColor":{"default":{"color":"#e5e7ea"}},"overlayColor":{"default":{"color":"CT_CSS_SKIP_RULE"}},"backgroundColor":{"default":{"color":"#ffffff"}}},"styles_descriptor":{"styles":{"desktop":"[data-prefix=\"single_page\"] {background-position:0% 0%;background-size:cover;background-repeat:no-repeat;background-color:#ffffff;background-image:url(https:\/\/casa.org.mx\/wp-content\/uploads\/2025\/03\/pngtree-original-hand-painted-colorful-graffiti-small-fresh-inkjet-watercolor-ink-background-picture-image_1997005.png);}","tablet":"","mobile":""},"google_fonts":[],"version":6}},"campaignId":"","_links":{"self":[{"href":"https:\/\/casa.org.mx\/es\/wp-json\/wp\/v2\/pages\/273","targetHints":{"allow":["GET"]}}],"collection":[{"href":"https:\/\/casa.org.mx\/es\/wp-json\/wp\/v2\/pages"}],"about":[{"href":"https:\/\/casa.org.mx\/es\/wp-json\/wp\/v2\/types\/page"}],"author":[{"embeddable":true,"href":"https:\/\/casa.org.mx\/es\/wp-json\/wp\/v2\/users\/1"}],"replies":[{"embeddable":true,"href":"https:\/\/casa.org.mx\/es\/wp-json\/wp\/v2\/comments?post=273"}],"version-history":[{"count":9,"href":"https:\/\/casa.org.mx\/es\/wp-json\/wp\/v2\/pages\/273\/revisions"}],"predecessor-version":[{"id":10903,"href":"https:\/\/casa.org.mx\/es\/wp-json\/wp\/v2\/pages\/273\/revisions\/10903"}],"up":[{"embeddable":true,"href":"https:\/\/casa.org.mx\/es\/wp-json\/wp\/v2\/pages\/269"}],"wp:attachment":[{"href":"https:\/\/casa.org.mx\/es\/wp-json\/wp\/v2\/media?parent=273"}],"curies":[{"name":"wp","href":"https:\/\/api.w.org\/{rel}","templated":true}]}}