{"id":277,"date":"2025-02-21T14:35:02","date_gmt":"2025-02-21T13:35:02","guid":{"rendered":"https:\/\/casa.org.mx\/?page_id=277"},"modified":"2025-05-19T22:59:59","modified_gmt":"2025-05-19T20:59:59","slug":"programa-en-salud-comunitaria","status":"publish","type":"page","link":"https:\/\/casa.org.mx\/es\/programas\/programa-en-salud-comunitaria\/","title":{"rendered":"Programa en Salud Comunitaria"},"content":{"rendered":"\n<div class=\"wp-block-media-text is-stacked-on-mobile has-border-color has-cyan-bluish-gray-border-color has-background\" style=\"background-color:#edf1ff\"><figure class=\"wp-block-media-text__media\"><img fetchpriority=\"high\" decoding=\"async\" width=\"1024\" height=\"768\" src=\"https:\/\/casa.org.mx\/wp-content\/uploads\/2025\/03\/1-WhatsApp-Image-2024-06-25-at-6-1024x768.jpg\" alt=\"\" class=\"wp-image-10591 size-full\" srcset=\"https:\/\/casa.org.mx\/wp-content\/uploads\/2025\/03\/1-WhatsApp-Image-2024-06-25-at-6-1024x768.jpg 1024w, https:\/\/casa.org.mx\/wp-content\/uploads\/2025\/03\/1-WhatsApp-Image-2024-06-25-at-6-300x225.jpg 300w, https:\/\/casa.org.mx\/wp-content\/uploads\/2025\/03\/1-WhatsApp-Image-2024-06-25-at-6-768x576.jpg 768w, https:\/\/casa.org.mx\/wp-content\/uploads\/2025\/03\/1-WhatsApp-Image-2024-06-25-at-6-1536x1152.jpg 1536w, https:\/\/casa.org.mx\/wp-content\/uploads\/2025\/03\/1-WhatsApp-Image-2024-06-25-at-6-16x12.jpg 16w, https:\/\/casa.org.mx\/wp-content\/uploads\/2025\/03\/1-WhatsApp-Image-2024-06-25-at-6.jpg 1600w\" sizes=\"(max-width: 1024px) 100vw, 1024px\" \/><\/figure><div class=\"wp-block-media-text__content\">\n<h1 class=\"wp-block-heading\">Programa en Salud comunitaria (PSC)<\/h1>\n\n\n\n<p>Es el primer programa de la Asociaci\u00f3n Civil, en 1981 se conform\u00f3 con un grupo de promotores j\u00f3venes de salud con&nbsp; la finalidad de brindar informaci\u00f3n de joven a joven&nbsp; sobre derechos sexuales y reproductivos para la toma de decisiones de la&nbsp; vida sexual de la poblaci\u00f3n m\u00e1s vulnerable, en particular las y los j\u00f3venes. Adem\u00e1s proporcionamos&nbsp; m\u00e9todos anticonceptivos gratuitos de barrera y de acci\u00f3n prolongada.&nbsp;<\/p>\n<\/div><\/div>\n\n\n\n<div class=\"wp-block-group has-border-color has-cyan-bluish-gray-border-color has-background is-layout-constrained wp-block-group-is-layout-constrained\" style=\"border-width:1px;background-color:#edfffb\">\n<h2 class=\"wp-block-heading has-text-align-center\">El programa cuenta con 4 l\u00edneas de acci\u00f3n:&nbsp;<\/h2>\n<\/div>\n\n\n\n<div class=\"wp-block-group is-layout-grid wp-container-core-group-is-layout-73d44df6 wp-block-group-is-layout-grid\">\n<div class=\"wp-block-group has-border-color has-cyan-bluish-gray-border-color has-background is-vertical is-layout-flex wp-container-core-group-is-layout-fe9cc265 wp-block-group-is-layout-flex\" style=\"border-width:1px;background-color:#edfaff\">\n<h3 class=\"wp-block-heading\"><strong>Educaci\u00f3n sexual integral<\/strong><\/h3>\n<\/div>\n\n\n\n<div class=\"wp-block-group has-border-color has-cyan-bluish-gray-border-color has-background is-vertical is-layout-flex wp-container-core-group-is-layout-fe9cc265 wp-block-group-is-layout-flex\" style=\"border-width:1px;background-color:#ffedfa\">\n<h3 class=\"wp-block-heading\"><strong>Bodegas de Planificaci\u00f3n Familiar<\/strong><\/h3>\n<\/div>\n\n\n\n<div class=\"wp-block-group has-border-color has-cyan-bluish-gray-border-color has-background wp-container-content-da97c7ca is-vertical is-layout-flex wp-container-core-group-is-layout-fe9cc265 wp-block-group-is-layout-flex\" style=\"border-width:1px;background-color:#fff2ed\">\n<h3 class=\"wp-block-heading\"><strong>Colectivo Colores SMA<\/strong><\/h3>\n<\/div>\n\n\n\n<div class=\"wp-block-group has-border-color has-cyan-bluish-gray-border-color has-background is-vertical is-layout-flex wp-container-core-group-is-layout-fe9cc265 wp-block-group-is-layout-flex\" style=\"border-width:1px;background-color:#faffed\">\n<h3 class=\"wp-block-heading\"><strong><strong>Servicios de Salud integral&nbsp; y Parter\u00eda<\/strong><\/strong><\/h3>\n<\/div>\n<\/div>\n\n\n\n<div class=\"wp-block-media-text is-stacked-on-mobile has-border-color has-cyan-bluish-gray-border-color has-background\" style=\"background-color:#edf1ff\"><figure class=\"wp-block-media-text__media\"><img decoding=\"async\" width=\"1024\" height=\"683\" src=\"https:\/\/casa.org.mx\/wp-content\/uploads\/2025\/03\/DSC_0349-1024x683-1.jpg\" alt=\"\" class=\"wp-image-10603 size-full\" srcset=\"https:\/\/casa.org.mx\/wp-content\/uploads\/2025\/03\/DSC_0349-1024x683-1.jpg 1024w, https:\/\/casa.org.mx\/wp-content\/uploads\/2025\/03\/DSC_0349-1024x683-1-300x200.jpg 300w, https:\/\/casa.org.mx\/wp-content\/uploads\/2025\/03\/DSC_0349-1024x683-1-768x512.jpg 768w, https:\/\/casa.org.mx\/wp-content\/uploads\/2025\/03\/DSC_0349-1024x683-1-18x12.jpg 18w\" sizes=\"(max-width: 1024px) 100vw, 1024px\" \/><\/figure><div class=\"wp-block-media-text__content\">\n<h1 class=\"wp-block-heading\">Bodegas de Planificaci\u00f3n Familiar<\/h1>\n\n\n\n<p>PSC cuenta con un grupo de&nbsp; voluntarios, due\u00f1os o encargados de 72 negocios comerciales, negocios de comida, empresas, escuelas, etc. En 14 comunidades y 3 municipios. Quienes tienen \u201cBodegas de Planificaci\u00f3n Familiar\u201d accesibles, que constan de peque\u00f1os stand\u00b4s (cajas) con condones y materiales informativos.<\/p>\n<\/div><\/div>\n\n\n\n<div class=\"wp-block-group is-layout-grid wp-container-core-group-is-layout-510ef126 wp-block-group-is-layout-grid\">\n<div class=\"wp-block-group has-border-color has-cyan-bluish-gray-border-color has-background is-vertical is-layout-flex wp-container-core-group-is-layout-fe9cc265 wp-block-group-is-layout-flex\" style=\"border-width:1px;background-color:#edfaff\">\n<h3 class=\"wp-block-heading\"><strong>\u00bfSab\u00edas qu\u00e9&#8230;<\/strong><\/h3>\n\n\n\n<p>En 2020, el 2.5% de las mujeres de 12 a 17 a\u00f1os en Guanajuato ya ten\u00edan al menos un hijo, lo que equival\u00eda a 8.1 mil adolescentes.<\/p>\n\n\n\n<p>Fuente: INEGI, Censo 2020.<\/p>\n<\/div>\n\n\n\n<div class=\"wp-block-group has-border-color has-cyan-bluish-gray-border-color has-background is-vertical is-layout-flex wp-container-core-group-is-layout-fe9cc265 wp-block-group-is-layout-flex\" style=\"border-width:1px;background-color:#ffedfa\">\n<h3 class=\"wp-block-heading\"><strong>Guanajuato estaba en n\u00fameros rojos<\/strong><\/h3>\n\n\n\n<p>Guanajuato se encontraba en el lugar 14 con el mayor porcentaje de adolescentes madres.<\/p>\n\n\n\n<p>Fuente: INEGI, Censo 2020.<\/p>\n<\/div>\n\n\n\n<div class=\"wp-block-group has-border-color has-cyan-bluish-gray-border-color has-background is-vertical is-layout-flex wp-container-core-group-is-layout-fe9cc265 wp-block-group-is-layout-flex\" style=\"border-width:1px;background-color:#ffedfa\">\n<h3 class=\"wp-block-heading\"><strong>Disminuci\u00f3n de madres adolescenetes<\/strong><\/h3>\n\n\n\n<p>Entre 2015 y 2020, la proporci\u00f3n de madres adolescentes de entre 12 y 17 a\u00f1os en la entidad disminuy\u00f3 un 20% (pasando del 3.1% al 2.5%).<\/p>\n\n\n\n<p>Fuente: INEGI, Censo 2020.<\/p>\n<\/div>\n<\/div>\n\n\n\n<div class=\"wp-block-media-text is-stacked-on-mobile has-border-color has-cyan-bluish-gray-border-color has-background\" style=\"background-color:#edf1ff\"><figure class=\"wp-block-media-text__media\"><img decoding=\"async\" width=\"1024\" height=\"768\" src=\"https:\/\/casa.org.mx\/wp-content\/uploads\/2025\/03\/WhatsApp-Image-2024-11-11-at-10.57.26-AM-scaled-1-1024x768.jpeg\" alt=\"\" class=\"wp-image-10612 size-full\" srcset=\"https:\/\/casa.org.mx\/wp-content\/uploads\/2025\/03\/WhatsApp-Image-2024-11-11-at-10.57.26-AM-scaled-1-1024x768.jpeg 1024w, https:\/\/casa.org.mx\/wp-content\/uploads\/2025\/03\/WhatsApp-Image-2024-11-11-at-10.57.26-AM-scaled-1-300x225.jpeg 300w, https:\/\/casa.org.mx\/wp-content\/uploads\/2025\/03\/WhatsApp-Image-2024-11-11-at-10.57.26-AM-scaled-1-768x576.jpeg 768w, https:\/\/casa.org.mx\/wp-content\/uploads\/2025\/03\/WhatsApp-Image-2024-11-11-at-10.57.26-AM-scaled-1-1536x1152.jpeg 1536w, https:\/\/casa.org.mx\/wp-content\/uploads\/2025\/03\/WhatsApp-Image-2024-11-11-at-10.57.26-AM-scaled-1-2048x1536.jpeg 2048w, https:\/\/casa.org.mx\/wp-content\/uploads\/2025\/03\/WhatsApp-Image-2024-11-11-at-10.57.26-AM-scaled-1-16x12.jpeg 16w\" sizes=\"(max-width: 1024px) 100vw, 1024px\" \/><\/figure><div class=\"wp-block-media-text__content\">\n<h1 class=\"wp-block-heading\">Prevenci\u00f3n del Embarazo en Adolescentes<\/h1>\n\n\n\n<p>Centro Para Los Adolescentes de San Miguel de Allende y su programa PSC, forman parte del Grupo Estatal Para La Prevenci\u00f3n del Embarazo en Adolescente, desde el 2023. Con el objetivo de contribuir de manera colectiva con diferentes instituciones gubernamentales y sociedad civil para la disminuci\u00f3n del embarazo en adolescentes y la erradicaci\u00f3n del embarazo infantil.<\/p>\n<\/div><\/div>\n\n\n\n<div class=\"wp-block-group has-border-color has-cyan-bluish-gray-border-color has-background is-layout-constrained wp-block-group-is-layout-constrained\" style=\"border-width:1px;background-color:#edfffb\">\n<h2 class=\"wp-block-heading has-text-align-center\"><strong><strong>El embarazo adolescente es un problema complejo que afecta y modifica el proyecto de vida de la joven que queda embarazada<\/strong><\/strong><\/h2>\n\n\n\n<div class=\"wp-block-group is-layout-grid wp-container-core-group-is-layout-510ef126 wp-block-group-is-layout-grid\">\n<p class=\"wp-container-content-00206bb4\">as\u00ed como el de su pareja y su familia. Adem\u00e1s, tiene consecuencias negativas significativas en la salud y el desarrollo psicosocial de la adolescente. Las estad\u00edsticas muestran que uno de cada cuatro embarazos en adolescentes no fue planeado y uno de cada diez no fue deseado. <\/p>\n\n\n\n<p>San Miguel de Allende se encuentra en el 12avo lugar a nivel estatal con mayor tasa de embarazos en adolescentes de 15 a 19 a\u00f1os.<\/p>\n<\/div>\n<\/div>\n\n\n\n<div class=\"wp-block-media-text is-stacked-on-mobile has-border-color has-cyan-bluish-gray-border-color has-background\" style=\"background-color:#edf1ff\"><figure class=\"wp-block-media-text__media\"><img loading=\"lazy\" decoding=\"async\" width=\"1024\" height=\"768\" src=\"https:\/\/casa.org.mx\/wp-content\/uploads\/2025\/03\/Usuarios-subsecuentes-de-Bodega-_EL-CHARCO-_-1024x768-1.jpg\" alt=\"\" class=\"wp-image-10613 size-full\" srcset=\"https:\/\/casa.org.mx\/wp-content\/uploads\/2025\/03\/Usuarios-subsecuentes-de-Bodega-_EL-CHARCO-_-1024x768-1.jpg 1024w, https:\/\/casa.org.mx\/wp-content\/uploads\/2025\/03\/Usuarios-subsecuentes-de-Bodega-_EL-CHARCO-_-1024x768-1-300x225.jpg 300w, https:\/\/casa.org.mx\/wp-content\/uploads\/2025\/03\/Usuarios-subsecuentes-de-Bodega-_EL-CHARCO-_-1024x768-1-768x576.jpg 768w, https:\/\/casa.org.mx\/wp-content\/uploads\/2025\/03\/Usuarios-subsecuentes-de-Bodega-_EL-CHARCO-_-1024x768-1-16x12.jpg 16w\" sizes=\"(max-width: 1024px) 100vw, 1024px\" \/><\/figure><div class=\"wp-block-media-text__content\">\n<h1 class=\"wp-block-heading\">\u00bfQu\u00e9 significa la Salud Sexual y Reproductiva?<\/h1>\n\n\n\n<p>Se refiere a un estado de bienestar integral que abarca lo f\u00edsico, emocional, mental y social en relaci\u00f3n con todos los aspectos de la sexualidad y la reproducci\u00f3n, no s\u00f3lo a la ausencia de enfermedades, disfunciones o malestares. En este sentido, una visi\u00f3n positiva de la sexualidad y la reproducci\u00f3n debe reconocer la importancia de las relaciones sexuales placenteras, la confianza y la comunicaci\u00f3n para fomentar la autoestima y el bienestar general. Todas las personas tienen el derecho de tomar decisiones sobre sus cuerpos y de acceder a los servicios que apoyen ese derecho.<\/p>\n<\/div><\/div>\n\n\n\n<div class=\"wp-block-media-text is-stacked-on-mobile has-border-color has-cyan-bluish-gray-border-color has-background\" style=\"background-color:#edf1ff;grid-template-columns:32% auto\"><figure class=\"wp-block-media-text__media\"><img loading=\"lazy\" decoding=\"async\" width=\"1024\" height=\"768\" src=\"https:\/\/casa.org.mx\/wp-content\/uploads\/2025\/05\/IMG20250226111727-1024x768.jpg\" alt=\"\" class=\"wp-image-10905 size-full\" srcset=\"https:\/\/casa.org.mx\/wp-content\/uploads\/2025\/05\/IMG20250226111727-1024x768.jpg 1024w, https:\/\/casa.org.mx\/wp-content\/uploads\/2025\/05\/IMG20250226111727-300x225.jpg 300w, https:\/\/casa.org.mx\/wp-content\/uploads\/2025\/05\/IMG20250226111727-768x576.jpg 768w, https:\/\/casa.org.mx\/wp-content\/uploads\/2025\/05\/IMG20250226111727-1536x1152.jpg 1536w, https:\/\/casa.org.mx\/wp-content\/uploads\/2025\/05\/IMG20250226111727-2048x1536.jpg 2048w, https:\/\/casa.org.mx\/wp-content\/uploads\/2025\/05\/IMG20250226111727-16x12.jpg 16w\" sizes=\"(max-width: 1024px) 100vw, 1024px\" \/><\/figure><div class=\"wp-block-media-text__content\">\n<h1 class=\"wp-block-heading\">\u00bfPor qu\u00e9 son importantes los talleres de educaci\u00f3n sexual y reproductiva en las escuelas?<\/h1>\n\n\n\n<p class=\"has-text-align-left\">La adolescencia es una etapa clave en la formaci\u00f3n de la identidad, el desarrollo emocional y la construcci\u00f3n de relaciones. Sin embargo, muchos j\u00f3venes crecen sin acceso a informaci\u00f3n clara, confiable y actualizada sobre sexualidad, lo que puede poner en riesgo su salud, su bienestar emocional y su futuro.<\/p>\n\n\n\n<p class=\"has-text-align-left\">Los talleres de educaci\u00f3n sexual y reproductiva en el \u00e1mbito escolar ofrecen un espacio seguro y formativo donde ni\u00f1os, ni\u00f1as y adolescentes pueden aprender sobre su cuerpo, sus derechos, la prevenci\u00f3n de infecciones de transmisi\u00f3n sexual (ITS), los m\u00e9todos anticonceptivos, el consentimiento y la diversidad sexual, entre otros temas fundamentales.<\/p>\n\n\n\n<p class=\"has-text-align-left\">Esta educaci\u00f3n no solo les permite tomar decisiones informadas, sino que tambi\u00e9n contribuye a construir una sociedad m\u00e1s equitativa, respetuosa y libre de violencias.<\/p>\n<\/div><\/div>\n\n\n\n<div class=\"wp-block-group has-border-color has-cyan-bluish-gray-border-color has-background is-layout-constrained wp-block-group-is-layout-constrained\" style=\"border-width:1px;background-color:#edfffb\">\n<h2 class=\"wp-block-heading has-text-align-center\"><strong><strong>Todas las personas tienen el derecho de tomar decisiones sobre sus cuerpos y de acceder a los servicios que apoyen ese derecho.<\/strong><\/strong><\/h2>\n<\/div>\n\n\n\n<div class=\"wp-block-media-text is-stacked-on-mobile has-border-color has-cyan-bluish-gray-border-color has-background\" style=\"background-color:#edf1ff\"><figure class=\"wp-block-media-text__media\"><img loading=\"lazy\" decoding=\"async\" width=\"1024\" height=\"683\" src=\"https:\/\/casa.org.mx\/wp-content\/uploads\/2025\/03\/DSC_0364-1024x683-1.jpg\" alt=\"\" class=\"wp-image-10611 size-full\" srcset=\"https:\/\/casa.org.mx\/wp-content\/uploads\/2025\/03\/DSC_0364-1024x683-1.jpg 1024w, https:\/\/casa.org.mx\/wp-content\/uploads\/2025\/03\/DSC_0364-1024x683-1-300x200.jpg 300w, https:\/\/casa.org.mx\/wp-content\/uploads\/2025\/03\/DSC_0364-1024x683-1-768x512.jpg 768w, https:\/\/casa.org.mx\/wp-content\/uploads\/2025\/03\/DSC_0364-1024x683-1-18x12.jpg 18w\" sizes=\"(max-width: 1024px) 100vw, 1024px\" \/><\/figure><div class=\"wp-block-media-text__content\">\n<h1 class=\"wp-block-heading\">\u00bfQu\u00e9 est\u00e1 pasando?<\/h1>\n\n\n\n<p>La falta de informaci\u00f3n y acceso a m\u00e9todos anticonceptivos son factores determinantes en esta problem\u00e1tica. Se ha observado que a menor edad de inicio de relaciones sexuales, menor es la probabilidad de usar anticonceptivos. Esto se refleja en los altos niveles de demanda insatisfecha de anticonceptivos en adolescentes, en comparaci\u00f3n con el promedio nacional. La magnitud del problema se evidencia en el dato de que casi uno de cada cinco nacimientos en M\u00e9xico ocurre en mujeres menores de 20 a\u00f1os.&nbsp;<\/p>\n<\/div><\/div>\n\n\n\n<div class=\"wp-block-group has-border-color has-cyan-bluish-gray-border-color has-background is-layout-constrained wp-block-group-is-layout-constrained\" style=\"border-width:1px;background-color:#edfffb\">\n<h2 class=\"wp-block-heading has-text-align-center\"><strong><strong>\u00bfQu\u00e9 buscamos en CASA A.C.?<\/strong><\/strong><\/h2>\n\n\n\n<div class=\"wp-block-group is-layout-grid wp-container-core-group-is-layout-510ef126 wp-block-group-is-layout-grid\">\n<p class=\"wp-container-content-00206bb4\">Con el objetivo de brindar a la poblaci\u00f3n m\u00e1s vulnerable en particular a las y los j\u00f3venes, <strong>nace el Programa en Salud Comunitaria de CASA A.C.<\/strong>, que brinda informaci\u00f3n laica y cient\u00edfica sobre derechos sexuales y reproductivos para la toma de decisiones de su vida sexual.&nbsp;<\/p>\n\n\n\n<p>Actualmente, una coordinadora, una partera tradicional y una partera con formaci\u00f3n profesional brindan informaci\u00f3n y orientaci\u00f3n especializada en salud sexual y justicia reproductiva en San Miguel de Allende y sus alrededores.&nbsp;<\/p>\n<\/div>\n<\/div>\n\n\n\n<div class=\"wp-block-group is-layout-grid wp-container-core-group-is-layout-510ef126 wp-block-group-is-layout-grid\">\n<div class=\"wp-block-group has-border-color has-cyan-bluish-gray-border-color has-background is-vertical is-layout-flex wp-container-core-group-is-layout-fe9cc265 wp-block-group-is-layout-flex\" style=\"border-width:1px;background-color:#edfaff\">\n<h3 class=\"wp-block-heading\"><strong>\u00bfSab\u00edas qu\u00e9&#8230;<\/strong><\/h3>\n\n\n\n<p>En 2022, el 33.6% de la poblaci\u00f3n de 0 a 17 a\u00f1os en Guanajuato carec\u00eda de acceso a los servicios de salud, lo que representaba a 664.8 mil ni\u00f1as, ni\u00f1os y adolescentes.<\/p>\n\n\n\n<p>Fuente: CONEVAL, Medici\u00f3n de la pobreza 2016-2022.<\/p>\n<\/div>\n\n\n\n<div class=\"wp-block-group has-border-color has-cyan-bluish-gray-border-color has-background is-vertical is-layout-flex wp-container-core-group-is-layout-fe9cc265 wp-block-group-is-layout-flex\" style=\"border-width:1px;background-color:#ffedfa\">\n<h3 class=\"wp-block-heading\"><strong>Datos duros<\/strong><\/h3>\n\n\n\n<p>Ese a\u00f1o, Guanajuato se ubica como la decimonovena entidad con el mayor porcentaje de poblaci\u00f3n infantil y adolescente sin acceso a estos servicios.<\/p>\n\n\n\n<p>Fuente: CONEVAL, Medici\u00f3n de la pobreza 2016-2022.<\/p>\n<\/div>\n\n\n\n<div class=\"wp-block-group has-border-color has-cyan-bluish-gray-border-color has-background is-vertical is-layout-flex wp-container-core-group-is-layout-fe9cc265 wp-block-group-is-layout-flex\" style=\"border-width:1px;background-color:#ffedfa\">\n<h3 class=\"wp-block-heading\"><strong>Se requiere ayuda<\/strong><\/h3>\n\n\n\n<p>Entre 2020 y 2022, la carencia de acceso a servicios de salud en este grupo de edad aument\u00f3 en 9.1 puntos porcentuales, pasando del 24.5% al 33.6% en la entidad.<\/p>\n\n\n\n<p>Fuente: CONEVAL, Medici\u00f3n de la pobreza 2016-2022.<\/p>\n<\/div>\n<\/div>\n\n\n\n<div class=\"wp-block-group has-border-color has-cyan-bluish-gray-border-color has-background is-layout-constrained wp-block-group-is-layout-constrained\" style=\"border-width:1px;background-color:#edfffb\">\n<h2 class=\"wp-block-heading has-text-align-center\"><strong>Logros destacables de PSC<\/strong><\/h2>\n\n\n\n<p>Entre los logros m\u00e1s destacables de PSC en el \u00faltimo a\u00f1o, son los 47&nbsp; talleres impartidos sobre salud sexual integral como prevenci\u00f3n de embarazo adolescente, m\u00e9todos anticonceptivos en diferentes Centros Educativos y comunidades, con los cuales se ha logrado&nbsp; llegar a 2,754 j\u00f3venes.<\/p>\n\n\n\n<ul class=\"wp-block-list\">\n<li>1,231 personas j\u00f3venes estudiantes y madres de familia recibieron estas pl\u00e1ticas.<\/li>\n\n\n\n<li>Adem\u00e1s 977 personas recibieron orientaci\u00f3n y consejer\u00eda sobre salud sexual y reproductiva (SSR), por medio de ferias de salud, mesas informativas y redes sociales de las cuales el 24% fueron por medio de Whatsapp,recibimos 237 mensajes solicitando alg\u00fan tipo de orientaci\u00f3n relacionada con la SSR.<\/li>\n\n\n\n<li>Distribuimos 86,653 condones masculinos para 2,289 personas.<\/li>\n\n\n\n<li>Aplicamos 208 m\u00e9todos de larga duraci\u00f3n: 71 Dius y 137 implantes subd\u00e9rmicos&nbsp;de los cuales 47 o el 34% se aplicaron en colaboraci\u00f3n con CAISES San Miguel de Allende.<\/li>\n\n\n\n<li>Tomamos 243 muestras para Papanicolaou.<\/li>\n<\/ul>\n<\/div>\n\n\n\n<div class=\"wp-block-group has-border-color has-cyan-bluish-gray-border-color has-background is-layout-constrained wp-block-group-is-layout-constrained\" style=\"border-width:1px;background-color:#edfffb\">\n<h2 class=\"wp-block-heading has-text-align-center\"><strong>Siendo todos estos servicios totalmente gratuitos<\/strong><\/h2>\n<\/div>\n\n\n\n<p><\/p>\n","protected":false},"excerpt":{"rendered":"<p>Programa en Salud comunitaria (PSC) Es el primer programa de la Asociaci\u00f3n Civil, en 1981 se conform\u00f3 con un grupo de promotores j\u00f3venes de salud con&nbsp; la finalidad de brindar informaci\u00f3n de joven a joven&nbsp; sobre derechos sexuales y reproductivos para la toma de decisiones de la&nbsp; vida sexual de la poblaci\u00f3n m\u00e1s vulnerable, en [&hellip;]<\/p>\n","protected":false},"author":1,"featured_media":0,"parent":269,"menu_order":0,"comment_status":"closed","ping_status":"closed","template":"","meta":{"give_campaign_id":0,"_joinchat":[],"footnotes":""},"class_list":["post-277","page","type-page","status-publish","hentry"],"blocksy_meta":{"has_hero_section":"disabled","styles_descriptor":{"styles":{"desktop":"[data-prefix=\"single_page\"] {background-color:#ffffff;background-image:url(\"data:image\/svg+xml,%3Csvg width='100' height='20' viewBox='0 0 100 20' xmlns='http:\/\/www.w3.org\/2000\/svg'%3E%3Cpath d='M21.184 20c.357-.13.72-.264 1.088-.402l1.768-.661C33.64 15.347 39.647 14 50 14c10.271 0 15.362 1.222 24.629 4.928.955.383 1.869.74 2.75 1.072h6.225c-2.51-.73-5.139-1.691-8.233-2.928C65.888 13.278 60.562 12 50 12c-10.626 0-16.855 1.397-26.66 5.063l-1.767.662c-2.475.923-4.66 1.674-6.724 2.275h6.335zm0-20C13.258 2.892 8.077 4 0 4V2c5.744 0 9.951-.574 14.85-2h6.334zM77.38 0C85.239 2.966 90.502 4 100 4V2c-6.842 0-11.386-.542-16.396-2h-6.225zM0 14c8.44 0 13.718-1.21 22.272-4.402l1.768-.661C33.64 5.347 39.647 4 50 4c10.271 0 15.362 1.222 24.629 4.928C84.112 12.722 89.438 14 100 14v-2c-10.271 0-15.362-1.222-24.629-4.928C65.888 3.278 60.562 2 50 2 39.374 2 33.145 3.397 23.34 7.063l-1.767.662C13.223 10.84 8.163 12 0 12v2z' fill='%23e5e7ea' fill-opacity='1' fill-rule='evenodd'\/%3E%3C\/svg%3E\");}","tablet":"","mobile":""},"google_fonts":[],"version":6},"background":{"background_type":"pattern","background_pattern":"type-13","background_image":{"attachment_id":10598,"x":0,"y":0,"url":"https:\/\/casa.org.mx\/wp-content\/uploads\/2025\/03\/custom-condoms.webp"},"gradient":"linear-gradient(135deg,rgba(6,147,227,1) 0%,rgb(155,81,224) 100%)","background_repeat":"repeat","background_size":"contain","background_attachment":"fixed","patternColor":{"default":{"color":"#e5e7ea"}},"overlayColor":{"default":{"color":"CT_CSS_SKIP_RULE"}},"backgroundColor":{"default":{"color":"#ffffff"}}}},"campaignId":"","_links":{"self":[{"href":"https:\/\/casa.org.mx\/es\/wp-json\/wp\/v2\/pages\/277","targetHints":{"allow":["GET"]}}],"collection":[{"href":"https:\/\/casa.org.mx\/es\/wp-json\/wp\/v2\/pages"}],"about":[{"href":"https:\/\/casa.org.mx\/es\/wp-json\/wp\/v2\/types\/page"}],"author":[{"embeddable":true,"href":"https:\/\/casa.org.mx\/es\/wp-json\/wp\/v2\/users\/1"}],"replies":[{"embeddable":true,"href":"https:\/\/casa.org.mx\/es\/wp-json\/wp\/v2\/comments?post=277"}],"version-history":[{"count":20,"href":"https:\/\/casa.org.mx\/es\/wp-json\/wp\/v2\/pages\/277\/revisions"}],"predecessor-version":[{"id":10906,"href":"https:\/\/casa.org.mx\/es\/wp-json\/wp\/v2\/pages\/277\/revisions\/10906"}],"up":[{"embeddable":true,"href":"https:\/\/casa.org.mx\/es\/wp-json\/wp\/v2\/pages\/269"}],"wp:attachment":[{"href":"https:\/\/casa.org.mx\/es\/wp-json\/wp\/v2\/media?parent=277"}],"curies":[{"name":"wp","href":"https:\/\/api.w.org\/{rel}","templated":true}]}}